{"id":259503,"date":"2020-02-06T04:57:12","date_gmt":"2020-02-06T04:57:12","guid":{"rendered":"http:\/\/dabella.es\/?post_type=product&#038;p=259503"},"modified":"2021-10-11T15:21:13","modified_gmt":"2021-10-11T15:21:13","slug":"cadena-musical-micro-cadena-envio-urgente-24-horas","status":"publish","type":"product","link":"https:\/\/dabella.es\/?product=cadena-musical-micro-cadena-envio-urgente-24-horas","title":{"rendered":"Cadena Musical Micro Cadena \u00a8elbe\u00a8 env\u00edo gratis 24\/48 horas"},"content":{"rendered":"<p>Elegante y compacta microcadena Hi-Fi. Te sorprender\u00e1 el sonido de este peque\u00f1o equipo de sonido que es capaz de reproducir ficheros de MP3 y CD audio. Las m\u00faltiples opciones de reproducci\u00f3n MP3 de este modelo Elbe HI-FI-557-USB no te dejar\u00e1n sin alternativas para que puedas escuchar tus listas de audio preferidas. Podr\u00e1s reproducir tus listas almacenadas en USB, SD o en formato CD, tambi\u00e9n es posible reproducir directamente desde tu dispositivo MP3 o tablet PC a trav\u00e9s de su entrada de aux-in. La unidad CD de audio puede reproducir tanto los discos compactos con CDA, como los discos CD-R\/CD-RW de listas MP3.<\/p>\n<p>&nbsp;<\/p>\n","protected":false},"excerpt":{"rendered":"<p>Elegante y compacta microcadena Hi-Fi. Te sorprender\u00e1 el sonido de este peque\u00f1o equipo de sonido que es capaz de reproducir ficheros de MP3 y CD audio. Las m\u00faltiples opciones de reproducci\u00f3n MP3 de este modelo Elbe HI-FI-557-USB no te dejar\u00e1n sin alternativas para que puedas escuchar tus listas de audio preferidas. Podr\u00e1s reproducir tus listas almacenadas en USB, SD o en formato CD, tambi\u00e9n es posible reproducir directamente desde tu dispositivo MP3 o tablet PC a trav\u00e9s de su entrada de aux-in. La unidad CD de audio puede reproducir tanto los discos compactos con CDA, como los discos CD-R\/CD-RW de listas MP3.<\/p>\n","protected":false},"featured_media":259506,"comment_status":"open","ping_status":"closed","template":"","meta":{"_et_pb_use_builder":"","_et_pb_old_content":"","_et_gb_content_width":""},"product_cat":[35,54],"product_tag":[],"class_list":{"0":"post-259503","1":"product","2":"type-product","3":"status-publish","4":"has-post-thumbnail","6":"product_cat-pequenos-electrodomesticos","7":"product_cat-altavoces","9":"first","10":"outofstock","11":"taxable","12":"shipping-taxable","13":"purchasable","14":"product-type-simple"},"_links":{"self":[{"href":"https:\/\/dabella.es\/index.php?rest_route=\/wp\/v2\/product\/259503","targetHints":{"allow":["GET"]}}],"collection":[{"href":"https:\/\/dabella.es\/index.php?rest_route=\/wp\/v2\/product"}],"about":[{"href":"https:\/\/dabella.es\/index.php?rest_route=\/wp\/v2\/types\/product"}],"replies":[{"embeddable":true,"href":"https:\/\/dabella.es\/index.php?rest_route=%2Fwp%2Fv2%2Fcomments&post=259503"}],"wp:featuredmedia":[{"embeddable":true,"href":"https:\/\/dabella.es\/index.php?rest_route=\/wp\/v2\/media\/259506"}],"wp:attachment":[{"href":"https:\/\/dabella.es\/index.php?rest_route=%2Fwp%2Fv2%2Fmedia&parent=259503"}],"wp:term":[{"taxonomy":"product_cat","embeddable":true,"href":"https:\/\/dabella.es\/index.php?rest_route=%2Fwp%2Fv2%2Fproduct_cat&post=259503"},{"taxonomy":"product_tag","embeddable":true,"href":"https:\/\/dabella.es\/index.php?rest_route=%2Fwp%2Fv2%2Fproduct_tag&post=259503"}],"curies":[{"name":"wp","href":"https:\/\/api.w.org\/{rel}","templated":true}]}}