{"id":259564,"date":"2020-02-13T16:02:29","date_gmt":"2020-02-13T16:02:29","guid":{"rendered":"http:\/\/dabella.es\/?post_type=product&#038;p=259564"},"modified":"2021-10-11T15:20:57","modified_gmt":"2021-10-11T15:20:57","slug":"altavoz-bluetooth-portatil-oxygen-pulsion-8-2-con-micro","status":"publish","type":"product","link":"https:\/\/dabella.es\/?product=altavoz-bluetooth-portatil-oxygen-pulsion-8-2-con-micro","title":{"rendered":"Altavoz bluetooth port\u00e1til Oxygen Pulsion 8.2 con micro"},"content":{"rendered":"<p>Altavoz bluetooth port\u00e1til Oxygen Pulsion 8.2 \u00a0con Micr\u00f3fono<\/p>\n<p>Bater\u00eda recargable, Bluetooth, Cargador integrado, Control de volumen, Control remoto, Entrada de l\u00ednea, Micr\u00f3fono integrado<\/p>\n","protected":false},"excerpt":{"rendered":"<p>Altavoz bluetooth port\u00e1til Oxygen Pulsion 8.2 \u00a0con Micr\u00f3fono Bater\u00eda recargable, Bluetooth, Cargador integrado, Control de volumen, Control remoto, Entrada de l\u00ednea, Micr\u00f3fono integrado<\/p>\n","protected":false},"featured_media":259565,"comment_status":"open","ping_status":"closed","template":"","meta":{"_et_pb_use_builder":"","_et_pb_old_content":"","_et_gb_content_width":""},"product_cat":[54],"product_tag":[64,65,66],"class_list":{"0":"post-259564","1":"product","2":"type-product","3":"status-publish","4":"has-post-thumbnail","6":"product_cat-altavoces","7":"product_tag-altavoz","8":"product_tag-altavoz-bluetooth","9":"product_tag-altavoz-trolley","11":"first","12":"outofstock","13":"taxable","14":"shipping-taxable","15":"purchasable","16":"product-type-simple"},"_links":{"self":[{"href":"https:\/\/dabella.es\/index.php?rest_route=\/wp\/v2\/product\/259564","targetHints":{"allow":["GET"]}}],"collection":[{"href":"https:\/\/dabella.es\/index.php?rest_route=\/wp\/v2\/product"}],"about":[{"href":"https:\/\/dabella.es\/index.php?rest_route=\/wp\/v2\/types\/product"}],"replies":[{"embeddable":true,"href":"https:\/\/dabella.es\/index.php?rest_route=%2Fwp%2Fv2%2Fcomments&post=259564"}],"wp:featuredmedia":[{"embeddable":true,"href":"https:\/\/dabella.es\/index.php?rest_route=\/wp\/v2\/media\/259565"}],"wp:attachment":[{"href":"https:\/\/dabella.es\/index.php?rest_route=%2Fwp%2Fv2%2Fmedia&parent=259564"}],"wp:term":[{"taxonomy":"product_cat","embeddable":true,"href":"https:\/\/dabella.es\/index.php?rest_route=%2Fwp%2Fv2%2Fproduct_cat&post=259564"},{"taxonomy":"product_tag","embeddable":true,"href":"https:\/\/dabella.es\/index.php?rest_route=%2Fwp%2Fv2%2Fproduct_tag&post=259564"}],"curies":[{"name":"wp","href":"https:\/\/api.w.org\/{rel}","templated":true}]}}