{"id":259578,"date":"2020-02-13T16:37:28","date_gmt":"2020-02-13T16:37:28","guid":{"rendered":"http:\/\/dabella.es\/?post_type=product&#038;p=259578"},"modified":"2020-02-18T17:39:06","modified_gmt":"2020-02-18T17:39:06","slug":"camara-deportiva-denver-electronics-act-1015-sumergible-con-accesorios","status":"publish","type":"product","link":"https:\/\/dabella.es\/?product=camara-deportiva-denver-electronics-act-1015-sumergible-con-accesorios","title":{"rendered":"Camara Deportiva Denver Electronics ACT-1015 Sumergible Con Accesorios env\u00edo gratis 24\/48 horas"},"content":{"rendered":"<p>Denver Electronics ACT-1015 5MP HD CMOS c\u00e1mara para Deporte de acci\u00f3n &#8211; C\u00e1mara Deportiva (HD, 1280 x 720 Pixeles, 30 pps, 1280 x 720 Pixeles, CMOS, 1 MP)<\/p>\n<p align=\"left\">\u2022 C\u00e1mara de acci\u00f3n con resoluci\u00f3n hd<\/p>\n<p align=\"left\">\u2022 Resoluci\u00f3n de video: (1280720) 30fps m\u00e1ximo 29 minutos de grabaci\u00f3n por archivo<\/p>\n<p align=\"left\">\u2022 Pantalla tft de 2&#8243; para un f\u00e1cil ajuste<\/p>\n<p align=\"left\">\u2022 Resoluci\u00f3n de imagen &#8211; im\u00e1genes fijas: 5mp (2592&#215;1944)<\/p>\n<p align=\"left\">\u2022 Micr\u00f3fono incorporado memoria externa: tarjeta microsd arriba a 32 gb (no incluido) tiene que ser de clase 10<\/p>\n<p align=\"left\">\u2022 Conector micro usb para la carga bater\u00eda de litio recargable.: 400mah<\/p>\n<p align=\"left\">\u2022 Impermeable hasta 30 metros cuando est\u00e1 en carcasa impermeable (ipx 8)Denver electronics act-1015; tipo hd: hd, m\u00e1xima resoluci\u00f3n de video: 1280 x 720 pixeles, velocidad m\u00e1xima de cuadro: 30 pps; tipo de sensor: cmos, total de megapixeles: 1 mp, m\u00e1xima resoluci\u00f3n de imagen: 2592 x 1944 pixeles; pantalla: tft, diagonal de la pantalla: 5, 08 cm (2&#8243;). \u00e1ngulo de campo de visi\u00f3n (fov): 120\u00b0; unidad de almacenamiento: tarjeta de memoria, tarjetas de memoria compatibles: microsd (transflash), microsdhc, tama\u00f1o m\u00e1ximo de tarjeta de memoria: 32 gb exhibici\u00f3n -pantalla incorporada: si -pantalla: tft -diagonal de la pantalla: 5, 08 cm (2&#8243;) requisitos del sistema -sistema operativo windows soportado: si -sistema operativo mac soportado: si audio -micr\u00f3fono incorporado: si puertos e interfaces -cantidad de puertos usb 2. 0: 1 -conector usb: microusb sistema de lentes -\u00e1ngulo de campo de visi\u00f3n (fov): 120\u00b0 peso y dimensiones -ancho: 30 mm -profundidad: 60 mm -altura: 41 mm calidad de la imagen -tipo de sensor: cmos -total de megapixeles: 1 mp -modo fotograf\u00eda: si -m\u00e1xima resoluci\u00f3n de imagen: 2592 x 1944 pixeles control de energ\u00eda -tecnolog\u00eda de bater\u00eda: litio -capacidad de bater\u00eda: 400 mah -voltaje de la pila: 3, 7 v -tiempo de grabaci\u00f3n de video: 0, 5 h conexi\u00f3n -wifi: no &#8211; gps (sat\u00e9lite): no -bluetooth: no -comunicaci\u00f3n de campo cercano (nfc): no v\u00eddeo -tipo hd: hd -m\u00e1xima resoluci\u00f3n de video: 1280 x 720 pixeles -velocidad m\u00e1xima de cuadro: 30 pps -resoluciones de video: 1280 x 720 pixeles medios de almacenaje -unidad de almacenamiento: tarjeta de memoria -tarjetas de memoria compatibles: microsd (transflash), microsdhc -tama\u00f1o m\u00e1ximo de tarjeta de memoria: 32 gb empaquetado &#8211;<\/p>\n<p align=\"left\"><b>\u2022\u00a0<\/b><b>No enviamos a Ceuta y Melilla ni a las Islas<\/b>\u2028<b>-Es imprescindible tlf, nombre y direcci\u00f3n cuando se realiza la compra<\/b>\u2028<b>-Muchos de nuestros productos se envias por agencias de transporte y es necesario el tlf<\/b>\u2028<b>-Todos nuestros productos tienen garant\u00eda de fabricante ya que son\u00a0todos\u00a0 nuevos<\/b>\u2028<b>-Pudo haberse abierto para comprobar el correcto\u00a0funcionamiento y evitar devoluciones<\/b>\u2028<b>-Somos tienda 981795353 outlet dabella<\/b>\u2028<b>ENVIAM<\/b><\/p>\n","protected":false},"excerpt":{"rendered":"<p>Denver Electronics ACT-1015 5MP HD CMOS c\u00e1mara para Deporte de acci\u00f3n &#8211; C\u00e1mara Deportiva (HD, 1280 x 720 Pixeles, 30 pps, 1280 x 720 Pixeles, CMOS, 1 MP)<\/p>\n","protected":false},"featured_media":259579,"comment_status":"open","ping_status":"closed","template":"","meta":{"_et_pb_use_builder":"","_et_pb_old_content":"","_et_gb_content_width":""},"product_cat":[35],"product_tag":[],"class_list":{"0":"post-259578","1":"product","2":"type-product","3":"status-publish","4":"has-post-thumbnail","6":"product_cat-pequenos-electrodomesticos","8":"first","9":"instock","10":"taxable","11":"shipping-taxable","12":"purchasable","13":"product-type-simple"},"_links":{"self":[{"href":"https:\/\/dabella.es\/index.php?rest_route=\/wp\/v2\/product\/259578","targetHints":{"allow":["GET"]}}],"collection":[{"href":"https:\/\/dabella.es\/index.php?rest_route=\/wp\/v2\/product"}],"about":[{"href":"https:\/\/dabella.es\/index.php?rest_route=\/wp\/v2\/types\/product"}],"replies":[{"embeddable":true,"href":"https:\/\/dabella.es\/index.php?rest_route=%2Fwp%2Fv2%2Fcomments&post=259578"}],"wp:featuredmedia":[{"embeddable":true,"href":"https:\/\/dabella.es\/index.php?rest_route=\/wp\/v2\/media\/259579"}],"wp:attachment":[{"href":"https:\/\/dabella.es\/index.php?rest_route=%2Fwp%2Fv2%2Fmedia&parent=259578"}],"wp:term":[{"taxonomy":"product_cat","embeddable":true,"href":"https:\/\/dabella.es\/index.php?rest_route=%2Fwp%2Fv2%2Fproduct_cat&post=259578"},{"taxonomy":"product_tag","embeddable":true,"href":"https:\/\/dabella.es\/index.php?rest_route=%2Fwp%2Fv2%2Fproduct_tag&post=259578"}],"curies":[{"name":"wp","href":"https:\/\/api.w.org\/{rel}","templated":true}]}}