{"id":259681,"date":"2020-02-15T11:03:38","date_gmt":"2020-02-15T11:03:38","guid":{"rendered":"http:\/\/dabella.es\/?post_type=product&#038;p=259681"},"modified":"2023-12-05T17:59:12","modified_gmt":"2023-12-05T17:59:12","slug":"bascula-cocina-medisana-cristal-decoracion-frutas","status":"publish","type":"product","link":"https:\/\/dabella.es\/?product=bascula-cocina-medisana-cristal-decoracion-frutas","title":{"rendered":"B\u00c1SCULA COCINA MEDISANA CRISTAL DECORACI\u00d3N FRUTAS env\u00edo gratis 24\/48 horas"},"content":{"rendered":"<p>La b\u00e1scula digital Medisana KS-210 para cocina tiene funci\u00f3n de tara y es de bajo consumo energ\u00e9tico. Adem\u00e1s, se apaga autom\u00e1ticamente despu\u00e9s de usarla, para un uso m\u00e1s c\u00f3modo.<\/p>\n<p>Caracter\u00edsticas:<br \/>\n&#8211; Teclas t\u00e1ctiles<br \/>\n&#8211; Superficie de pesado: 22,4 x 18,4 cm<br \/>\n&#8211; Pantalla LCD: 5,5 x 2,5 cm<br \/>\n&#8211; Pr\u00e1ctica funci\u00f3n tara<br \/>\n&#8211; Soporta pesos de hasta 5 kg \/ 5000 ml<br \/>\n&#8211; Graduaciones: 1 g<br \/>\n&#8211; Indicador de peso: g, kg, ml, fl oz y libra onza<\/p>\n","protected":false},"excerpt":{"rendered":"<h1 id=\"title\" class=\"a-size-large a-spacing-none\"><span id=\"productTitle\" class=\"a-size-large\">B\u00e1scula de Cocina Digital con dise\u00f1o de Frutas Cristal, 22,4&#215;18,4&#215;1,7 cm<\/span><\/h1>\n","protected":false},"featured_media":259682,"comment_status":"open","ping_status":"closed","template":"","meta":{"_et_pb_use_builder":"","_et_pb_old_content":"","_et_gb_content_width":""},"product_cat":[53],"product_tag":[],"class_list":{"0":"post-259681","1":"product","2":"type-product","3":"status-publish","4":"has-post-thumbnail","6":"product_cat-para-la-cocina","7":"product_shipping_class-envio-48-horas","9":"first","10":"instock","11":"sale","12":"taxable","13":"shipping-taxable","14":"purchasable","15":"product-type-simple"},"_links":{"self":[{"href":"https:\/\/dabella.es\/index.php?rest_route=\/wp\/v2\/product\/259681","targetHints":{"allow":["GET"]}}],"collection":[{"href":"https:\/\/dabella.es\/index.php?rest_route=\/wp\/v2\/product"}],"about":[{"href":"https:\/\/dabella.es\/index.php?rest_route=\/wp\/v2\/types\/product"}],"replies":[{"embeddable":true,"href":"https:\/\/dabella.es\/index.php?rest_route=%2Fwp%2Fv2%2Fcomments&post=259681"}],"wp:featuredmedia":[{"embeddable":true,"href":"https:\/\/dabella.es\/index.php?rest_route=\/wp\/v2\/media\/259682"}],"wp:attachment":[{"href":"https:\/\/dabella.es\/index.php?rest_route=%2Fwp%2Fv2%2Fmedia&parent=259681"}],"wp:term":[{"taxonomy":"product_cat","embeddable":true,"href":"https:\/\/dabella.es\/index.php?rest_route=%2Fwp%2Fv2%2Fproduct_cat&post=259681"},{"taxonomy":"product_tag","embeddable":true,"href":"https:\/\/dabella.es\/index.php?rest_route=%2Fwp%2Fv2%2Fproduct_tag&post=259681"}],"curies":[{"name":"wp","href":"https:\/\/api.w.org\/{rel}","templated":true}]}}