{"id":259683,"date":"2020-02-15T11:16:42","date_gmt":"2020-02-15T11:16:42","guid":{"rendered":"http:\/\/dabella.es\/?post_type=product&#038;p=259683"},"modified":"2020-02-18T17:37:52","modified_gmt":"2020-02-18T17:37:52","slug":"envasadora-al-vacio-food-saver-ffs013x","status":"publish","type":"product","link":"https:\/\/dabella.es\/?product=envasadora-al-vacio-food-saver-ffs013x","title":{"rendered":"ENVASADORA AL VAC\u00cdO FOODSAVER FFS013X env\u00edo gratis 24\/48 horas"},"content":{"rendered":"<ul class=\"a-unordered-list a-vertical a-spacing-none\">\n<li><span class=\"a-list-item\">Potencia 0,6 bar<\/span><\/li>\n<li><span class=\"a-list-item\">2 niveles de envasado al vac\u00edo: fant\u00e1stico para alimentos h\u00famedos y secos, modo para alimentos delicados<\/span><\/li>\n<li><span class=\"a-list-item\">Bandeja escurridora antibacteriana, f\u00e1cil de limpiar. Se extrae f\u00e1cilmente y se puede lavar en lavavajillas<\/span><\/li>\n<li><span class=\"a-list-item\">De f\u00e1cil almacenamiento, se puede guardar en horizontal o vertical<\/span><\/li>\n<li><span class=\"a-list-item\">Incluye: 2 rollos de envasado al vac\u00edo de 28 cm \u00d7 3 metros, 10 bolsas de envasado al vac\u00edo de 0,94 l, 10 bolsas de envasado al vac\u00edo de 3,78 l y un tubo de vac\u00edo para tarros FoodSaver<\/span><\/li>\n<li>\n<h4 class=\"a-spacing-mini\">Frescura que dura hasta cinco veces m\u00e1s<\/h4>\n<h5 class=\"a-spacing-mini a-color-secondary\">Tu comida sar\u00e1 como reci\u00e9n comprada<\/h5>\n<p class=\"a-spacing-base\">Mantenga la comida fresco hasta cinco veces m\u00e1s tiempo con el sistema de envasado al vac\u00edo Foodsaver FFS012X que preserva la frescura y calidad de la comida, reduce el desperdicio y le ayuda a ahorrar en su cesta de la compra. El envasado al vac\u00edo elimina el aire de la comida, gracias a lo cual durar\u00e1 mucho m\u00e1s tiempo como reci\u00e9n comprada en la nevera, congelador o despensa. Ahora puede guardar su comida congelada por meses \u2013 e incluso a\u00f1os \u2013 sin miedo a que se queme, reduciendo notablemente el desperdicio en su hogar.<\/p>\n<\/li>\n<li><img decoding=\"async\" src=\"https:\/\/images-na.ssl-images-amazon.com\/images\/G\/30\/aplusautomation\/vendorimages\/2430f107-35dc-41eb-b022-7079a6e0ef71.jpg._CB485966428__SR970,300_.jpg\" \/><\/li>\n<\/ul>\n","protected":false},"excerpt":{"rendered":"<ul class=\"a-unordered-list a-vertical a-spacing-none\">\n<li><span class=\"a-list-item\">2 niveles de envasado al vac\u00edo: fant\u00e1stico para alimentos h\u00famedos y secos, modo para alimentos delicados<\/span><\/li>\n<li><span class=\"a-list-item\">Bandeja escurridora antibacteriana, f\u00e1cil de limpiar. Se extrae f\u00e1cilmente y se puede lavar en lavavajillas<\/span><\/li>\n<li><span class=\"a-list-item\">De f\u00e1cil almacenamiento, se puede guardar en horizontal o vertical<\/span><\/li>\n<li><span class=\"a-list-item\">Incluye: 2 rollos de envasado al vac\u00edo de 28 cm \u00d7 3 metros, 10 bolsas de envasado al vac\u00edo de 0,94 l, 10 bolsas de envasado al vac\u00edo de 3,78 l y un tubo de vac\u00edo para tarros FoodSaver<\/span><\/li>\n<\/ul>\n","protected":false},"featured_media":259686,"comment_status":"open","ping_status":"closed","template":"","meta":{"_et_pb_use_builder":"","_et_pb_old_content":"","_et_gb_content_width":""},"product_cat":[53],"product_tag":[],"class_list":{"0":"post-259683","1":"product","2":"type-product","3":"status-publish","4":"has-post-thumbnail","6":"product_cat-para-la-cocina","8":"first","9":"instock","10":"taxable","11":"shipping-taxable","12":"purchasable","13":"product-type-simple"},"_links":{"self":[{"href":"https:\/\/dabella.es\/index.php?rest_route=\/wp\/v2\/product\/259683","targetHints":{"allow":["GET"]}}],"collection":[{"href":"https:\/\/dabella.es\/index.php?rest_route=\/wp\/v2\/product"}],"about":[{"href":"https:\/\/dabella.es\/index.php?rest_route=\/wp\/v2\/types\/product"}],"replies":[{"embeddable":true,"href":"https:\/\/dabella.es\/index.php?rest_route=%2Fwp%2Fv2%2Fcomments&post=259683"}],"wp:featuredmedia":[{"embeddable":true,"href":"https:\/\/dabella.es\/index.php?rest_route=\/wp\/v2\/media\/259686"}],"wp:attachment":[{"href":"https:\/\/dabella.es\/index.php?rest_route=%2Fwp%2Fv2%2Fmedia&parent=259683"}],"wp:term":[{"taxonomy":"product_cat","embeddable":true,"href":"https:\/\/dabella.es\/index.php?rest_route=%2Fwp%2Fv2%2Fproduct_cat&post=259683"},{"taxonomy":"product_tag","embeddable":true,"href":"https:\/\/dabella.es\/index.php?rest_route=%2Fwp%2Fv2%2Fproduct_tag&post=259683"}],"curies":[{"name":"wp","href":"https:\/\/api.w.org\/{rel}","templated":true}]}}