{"id":259789,"date":"2020-02-17T21:09:21","date_gmt":"2020-02-17T21:09:21","guid":{"rendered":"https:\/\/dabella.es\/?post_type=product&#038;p=259789"},"modified":"2020-12-15T11:31:19","modified_gmt":"2020-12-15T11:31:19","slug":"bateria-de-cocina-7-pcs-cazos-y-ollas-induccion-aluminio","status":"publish","type":"product","link":"https:\/\/dabella.es\/?product=bateria-de-cocina-7-pcs-cazos-y-ollas-induccion-aluminio","title":{"rendered":"Bater\u00eda de cocina 7 pcs Cazos y Ollas Inducci\u00f3n Aluminio env\u00edo gratis 24\/48 horas"},"content":{"rendered":"<div id=\"ds_div\">\n<p><strong>Bater\u00eda de cocina 7 pcs Cazos y Ollas Inducci\u00f3n Aluminio prensado<\/strong><\/p>\n<p><span style=\"font-size: large;\"><br \/>\n<\/span>Bater\u00eda de cocina de 7 piezas, en aluminio prensado 2,5 mm., con un fant\u00e1stico color cobre exterior. Interior antiadherente en m\u00e1rmol, con un dise\u00f1o incre\u00edble, moteado en oro y plata. El juego se compone de una sart\u00e9n y 3 ollas con tapa, con pomos \u00absoft touch\u00bb siempre fr\u00edos y v\u00e1lvulas de escape para el vapor. Dimensiones: Sart\u00e9n \u00d826 x 6,5 cm; Ollas de \u00d816 x 7,5, \u00d820 x 9,5, y \u00d824 x 11.5 cm. Fondos, por supuesto, aptos para inducci\u00f3n.producto de primera calidad dise\u00f1ado y concebido para satisfacer a los clientes m\u00e1s exigentes<\/p>\n<\/div>\n","protected":false},"excerpt":{"rendered":"<p>Bater\u00eda de cocina de 7 piezas, en aluminio prensado 2,5 mm<\/p>\n<p>Sart\u00e9n \u00d826 x 6,5 cm; Ollas de \u00d816 x 7,5, \u00d820 x 9,5, y \u00d824 x 11.5 cm.<\/p>\n","protected":false},"featured_media":259790,"comment_status":"open","ping_status":"closed","template":"","meta":{"_et_pb_use_builder":"","_et_pb_old_content":"","_et_gb_content_width":""},"product_cat":[41],"product_tag":[],"class_list":{"0":"post-259789","1":"product","2":"type-product","3":"status-publish","4":"has-post-thumbnail","6":"product_cat-bazar-cocina","8":"first","9":"outofstock","10":"taxable","11":"shipping-taxable","12":"purchasable","13":"product-type-simple"},"_links":{"self":[{"href":"https:\/\/dabella.es\/index.php?rest_route=\/wp\/v2\/product\/259789","targetHints":{"allow":["GET"]}}],"collection":[{"href":"https:\/\/dabella.es\/index.php?rest_route=\/wp\/v2\/product"}],"about":[{"href":"https:\/\/dabella.es\/index.php?rest_route=\/wp\/v2\/types\/product"}],"replies":[{"embeddable":true,"href":"https:\/\/dabella.es\/index.php?rest_route=%2Fwp%2Fv2%2Fcomments&post=259789"}],"wp:featuredmedia":[{"embeddable":true,"href":"https:\/\/dabella.es\/index.php?rest_route=\/wp\/v2\/media\/259790"}],"wp:attachment":[{"href":"https:\/\/dabella.es\/index.php?rest_route=%2Fwp%2Fv2%2Fmedia&parent=259789"}],"wp:term":[{"taxonomy":"product_cat","embeddable":true,"href":"https:\/\/dabella.es\/index.php?rest_route=%2Fwp%2Fv2%2Fproduct_cat&post=259789"},{"taxonomy":"product_tag","embeddable":true,"href":"https:\/\/dabella.es\/index.php?rest_route=%2Fwp%2Fv2%2Fproduct_tag&post=259789"}],"curies":[{"name":"wp","href":"https:\/\/api.w.org\/{rel}","templated":true}]}}