{"id":259795,"date":"2020-02-17T21:24:14","date_gmt":"2020-02-17T21:24:14","guid":{"rendered":"https:\/\/dabella.es\/?post_type=product&#038;p=259795"},"modified":"2020-12-15T11:31:10","modified_gmt":"2020-12-15T11:31:10","slug":"teclado-y-raton-inalambricos-logitech-mk235-2-4ghz-alcance-36metros","status":"publish","type":"product","link":"https:\/\/dabella.es\/?product=teclado-y-raton-inalambricos-logitech-mk235-2-4ghz-alcance-36metros","title":{"rendered":"TECLADO Y RAT\u00d3N INAL\u00c1MBRICOS LOGITECH MK235 2.4GHz ALCANCE 36METROS env\u00edo gratis 24\/48 horas"},"content":{"rendered":"<p>Duraci\u00f3n de pilas prolongada<br \/>\nEscribe hasta tres a\u00f1os entre cambios de pilas y usa el rat\u00f3n hasta un a\u00f1o antes de tener que cambiar la pila.<br \/>\nLa predicci\u00f3n de tres a\u00f1os de duraci\u00f3n de las pilas se basa en aproximadamente dos millones de pulsaciones por a\u00f1o en un entrono empresarial. Como con todas las pilas, tu experiencia puede variar dependiendo del uso y del equipo.<\/p>\n<h2>Fabricado para durar<\/h2>\n<p>Construcci\u00f3n duradera con patas inclinables robustas y dise\u00f1o resistente a salpicaduras. Tratamiento antidesgaste en cada tecla para que las letras no desaparezcan nunca de las teclas.<\/p>\n<h2>Tecnolog\u00eda inal\u00e1mbrica fiable<\/h2>\n<p>Basta con que conectes el min\u00fasculo receptor USB para empezar a disfrutar de una conexi\u00f3n estable sin retrasos. Tu teclado y rat\u00f3n inal\u00e1mbricos seguir\u00e1n conectados hasta a 10 metros (33 ft) de distancia.<br \/>\nSi bien las condiciones ambientales pueden causar ligeras variaciones en el radio de acci\u00f3n, siempre tendr\u00e1s la conexi\u00f3n que necesitas.<\/p>\n<h2>Especificaciones t\u00e9cnicas<\/h2>\n<p>&nbsp;<\/p>\n<ul>\n<li>\n<h2>Requisitos del sistema<\/h2>\n<\/li>\n<li>Windows\u00ae 7, Windows 8, Windows 10 o posterior<\/li>\n<li>Chrome OS\u0099<\/li>\n<li>Linux\u00ae kernel 2.6+<\/li>\n<li>Puerto USB<\/li>\n<li>\n<h2>Dimensiones<\/h2>\n<\/li>\n<li>\n<h2>Teclado<\/h2>\n<ul>\n<li>Altura: 137,5 mm (5,41 in)<\/li>\n<li>Anchura: 435,5 mm (17,15 in)<\/li>\n<li>Profundidad: 20,5 mm (0,81 in)<\/li>\n<li>Peso: 475 g (16,75 lb) con 2 pilas AAA<\/li>\n<li>Peso: 425 g (15,0 oz) sin pilas<br \/>\n<h2>Rat\u00f3n<\/h2>\n<ul>\n<li>Altura: 97,7 mm (3,85 in)<\/li>\n<li>Anchura: 61,5 mm (2,42 in)<\/li>\n<li>Profundidad: 35,2 mm (1,39 in)<\/li>\n<li>Peso: 70,5 g (2,49 oz)<\/li>\n<\/ul>\n<\/li>\n<li>\n<h2>Nano receptor<\/h2>\n<ul>\n<li>Altura: 18,7 mm (0,74 in)<\/li>\n<li>Anchura: 14,4 mm (0,57 in)<\/li>\n<li>Profundidad: 6,6 mm (0,24 in)<\/li>\n<li>Peso: 2,0 g (0,07 oz)<\/li>\n<\/ul>\n<\/li>\n<li>\n<h2>Contenido de la caja<\/h2>\n<ul>\n<li>Teclado<\/li>\n<li>Rat\u00f3n<\/li>\n<li>Receptor inal\u00e1mbrico<\/li>\n<li>Documentaci\u00f3n del usuario<\/li>\n<li>2 AAA pilas para teclado<\/li>\n<li>1 AA pila para rat\u00f3n<\/li>\n<\/ul>\n<\/li>\n<li><\/li>\n<\/ul>\n<\/li>\n<\/ul>\n","protected":false},"excerpt":{"rendered":"<h2>Teclado con rat\u00f3n inalambricos<\/h2>\n<ul>\n<li>Tipo de conexi\u00f3n: Protocolo no unifying Logitech (2,4 GHz) con nano receptor USB<\/li>\n<li>Radio de acci\u00f3n inal\u00e1mbrico: 10 metros \/ 33 pies<\/li>\n<li>Cifrado inal\u00e1mbrico: AES (Advanced Encryption Standard) de 128 bits entre dispositivos y receptor<\/li>\n<li>Software compatible: Logitech SetPoint<\/li>\n<li>Teclado<\/li>\n<li>Teclas planas<\/li>\n<li>Altura de teclado ajustable<\/li>\n<li>Pila: 2 x AAA<\/li>\n<li>Duraci\u00f3n de las pilas (no recargables): 36 meses<\/li>\n<li>Botones\/Teclas especiales: 15 teclas de funci\u00f3n accesibles a trav\u00e9s de la tecla \u00abfn\u00bb<\/li>\n<li>Rat\u00f3n<\/li>\n<li>Conexi\u00f3n\/alimentaci\u00f3n: Bot\u00f3n de encendido\/apagado<\/li>\n<li>Tecnolog\u00eda de sensor: Seguimiento \u00f3ptico avanzado<\/li>\n<li>Pila: 1 x AA<\/li>\n<li>Duraci\u00f3n de las pilas (no recargables): 12 meses<\/li>\n<\/ul>\n","protected":false},"featured_media":259796,"comment_status":"open","ping_status":"closed","template":"","meta":{"_et_pb_use_builder":"","_et_pb_old_content":"","_et_gb_content_width":""},"product_cat":[52],"product_tag":[],"class_list":{"0":"post-259795","1":"product","2":"type-product","3":"status-publish","4":"has-post-thumbnail","6":"product_cat-teclados","8":"first","9":"outofstock","10":"taxable","11":"shipping-taxable","12":"purchasable","13":"product-type-simple"},"_links":{"self":[{"href":"https:\/\/dabella.es\/index.php?rest_route=\/wp\/v2\/product\/259795","targetHints":{"allow":["GET"]}}],"collection":[{"href":"https:\/\/dabella.es\/index.php?rest_route=\/wp\/v2\/product"}],"about":[{"href":"https:\/\/dabella.es\/index.php?rest_route=\/wp\/v2\/types\/product"}],"replies":[{"embeddable":true,"href":"https:\/\/dabella.es\/index.php?rest_route=%2Fwp%2Fv2%2Fcomments&post=259795"}],"wp:featuredmedia":[{"embeddable":true,"href":"https:\/\/dabella.es\/index.php?rest_route=\/wp\/v2\/media\/259796"}],"wp:attachment":[{"href":"https:\/\/dabella.es\/index.php?rest_route=%2Fwp%2Fv2%2Fmedia&parent=259795"}],"wp:term":[{"taxonomy":"product_cat","embeddable":true,"href":"https:\/\/dabella.es\/index.php?rest_route=%2Fwp%2Fv2%2Fproduct_cat&post=259795"},{"taxonomy":"product_tag","embeddable":true,"href":"https:\/\/dabella.es\/index.php?rest_route=%2Fwp%2Fv2%2Fproduct_tag&post=259795"}],"curies":[{"name":"wp","href":"https:\/\/api.w.org\/{rel}","templated":true}]}}