{"id":259893,"date":"2020-02-18T16:51:28","date_gmt":"2020-02-18T16:51:28","guid":{"rendered":"https:\/\/dabella.es\/?post_type=product&#038;p=259893"},"modified":"2020-02-18T17:33:24","modified_gmt":"2020-02-18T17:33:24","slug":"exprimidor-4-naranjas-cecotec-envio-gratis-24-48-horas","status":"publish","type":"product","link":"https:\/\/dabella.es\/?product=exprimidor-4-naranjas-cecotec-envio-gratis-24-48-horas","title":{"rendered":"EXPRIMIDOR 4 NARANJAS CECOTEC env\u00edo gratis 24\/48 horas"},"content":{"rendered":"<ul>\n<li>Turboexprimidor de naranjas de doble cabezal.<\/li>\n<li>Exprime dos mitades de naranja a la vez.<\/li>\n<li>Incluye un cortador de c\u00edtricos en la tapa.<\/li>\n<li>Corte y exprimido de dos mitades de naranja con un solo aplique de presi\u00f3n.<\/li>\n<li>M\u00e1s r\u00e1pido, sencillo y limpio que los exprimidores convencionales.<\/li>\n<li>F\u00e1cil de limpiar.<\/li>\n<li>Apto para lavavajillas.<\/li>\n<li>Vaso extra\u00edble de 500 ml con filtro para la pulpa.<\/li>\n<li>Tiene ventosas para aportar estabilidad y un espacio para guardar el cable.<\/li>\n<li>90 W de potencia.<\/li>\n<\/ul>\n","protected":false},"excerpt":{"rendered":"<p>El turboexprimidor es una versi\u00f3n evolucionada del\u00a0<strong>exprimidor de naranjas<\/strong>\u00a0de toda la vida, pero exprime las naranjas enteras a la vez al tener doble cabezal. Adem\u00e1s, incorpora cortador en la tapa, resultando m\u00e1s r\u00e1pido, f\u00e1cil y c\u00f3modo que nunca.<\/p>\n<p>&nbsp;<\/p>\n","protected":false},"featured_media":259895,"comment_status":"open","ping_status":"closed","template":"","meta":{"_et_pb_use_builder":"","_et_pb_old_content":"","_et_gb_content_width":""},"product_cat":[53],"product_tag":[],"class_list":{"0":"post-259893","1":"product","2":"type-product","3":"status-publish","4":"has-post-thumbnail","6":"product_cat-para-la-cocina","8":"first","9":"instock","10":"taxable","11":"shipping-taxable","12":"purchasable","13":"product-type-simple"},"_links":{"self":[{"href":"https:\/\/dabella.es\/index.php?rest_route=\/wp\/v2\/product\/259893","targetHints":{"allow":["GET"]}}],"collection":[{"href":"https:\/\/dabella.es\/index.php?rest_route=\/wp\/v2\/product"}],"about":[{"href":"https:\/\/dabella.es\/index.php?rest_route=\/wp\/v2\/types\/product"}],"replies":[{"embeddable":true,"href":"https:\/\/dabella.es\/index.php?rest_route=%2Fwp%2Fv2%2Fcomments&post=259893"}],"wp:featuredmedia":[{"embeddable":true,"href":"https:\/\/dabella.es\/index.php?rest_route=\/wp\/v2\/media\/259895"}],"wp:attachment":[{"href":"https:\/\/dabella.es\/index.php?rest_route=%2Fwp%2Fv2%2Fmedia&parent=259893"}],"wp:term":[{"taxonomy":"product_cat","embeddable":true,"href":"https:\/\/dabella.es\/index.php?rest_route=%2Fwp%2Fv2%2Fproduct_cat&post=259893"},{"taxonomy":"product_tag","embeddable":true,"href":"https:\/\/dabella.es\/index.php?rest_route=%2Fwp%2Fv2%2Fproduct_tag&post=259893"}],"curies":[{"name":"wp","href":"https:\/\/api.w.org\/{rel}","templated":true}]}}