{"id":259898,"date":"2020-02-18T17:05:54","date_gmt":"2020-02-18T17:05:54","guid":{"rendered":"https:\/\/dabella.es\/?post_type=product&#038;p=259898"},"modified":"2023-12-05T17:58:26","modified_gmt":"2023-12-05T17:58:26","slug":"259898","status":"publish","type":"product","link":"https:\/\/dabella.es\/?product=259898","title":{"rendered":"BATER\u00cdA EXTERNA 4000 mAh 2,1A KSIX env\u00edo grat\u00eds 24\/48 horas"},"content":{"rendered":"<p>Informaci\u00f3n del producto<br \/>\nBater\u00eda auxiliar Ksix con cable Micro USB-USB<br \/>\nLongitud cable: 30 cm<br \/>\nCapacidad: 4000 mAh<br \/>\nBater\u00eda de ion-litio<br \/>\nPar\u00e1metros de entrada: 5V, 1500 mA<br \/>\nPar\u00e1metros de salida: 5.1V 2100 mA<br \/>\nDimensiones 20.3 x 39 x 92 mm<br \/>\nPeso 137 g<br \/>\nMaterial PC y Aluminio<br \/>\nCompatible: Smartphones, Tablets, Reproductores MP3, etc.<br \/>\nCompatible con dispositivos Apple si se utiliza un cable de carga USB a 30 Pins o Lightning (cable Apple no incluido)<br \/>\nDisponible en varios colores<\/p>\n","protected":false},"excerpt":{"rendered":"<p>Bater\u00eda auxiliar Power Bank con cable Micro USB a USB. La entrada USB se conecta a la bater\u00eda auxiliar para recargarla y la salida micro USB al dispositivo m\u00f3vil para cargarlo.<\/p>\n<p>El cable tiene una longitud de 30cm.<\/p>\n<p>La bater\u00eda de Li-Ion tiene capacidad de 4000mAh, con la que obtendr\u00e1 una carga completa y r\u00e1pida est\u00e9 donde est\u00e9.<\/p>\n<p>Compatible con cualquier dispositivo con conexi\u00f3n micro USB.<\/p>\n<p>Tambi\u00e9n es compatible con dispositivos Apple si se utiliza un cable de carga USB a 30 Pins o Lightning (cable Apple no incluido)<\/p>\n<p>Por su tama\u00f1o es ideal para viajes o eventos de larga duraci\u00f3n.<\/p>\n<p>-Garant\u00eda de 2 a\u00f1os<\/p>\n<p>-Plazo de devoluci\u00f3n: 15 d\u00edas<\/p>\n","protected":false},"featured_media":259900,"comment_status":"open","ping_status":"closed","template":"","meta":{"_et_pb_use_builder":"","_et_pb_old_content":"","_et_gb_content_width":""},"product_cat":[59],"product_tag":[],"class_list":{"0":"post-259898","1":"product","2":"type-product","3":"status-publish","4":"has-post-thumbnail","6":"product_cat-baterias","7":"product_shipping_class-envio-48-horas","9":"first","10":"instock","11":"taxable","12":"shipping-taxable","13":"purchasable","14":"product-type-simple"},"_links":{"self":[{"href":"https:\/\/dabella.es\/index.php?rest_route=\/wp\/v2\/product\/259898","targetHints":{"allow":["GET"]}}],"collection":[{"href":"https:\/\/dabella.es\/index.php?rest_route=\/wp\/v2\/product"}],"about":[{"href":"https:\/\/dabella.es\/index.php?rest_route=\/wp\/v2\/types\/product"}],"replies":[{"embeddable":true,"href":"https:\/\/dabella.es\/index.php?rest_route=%2Fwp%2Fv2%2Fcomments&post=259898"}],"wp:featuredmedia":[{"embeddable":true,"href":"https:\/\/dabella.es\/index.php?rest_route=\/wp\/v2\/media\/259900"}],"wp:attachment":[{"href":"https:\/\/dabella.es\/index.php?rest_route=%2Fwp%2Fv2%2Fmedia&parent=259898"}],"wp:term":[{"taxonomy":"product_cat","embeddable":true,"href":"https:\/\/dabella.es\/index.php?rest_route=%2Fwp%2Fv2%2Fproduct_cat&post=259898"},{"taxonomy":"product_tag","embeddable":true,"href":"https:\/\/dabella.es\/index.php?rest_route=%2Fwp%2Fv2%2Fproduct_tag&post=259898"}],"curies":[{"name":"wp","href":"https:\/\/api.w.org\/{rel}","templated":true}]}}