{"id":259909,"date":"2020-02-18T17:26:09","date_gmt":"2020-02-18T17:26:09","guid":{"rendered":"https:\/\/dabella.es\/?post_type=product&#038;p=259909"},"modified":"2020-12-15T11:29:33","modified_gmt":"2020-12-15T11:29:33","slug":"lg-49lk5900pla-smart-tv-recogida-en-tienda","status":"publish","type":"product","link":"https:\/\/dabella.es\/?product=lg-49lk5900pla-smart-tv-recogida-en-tienda","title":{"rendered":"LG 49LK5900PLA SMART TV (recogida en tienda)"},"content":{"rendered":"<h2>Especificaciones LG 49LK5900PLA<\/h2>\n<ul>\n<li><strong>Exhibici\u00f3n<\/strong>\n<ul>\n<li>Diagonal de la pantalla: 124,5 cm (49&#8243;)<\/li>\n<\/ul>\n<ul>\n<li>Tipo HD: Full HD<\/li>\n<\/ul>\n<ul>\n<li>3D: No<\/li>\n<\/ul>\n<ul>\n<li>Resoluci\u00f3n de la pantalla: 1920 x 1080 Pixeles<\/li>\n<\/ul>\n<ul>\n<li>Tecnolog\u00eda de visualizaci\u00f3n: LED<\/li>\n<\/ul>\n<ul>\n<li>Forma de la pantalla: Plana<\/li>\n<\/ul>\n<ul>\n<li>Tecnolog\u00eda de interpolaci\u00f3n de movimiento: TruMotion 100 Hz<\/li>\n<\/ul>\n<ul>\n<li>Tipo de retroiluminaci\u00f3n LED: Direct-LED BLU<\/li>\n<\/ul>\n<ul>\n<li>Formato de v\u00eddeo soportado: 1080p<\/li>\n<\/ul>\n<ul>\n<li>Formatos gr\u00e1ficos soportados: 1920 x 1080 (HD 1080)<\/li>\n<\/ul>\n<ul>\n<li>Diagonal de pantalla: 123 cm<\/li>\n<\/ul>\n<\/li>\n<\/ul>\n<ul>\n<li><strong>Audio<\/strong>\n<ul>\n<li>Altavoces incorporados: Si<\/li>\n<\/ul>\n<ul>\n<li>Potencia estimada RMS: 10 W<\/li>\n<\/ul>\n<\/li>\n<\/ul>\n<ul>\n<li><strong>Puertos e Interfaces<\/strong>\n<ul>\n<li>N\u00famero de puertos HDMI: 2<\/li>\n<\/ul>\n<ul>\n<li>Ethernet LAN (RJ-45) cantidad de puertos: 1<\/li>\n<\/ul>\n<ul>\n<li>Cantidad de puertos USB 2.0: 1<\/li>\n<\/ul>\n<ul>\n<li>Video componente (YPbPr\/YCbCr) entrada: 1<\/li>\n<\/ul>\n<ul>\n<li>Entrada de video compuesto: 1<\/li>\n<\/ul>\n<ul>\n<li>Interfaz com\u00fan: Si<\/li>\n<\/ul>\n<ul>\n<li>Canal de retorno de audio (ARC): Si<\/li>\n<\/ul>\n<ul>\n<li>Audio digital, salida optica: 1<\/li>\n<\/ul>\n<ul>\n<li>N\u00famero de puertos RF: 2<\/li>\n<\/ul>\n<ul>\n<li>Control de electr\u00f3nica de consumo (CEC): SimpLink<\/li>\n<\/ul>\n<\/li>\n<\/ul>\n<ul>\n<li><strong>Peso y dimensiones<\/strong>\n<ul>\n<li>Ancho: 1110 mm<\/li>\n<\/ul>\n<ul>\n<li>Profundidad: 81 mm<\/li>\n<\/ul>\n<ul>\n<li>Altura: 650 mm<\/li>\n<\/ul>\n<ul>\n<li>Peso: 11,3 kg<\/li>\n<\/ul>\n<ul>\n<li>Ancho del dispositivo (con soporte): 1110 mm<\/li>\n<\/ul>\n<ul>\n<li>Profundidad dispositivo (con soporte): 235 mm<\/li>\n<\/ul>\n<ul>\n<li>Altura del dispositivo (con soporte): 705 mm<\/li>\n<\/ul>\n<ul>\n<li>Peso con stand: 11,4 kg<\/li>\n<\/ul>\n<\/li>\n<\/ul>\n<ul>\n<li><strong>Control de energ\u00eda<\/strong>\n<ul>\n<li>Clase de eficiencia de energ\u00eda: A+<\/li>\n<\/ul>\n<ul>\n<li>Consumo de energ\u00eda anual: 94 kWh<\/li>\n<\/ul>\n<ul>\n<li>Consumo energ\u00e9tico: 68 W<\/li>\n<\/ul>\n<ul>\n<li>Consumo de energ\u00eda (inactivo): 0,5 W<\/li>\n<\/ul>\n<ul>\n<li>Voltaje de entrada AC: 100 &#8211; 240<\/li>\n<\/ul>\n<ul>\n<li>Frecuencia de entrada AC: 50\/60<\/li>\n<\/ul>\n<ul>\n<li>Modo de ahorro de energ\u00eda: Si<\/li>\n<\/ul>\n<\/li>\n<\/ul>\n<ul>\n<li><strong>Conexi\u00f3n<\/strong>\n<ul>\n<li>Wifi: Si<\/li>\n<\/ul>\n<ul>\n<li>Ethernet: Si<\/li>\n<\/ul>\n<ul>\n<li>Wi-Fi est\u00e1ndares: IEEE 802.11ac<\/li>\n<\/ul>\n<ul>\n<li>Wi-Fi Direct: Si<\/li>\n<\/ul>\n<ul>\n<li>Navegador web: Si<\/li>\n<\/ul>\n<\/li>\n<\/ul>\n<ul>\n<li><strong>Sintonizador de la TV<\/strong>\n<ul>\n<li>Tipo de sintonizador: Anal\u00f3gico y digital<\/li>\n<\/ul>\n<ul>\n<li>Formato de se\u00f1al digital: DVB-C,DVB-S2,DVB-T2<\/li>\n<\/ul>\n<\/li>\n<\/ul>\n<ul>\n<li><strong>Caracter\u00edsticas de administraci\u00f3n<\/strong>\n<ul>\n<li>Gu\u00eda electr\u00f3nica de programaci\u00f3n: Si<\/li>\n<\/ul>\n<ul>\n<li>Periodo de programaci\u00f3n: 8 d\u00eda(s)<\/li>\n<\/ul>\n<ul>\n<li>Exhibici\u00f3n en pantalla (OSD): Si<\/li>\n<\/ul>\n<ul>\n<li>N\u00famero de lenguajes OSD: 36<\/li>\n<\/ul>\n<ul>\n<li>Funci\u00f3n My Channel: Si<\/li>\n<\/ul>\n<\/li>\n<\/ul>\n<ul>\n<li><strong>Contenido del embalaje<\/strong>\n<ul>\n<li>Mando a distancia: Si<\/li>\n<\/ul>\n<ul>\n<li>Pilas incluidas: Si<\/li>\n<\/ul>\n<\/li>\n<\/ul>\n<ul>\n<li><strong>Dise\u00f1o<\/strong>\n<ul>\n<li>Color del producto: Negro<\/li>\n<\/ul>\n<ul>\n<li>montaje VESA: Si<\/li>\n<\/ul>\n<ul>\n<li>Interfaces de montaje VESA: 300 x 300 mm<\/li>\n<\/ul>\n<\/li>\n<\/ul>\n<ul>\n<li><strong>Desempe\u00f1o<\/strong>\n<ul>\n<li>Im\u00e1genes de alto rango din\u00e1mico (HDRI): Si<\/li>\n<\/ul>\n<ul>\n<li>Reducci\u00f3n de ruido: Si<\/li>\n<\/ul>\n<ul>\n<li>N\u00famero de n\u00facleos de procesador: 4<\/li>\n<\/ul>\n<\/li>\n<\/ul>\n<ul>\n<li><strong>Smart TV<\/strong>\n<ul>\n<li>Smart TV: Si<\/li>\n<\/ul>\n<ul>\n<li>Sistema operativo instalado: Web OS<\/li>\n<\/ul>\n<ul>\n<li>Grabaci\u00f3n diferida (timeshift): Si<\/li>\n<\/ul>\n<ul>\n<li>App Store: LG Content Store<\/li>\n<\/ul>\n<\/li>\n<\/ul>\n","protected":false},"excerpt":{"rendered":"<p>El primer\u00a0<strong>Smart TV con inteligencia artificial<\/strong>\u00a0(google assistant), m\u00e1s f\u00e1cil y seguro. Procesador Quad Core de 10 bits, analiza cada fotograma para mejorar cada imagen. LED con resoluci\u00f3n Full HD.<\/p>\n<ul>\n<li><strong>Full HD 1080P<\/strong>\u00a0Mira programas de televisi\u00f3n y pel\u00edculas con una aut\u00e9ntica nitidez de alta definici\u00f3n 1080p. Las im\u00e1genes son claras y llenas de peque\u00f1os detalles que se pierden en resoluciones m\u00e1s bajas.<\/li>\n<li><strong>Dynamic Color<\/strong>\u00a0Con Dynamic Color, los 6 colores incluido el color RGB son m\u00e1s v\u00edvidos y m\u00e1s claros. Esta moderna tecnolog\u00eda de procesamiento del color presenta una imagen natural.<\/li>\n<li><strong>El coraz\u00f3n de la aut\u00e9ntica imagen<\/strong>\u00a0El procesador Quad Core trabaja incansablemente para reducir el ruido que distrae, mejorar la nitidez incluso en las im\u00e1genes con resoluci\u00f3n m\u00e1s baja y aumentarla hasta obtener una calidad de imagen cercana a 4K<\/li>\n<li><strong>Active HDR para una escena realista<\/strong>\u00a0HDR (Alto Rango Din\u00e1mico) es el nuevo est\u00e1ndar para la calidad de imagen. Ofrece detalles delicados y colores reales con un rango de contraste m\u00e1s amplio. El LG UHD TV admite m\u00faltiples formatos HDR incluidos HDR10 Pro y HLG Pro.<\/li>\n<li><strong>Sonido envolvente virtual<\/strong>\u00a0El efectos de sonido envolvente de LG parece recrear los sonidos. Vive los acontecimientos que te rodean utilizando \u00fanicamente los altavoces del TV, sin ning\u00fan otro dispositivo necesario.<\/li>\n<li><strong>Entretenimiento dom\u00e9stico inmersivo<\/strong>\u00a0Conecta tus dispositivos de entretenimiento y disfruta de una gran variedad de contenidos, tales como juegos y pel\u00edculas, en tu TV.<\/li>\n<li><strong>Entrada y salida avanzadas<\/strong>\u00a0Gracias a los bordes met\u00e1licos elegantes, el dise\u00f1o es a\u00fan m\u00e1s deslumbrante y con un toque m\u00e1s moderno.-S\u00f3lo disponibles para comprar y recoger en cualquiera de nuestros establecimientos\n<p>-Puede consultar disponibilidad previamente por whatsapp, correo, tel\u00e9fono\u2026<\/p>\n<p>-Garant\u00eda de 2 a\u00f1os<\/li>\n<\/ul>\n","protected":false},"featured_media":259911,"comment_status":"open","ping_status":"closed","template":"","meta":{"_et_pb_use_builder":"","_et_pb_old_content":"","_et_gb_content_width":""},"product_cat":[109],"product_tag":[],"class_list":{"0":"post-259909","1":"product","2":"type-product","3":"status-publish","4":"has-post-thumbnail","6":"product_cat-deshumidificadores","8":"first","9":"outofstock","10":"taxable","11":"shipping-taxable","12":"purchasable","13":"product-type-simple"},"_links":{"self":[{"href":"https:\/\/dabella.es\/index.php?rest_route=\/wp\/v2\/product\/259909","targetHints":{"allow":["GET"]}}],"collection":[{"href":"https:\/\/dabella.es\/index.php?rest_route=\/wp\/v2\/product"}],"about":[{"href":"https:\/\/dabella.es\/index.php?rest_route=\/wp\/v2\/types\/product"}],"replies":[{"embeddable":true,"href":"https:\/\/dabella.es\/index.php?rest_route=%2Fwp%2Fv2%2Fcomments&post=259909"}],"wp:featuredmedia":[{"embeddable":true,"href":"https:\/\/dabella.es\/index.php?rest_route=\/wp\/v2\/media\/259911"}],"wp:attachment":[{"href":"https:\/\/dabella.es\/index.php?rest_route=%2Fwp%2Fv2%2Fmedia&parent=259909"}],"wp:term":[{"taxonomy":"product_cat","embeddable":true,"href":"https:\/\/dabella.es\/index.php?rest_route=%2Fwp%2Fv2%2Fproduct_cat&post=259909"},{"taxonomy":"product_tag","embeddable":true,"href":"https:\/\/dabella.es\/index.php?rest_route=%2Fwp%2Fv2%2Fproduct_tag&post=259909"}],"curies":[{"name":"wp","href":"https:\/\/api.w.org\/{rel}","templated":true}]}}