{"id":259940,"date":"2020-02-18T18:29:26","date_gmt":"2020-02-18T18:29:26","guid":{"rendered":"https:\/\/dabella.es\/?post_type=product&#038;p=259940"},"modified":"2023-11-24T11:10:08","modified_gmt":"2023-11-24T11:10:08","slug":"lavadoras-10-kg-1400-1600-rpm-desde-375e","status":"publish","type":"product","link":"https:\/\/dabella.es\/?product=lavadoras-10-kg-1400-1600-rpm-desde-375e","title":{"rendered":"Lavadora Candy 10 kg 1400   369\u20ac"},"content":{"rendered":"<pre><em><strong><span style=\"color: #ff0000;\">***CONSULTAR POR WHATSAPP DISPONIBILIDAD Y PRECIO DE ENV\u00cdO ANTES DE REALIZAR LA COMPRA***<\/span><\/strong><\/em>\r\n<em><strong><span style=\"color: #ff0000;\"> (ZONAS DE ENTREGA LA CORU\u00d1A Y ALREDEDORES)<\/span><\/strong><\/em><\/pre>\n<h1 class=\"product-header__name\">Candy Smart Cs 14102de \/ 1-s Lavadora Carga Frontal 10 Kg 1400 Rpm E Blanco<\/h1>\n","protected":false},"excerpt":{"rendered":"<div class=\"inpage_selector_info\">\n<div class=\"flix-std-info\">\n<div id=\"flix-selector-2-info\" class=\"flix-std-table\">\n<div class=\"flix-std-clmn-lg-6 flix-std-clmn-lg-pull-0 flix-std-clmn-xs-12 flix-std-clmn-xs-pull-0 flix-std-table-cell flix-pad-10\">\n<div class=\"flix-std-content\">\n<pre><em><strong><span style=\"color: #ff0000;\">***CONSULTAR POR WHATSAPP DISPONIBILIDAD Y PRECIO DE ENV\u00cdO ANTES DE REALIZAR LA COMPRA***<\/span><\/strong><\/em>\r\n<em><strong><span style=\"color: #ff0000;\"> (ZONAS DE ENTREGA LA CORU\u00d1A Y ALREDEDORES)<\/span><\/strong><\/em><\/pre>\n<div class=\"flix-std-desc flix-d-p\">Smart es la soluci\u00f3n. Candy cree en la importancia de disfrutar tu vida, por eso la nueva gama de lavadoras est\u00e1 dise\u00f1ada para lavar tus prendas de forma f\u00e1cil e inteligente, simplificando tu d\u00eda. Para que puedas tener m\u00e1s tiempo para ti y para lo que m\u00e1s amas. Deja que Candy te ayude en el d\u00eda a d\u00eda con la colada: los resultados ser\u00e1n simplemente sorprendentes. Luz verde para mayor comodidad y facilidad de uso: no m\u00e1s p\u00e9rdida de tiempo, energ\u00eda, dinero ni esfuerzos. Aprovecha los beneficios que supone tener la escotilla m\u00e1s alta: ya no tendr\u00e1s que forzar m\u00e1s la espalda para cargar la ropa. Las lavadoras Candy Smart tambi\u00e9n son electrodom\u00e9sticos inteligentes: obt\u00e9n los beneficios de la conectividad NFC* que ayuda a mejorar tu experiencia con la colada, de manera f\u00e1cil y directa desde tu smartphone.<br \/>\n*compatible con smartphones Android equipados con tecnolog\u00eda NFC.<\/div>\n<\/div>\n<\/div>\n<\/div>\n<\/div>\n<\/div>\n<div class=\"inpage_selector_feature\">\n<div class=\"flix-std-container-fluid\">\n<div class=\"flix-std-section-title flix-text-center flix-d-h2\">CARACTER\u00cdSTICAS<\/div>\n<div class=\"flix-std-featureslist\">\n<div class=\"flix-features-alternating\">\n<div class=\"flix-std-table\">\n<div class=\"flix-std-clmn-lg-6 flix-std-clmn-xs-12 flix-std-table-cell\">\n<div class=\"flix-feature-image\"><img decoding=\"async\" src=\"https:\/\/media.flixcar.com\/delivery\/static\/inpage\/9\/images\/loading.gif\" srcset=\"\/\/media.flixcar.com\/f360cdn\/Candy-67868126-241_5101.jpg\" alt=\"\" data-flixsrcset=\"\/\/media.flixcar.com\/f360cdn\/Candy-67868126-241_5101.jpg 200w, \/\/media.flixcar.com\/f360cdn\/Candy-67868126-241_5101.jpg 400w, \/\/media.flixcar.com\/f360cdn\/Candy-67868126-241_5101.jpg 600w, \/\/media.flixcar.com\/f360cdn\/Candy-67868126-241_5101.jpg 800w, \/\/media.flixcar.com\/f360cdn\/Candy-67868126-241_5101.jpg 1000w\" data-sizes=\"auto\" \/><\/div>\n<\/div>\n<div class=\"flix-std-clmn-lg-6 flix-std-clmn-xs-12 flix-std-table-cell\">\n<div class=\"flix-std-content\">\n<div class=\"flix-std-title flix-d-h3\">ALARGA LA VIDA \u00daTIL DE TU LAVADORA<\/div>\n<div class=\"flix-std-desc flix-d-p\">La funci\u00f3n Smart check-up ofrece consejos de mantenimiento simples para conseguir una mayor eficiencia. Te ayuda a mantener tu electrodom\u00e9stico bajo control, controlando su estado. En caso de error o fallo, su gu\u00eda smart te ayuda a identificar la mejor soluci\u00f3n para que lo puedas solventar por tu cuenta.<\/div>\n<\/div>\n<\/div>\n<\/div>\n<div class=\"flix-std-table\">\n<div class=\"flix-std-clmn-lg-6 flix-std-clmn-lg-push-6 flix-std-clmn-xs-12 flix-std-clmn-xs-push-0 flix-std-table-cell\">\n<div class=\"flix-feature-image\"><img decoding=\"async\" src=\"https:\/\/media.flixcar.com\/delivery\/static\/inpage\/9\/images\/loading.gif\" srcset=\"\/\/media.flixcar.com\/f360cdn\/Candy-67868120-241_5103.jpg\" alt=\"\" data-flixsrcset=\"\/\/media.flixcar.com\/f360cdn\/Candy-67868120-241_5103.jpg 200w, \/\/media.flixcar.com\/f360cdn\/Candy-67868120-241_5103.jpg 400w, \/\/media.flixcar.com\/f360cdn\/Candy-67868120-241_5103.jpg 600w, \/\/media.flixcar.com\/f360cdn\/Candy-67868120-241_5103.jpg 800w, \/\/media.flixcar.com\/f360cdn\/Candy-67868120-241_5103.jpg 1000w\" data-sizes=\"auto\" \/><\/div>\n<\/div>\n<div class=\"flix-std-clmn-lg-6 flix-std-clmn-lg-pull-6 flix-std-clmn-xs-12 flix-std-clmn-xs-pull-0 flix-std-table-cell\">\n<div class=\"flix-std-content\">\n<div class=\"flix-std-title flix-d-h3\">MANT\u00c9N TODO BAJO CONTROL<\/div>\n<div class=\"flix-std-desc flix-d-p\">Con My Statistics puedes controlar los programas usados con mayor frecuencia y aprender a optimizar tus h\u00e1bitos de lavado.<\/div>\n<\/div>\n<\/div>\n<\/div>\n<div class=\"flix-std-table\">\n<div class=\"flix-std-clmn-lg-6 flix-std-clmn-xs-12 flix-std-table-cell\">\n<div class=\"flix-feature-image\"><img decoding=\"async\" src=\"https:\/\/media.flixcar.com\/delivery\/static\/inpage\/9\/images\/loading.gif\" srcset=\"\/\/media.flixcar.com\/f360cdn\/Candy-96927407-777_7027.jpg\" alt=\"\" data-flixsrcset=\"\/\/media.flixcar.com\/f360cdn\/Candy-96927407-777_7027.jpg 200w, \/\/media.flixcar.com\/f360cdn\/Candy-96927407-777_7027.jpg 400w, \/\/media.flixcar.com\/f360cdn\/Candy-96927407-777_7027.jpg 600w, \/\/media.flixcar.com\/f360cdn\/Candy-96927407-777_7027.jpg 800w, \/\/media.flixcar.com\/f360cdn\/Candy-96927407-777_7027.jpg 1000w\" data-sizes=\"auto\" \/><\/div>\n<\/div>\n<div class=\"flix-std-clmn-lg-6 flix-std-clmn-xs-12 flix-std-table-cell\">\n<div class=\"flix-std-content\">\n<div class=\"flix-std-title flix-d-h3\">LOS CONSEJOS ADECUADOS PARA UN LAVADO PERFECTO<\/div>\n<div class=\"flix-std-desc flix-d-p\">\n<p>La nueva funci\u00f3n de lavado guiado paso a paso hace que la colada sea m\u00e1s f\u00e1cil que nunca! Elige el programa que se adapte a tus necesidades introduciendo el tejido y el tipo de ropa, el nivel de suciedad, el color y las manchas. \u00a1La App te dir\u00e1 cu\u00e1l es el mejor programa y s\u00f3lo tendr\u00e1s que iniciarlo! \u00a1<\/p>\n<p>Adem\u00e1s, podr\u00e1s acceder a \u00fatiles consejos de lavado sobre detergentes, etiquetas y mucho m\u00e1s!<\/p>\n<\/div>\n<\/div>\n<\/div>\n<\/div>\n<div class=\"flix-std-table\">\n<div class=\"flix-std-clmn-lg-6 flix-std-clmn-lg-push-6 flix-std-clmn-xs-12 flix-std-clmn-xs-push-0 flix-std-table-cell\">\n<div class=\"flix-feature-image\"><img decoding=\"async\" src=\"https:\/\/media.flixcar.com\/delivery\/static\/inpage\/9\/images\/loading.gif\" srcset=\"\/\/media.flixcar.com\/f360cdn\/Candy-67868126-241_5101.jpg\" alt=\"\" data-flixsrcset=\"\/\/media.flixcar.com\/f360cdn\/Candy-67868126-241_5101.jpg 200w, \/\/media.flixcar.com\/f360cdn\/Candy-67868126-241_5101.jpg 400w, \/\/media.flixcar.com\/f360cdn\/Candy-67868126-241_5101.jpg 600w, \/\/media.flixcar.com\/f360cdn\/Candy-67868126-241_5101.jpg 800w, \/\/media.flixcar.com\/f360cdn\/Candy-67868126-241_5101.jpg 1000w\" data-sizes=\"auto\" \/><\/div>\n<\/div>\n<div class=\"flix-std-clmn-lg-6 flix-std-clmn-lg-pull-6 flix-std-clmn-xs-12 flix-std-clmn-xs-pull-0 flix-std-table-cell\">\n<div class=\"flix-std-content\">\n<div class=\"flix-std-title flix-d-h3\">ADAPTADA A TODAS LAS NECESIDADES DE LAVADO<\/div>\n<div class=\"flix-std-desc flix-d-p\">Descarga los ciclos Smart que se adapten mejor a tu estilo de vida y accede a programas adicionales para cuidar de tus prendas de la mejor forma.<\/div>\n<\/div>\n<\/div>\n<\/div>\n<div class=\"flix-std-table\">\n<div class=\"flix-std-clmn-lg-6 flix-std-clmn-xs-12 flix-std-table-cell\">\n<div class=\"flix-feature-image\"><img decoding=\"async\" src=\"https:\/\/media.flixcar.com\/delivery\/static\/inpage\/9\/images\/loading.gif\" srcset=\"\/\/media.flixcar.com\/f360cdn\/Candy-57633263-777_2521.jpg\" alt=\"\" data-flixsrcset=\"\/\/media.flixcar.com\/f360cdn\/Candy-57633263-777_2521.jpg 200w, \/\/media.flixcar.com\/f360cdn\/Candy-57633263-777_2521.jpg 400w, \/\/media.flixcar.com\/f360cdn\/Candy-57633263-777_2521.jpg 600w, \/\/media.flixcar.com\/f360cdn\/Candy-57633263-777_2521.jpg 800w, \/\/media.flixcar.com\/f360cdn\/Candy-57633263-777_2521.jpg 1000w\" data-sizes=\"auto\" \/><\/div>\n<\/div>\n<div class=\"flix-std-clmn-lg-6 flix-std-clmn-xs-12 flix-std-table-cell\">\n<div class=\"flix-std-content\">\n<div class=\"flix-std-title flix-d-h3\">MEJORA TU EXPERIENCIA DE LAVADO<\/div>\n<div class=\"flix-std-desc flix-d-p\">Smart Touch es la tecnolog\u00eda de conectividad y \u00abproximidad\u00bb de Candy. En funci\u00f3n del producto, puede enriquecerse con otras funciones, ofrece trucos para mejorar la experiencia con el dispositivo y ofrece una gu\u00eda para la resoluci\u00f3n de incidencias, directamente desde tu smartphone.<br \/>\n*La interacci\u00f3n con el producto solo es posible con smartphones Android equipados con tecnolog\u00eda NFC.<\/div>\n<\/div>\n<\/div>\n<\/div>\n<div class=\"flix-std-table\">\n<div class=\"flix-std-clmn-lg-6 flix-std-clmn-lg-push-6 flix-std-clmn-xs-12 flix-std-clmn-xs-push-0 flix-std-table-cell\">\n<div class=\"flix-feature-image\"><img decoding=\"async\" src=\"https:\/\/media.flixcar.com\/delivery\/static\/inpage\/9\/images\/loading.gif\" srcset=\"\/\/media.flixcar.com\/f360cdn\/Candy-57633263-777_2521.jpg\" alt=\"\" data-flixsrcset=\"\/\/media.flixcar.com\/f360cdn\/Candy-57633263-777_2521.jpg 200w, \/\/media.flixcar.com\/f360cdn\/Candy-57633263-777_2521.jpg 400w, \/\/media.flixcar.com\/f360cdn\/Candy-57633263-777_2521.jpg 600w, \/\/media.flixcar.com\/f360cdn\/Candy-57633263-777_2521.jpg 800w, \/\/media.flixcar.com\/f360cdn\/Candy-57633263-777_2521.jpg 1000w\" data-sizes=\"auto\" \/><\/div>\n<\/div>\n<div class=\"flix-std-clmn-lg-6 flix-std-clmn-lg-pull-6 flix-std-clmn-xs-12 flix-std-clmn-xs-pull-0 flix-std-table-cell\">\n<div class=\"flix-std-content\">\n<div class=\"flix-std-title flix-d-h3\">MEJORA TU EXPERIENCIA DE LAVADO<\/div>\n<div class=\"flix-std-desc flix-d-p\">Smart Touch es la tecnolog\u00eda de conectividad de \u00abproximidad\u00bb de Candy. Dependiendo del modelo, puedes agregar funciones adicionales, como consejos \u00fatiles para mejorar tu experiencia con tu dispositivo y guiarte a trav\u00e9s de la gu\u00eda para solucionar problemas, directamente desde tu smartphone.<br \/>\n* La interacci\u00f3n con el producto solo es posible con smartphones Android equipados con tecnolog\u00eda NFC<\/div>\n<\/div>\n<\/div>\n<\/div>\n<div class=\"flix-std-table\">\n<div class=\"flix-std-clmn-lg-6 flix-std-clmn-xs-12 flix-std-table-cell\">\n<div class=\"flix-feature-image\"><img decoding=\"async\" src=\"https:\/\/media.flixcar.com\/delivery\/static\/inpage\/9\/images\/loading.gif\" srcset=\"\/\/media.flixcar.com\/f360cdn\/Candy-57631344-777_2482.jpg\" alt=\"\" data-flixsrcset=\"\/\/media.flixcar.com\/f360cdn\/Candy-57631344-777_2482.jpg 200w, \/\/media.flixcar.com\/f360cdn\/Candy-57631344-777_2482.jpg 400w, \/\/media.flixcar.com\/f360cdn\/Candy-57631344-777_2482.jpg 600w, \/\/media.flixcar.com\/f360cdn\/Candy-57631344-777_2482.jpg 800w, \/\/media.flixcar.com\/f360cdn\/Candy-57631344-777_2482.jpg 1000w\" data-sizes=\"auto\" \/><\/div>\n<\/div>\n<div class=\"flix-std-clmn-lg-6 flix-std-clmn-xs-12 flix-std-table-cell\">\n<div class=\"flix-std-content\">\n<div class=\"flix-std-title flix-d-h3\">REDUCE EL CONSUMO EL\u00c9CTRICO<\/div>\n<div class=\"flix-std-desc flix-d-p\">Nuestros electrodom\u00e9sticos minimizan la cantidad de electricidad utilizada, reduciendo su consumo. Los sensores de peso detectan el tama\u00f1o de la carga y ajustan autom\u00e1ticamente la cantidad de agua y electricidad utilizada. \u00a1Con nuestros electrodom\u00e9sticos, una media carga requiere hasta un 70% menos de agua, tiempo y electricidad!<\/div>\n<\/div>\n<\/div>\n<\/div>\n<div class=\"flix-std-table\">\n<div class=\"flix-std-clmn-lg-6 flix-std-clmn-lg-push-6 flix-std-clmn-xs-12 flix-std-clmn-xs-push-0 flix-std-table-cell\">\n<div class=\"flix-feature-image\"><img decoding=\"async\" src=\"https:\/\/media.flixcar.com\/delivery\/static\/inpage\/9\/images\/loading.gif\" srcset=\"\/\/media.flixcar.com\/f360cdn\/Candy-57631368-777_2483.jpg\" alt=\"\" data-flixsrcset=\"\/\/media.flixcar.com\/f360cdn\/Candy-57631368-777_2483.jpg 200w, \/\/media.flixcar.com\/f360cdn\/Candy-57631368-777_2483.jpg 400w, \/\/media.flixcar.com\/f360cdn\/Candy-57631368-777_2483.jpg 600w, \/\/media.flixcar.com\/f360cdn\/Candy-57631368-777_2483.jpg 800w, \/\/media.flixcar.com\/f360cdn\/Candy-57631368-777_2483.jpg 1000w\" data-sizes=\"auto\" \/><\/div>\n<\/div>\n<div class=\"flix-std-clmn-lg-6 flix-std-clmn-lg-pull-6 flix-std-clmn-xs-12 flix-std-clmn-xs-pull-0 flix-std-table-cell\">\n<div class=\"flix-std-content\">\n<div class=\"flix-std-title flix-d-h3\">AHORRA TIEMPO CON CICLOS R\u00c1PIDOS<\/div>\n<div class=\"flix-std-desc flix-d-p\">La mejor combinaci\u00f3n de tiempo y rendimiento. Las lavadoras Candy permiten elegir entre cuatro ciclos de menos de una hora 100% efectivos.<\/div>\n<\/div>\n<\/div>\n<\/div>\n<div class=\"flix-std-table\">\n<div class=\"flix-std-clmn-lg-6 flix-std-clmn-xs-12 flix-std-table-cell\">\n<div class=\"flix-feature-image\"><img decoding=\"async\" src=\"https:\/\/media.flixcar.com\/delivery\/static\/inpage\/9\/images\/loading.gif\" srcset=\"\/\/media.flixcar.com\/f360cdn\/Candy-57631362-777_2488.jpg\" alt=\"\" data-flixsrcset=\"\/\/media.flixcar.com\/f360cdn\/Candy-57631362-777_2488.jpg 200w, \/\/media.flixcar.com\/f360cdn\/Candy-57631362-777_2488.jpg 400w, \/\/media.flixcar.com\/f360cdn\/Candy-57631362-777_2488.jpg 600w, \/\/media.flixcar.com\/f360cdn\/Candy-57631362-777_2488.jpg 800w, \/\/media.flixcar.com\/f360cdn\/Candy-57631362-777_2488.jpg 1000w\" data-sizes=\"auto\" \/><\/div>\n<\/div>\n<div class=\"flix-std-clmn-lg-6 flix-std-clmn-xs-12 flix-std-table-cell\">\n<div class=\"flix-std-content\">\n<div class=\"flix-std-title flix-d-h3\">M\u00c1XIMA FLEXIBILIDAD<\/div>\n<div class=\"flix-std-desc flix-d-p\">Con el inicio diferido, la colada estar\u00e1 lista justo cuando la desees. Te permite programar el inicio del ciclo de lavado con un retraso m\u00e1ximo de 24 horas. Se acabaron las preocupaciones por los olores desagradables de la ropa que se crean en el interior del tambor. Ahorra energ\u00eda programando la colada a las horas en que el coste de la electricidad sea m\u00e1s conveniente.<\/div>\n<\/div>\n<\/div>\n<\/div>\n<div class=\"flix-std-table\">\n<div class=\"flix-std-clmn-lg-6 flix-std-clmn-lg-push-6 flix-std-clmn-xs-12 flix-std-clmn-xs-push-0 flix-std-table-cell\">\n<div class=\"flix-feature-image\"><img decoding=\"async\" src=\"https:\/\/media.flixcar.com\/delivery\/static\/inpage\/9\/images\/loading.gif\" srcset=\"\/\/media.flixcar.com\/f360cdn\/Candy-57631450-777_2445.jpg\" alt=\"\" data-flixsrcset=\"\/\/media.flixcar.com\/f360cdn\/Candy-57631450-777_2445.jpg 200w, \/\/media.flixcar.com\/f360cdn\/Candy-57631450-777_2445.jpg 400w, \/\/media.flixcar.com\/f360cdn\/Candy-57631450-777_2445.jpg 600w, \/\/media.flixcar.com\/f360cdn\/Candy-57631450-777_2445.jpg 800w, \/\/media.flixcar.com\/f360cdn\/Candy-57631450-777_2445.jpg 1000w\" data-sizes=\"auto\" \/><\/div>\n<\/div>\n<div class=\"flix-std-clmn-lg-6 flix-std-clmn-lg-pull-6 flix-std-clmn-xs-12 flix-std-clmn-xs-pull-0 flix-std-table-cell\">\n<div class=\"flix-std-content\">\n<div class=\"flix-std-title flix-d-h3\">RESUELVE TODAS LAS DUDAS DE LAVADO<\/div>\n<div class=\"flix-std-desc flix-d-p\">Ofrecemos una colecci\u00f3n completa de consejos y sugerencias Smart para ahorrar tiempo y dinero y conseguir una colada perfecta.<\/div>\n<\/div>\n<\/div>\n<\/div>\n<\/div>\n<\/div>\n<\/div>\n<\/div>\n<div class=\"inpage_selector_gallery\">\n<div class=\"flix-std-section-title flix-text-center flix-d-h2\">GALER\u00cdA DE IM\u00c1GENES<\/div>\n<div class=\"flix-std-container-fluid\">\n<div class=\"fl1xcarousel-wrapper\">\n<div class=\"fl1xcarousel\" data-fl1xcarousel=\"true\">\n<ul>\n<li><img decoding=\"async\" src=\"https:\/\/media.flixcar.com\/delivery\/static\/inpage\/9\/images\/loading.gif\" srcset=\"\/\/media.flixcar.com\/f360cdn\/Candy-79031389-1_31010467_09_01_f_cs2014102de1-s-M.jpg\" alt=\"\" data-flixsrcset=\"\/\/media.flixcar.com\/f360cdn\/Candy-79031389-1_31010467_09_01_f_cs2014102de1-s-M.jpg 200w, \/\/media.flixcar.com\/f360cdn\/Candy-79031389-1_31010467_09_01_f_cs2014102de1-s-M.jpg 400w, \/\/media.flixcar.com\/f360cdn\/Candy-79031389-1_31010467_09_01_f_cs2014102de1-s-M.jpg 600w, \/\/media.flixcar.com\/f360cdn\/Candy-79031389-1_31010467_09_01_f_cs2014102de1-s-M.jpg 800w, \/\/media.flixcar.com\/f360cdn\/Candy-79031389-1_31010467_09_01_f_cs2014102de1-s-M.jpg 1000w\" data-sizes=\"auto\" \/><\/li>\n<li><img decoding=\"async\" src=\"https:\/\/media.flixcar.com\/delivery\/static\/inpage\/9\/images\/loading.gif\" srcset=\"\/\/media.flixcar.com\/f360cdn\/Candy-79031402-1_31010467_09_02_l_cs2014102de1-s-M.jpg\" alt=\"\" data-flixsrcset=\"\/\/media.flixcar.com\/f360cdn\/Candy-79031402-1_31010467_09_02_l_cs2014102de1-s-M.jpg 200w, \/\/media.flixcar.com\/f360cdn\/Candy-79031402-1_31010467_09_02_l_cs2014102de1-s-M.jpg 400w, \/\/media.flixcar.com\/f360cdn\/Candy-79031402-1_31010467_09_02_l_cs2014102de1-s-M.jpg 600w, \/\/media.flixcar.com\/f360cdn\/Candy-79031402-1_31010467_09_02_l_cs2014102de1-s-M.jpg 800w, \/\/media.flixcar.com\/f360cdn\/Candy-79031402-1_31010467_09_02_l_cs2014102de1-s-M.jpg 1000w\" data-sizes=\"auto\" \/><\/li>\n<li><img decoding=\"async\" src=\"https:\/\/media.flixcar.com\/delivery\/static\/inpage\/9\/images\/loading.gif\" alt=\"\" data-flixsrcset=\"\/\/media.flixcar.com\/f360cdn\/Candy-79031420-1_31010467_09_03_l_cs2014102de1-s-M.jpg 200w, \/\/media.flixcar.com\/f360cdn\/Candy-79031420-1_31010467_09_03_l_cs2014102de1-s-M.jpg 400w, \/\/media.flixcar.com\/f360cdn\/Candy-79031420-1_31010467_09_03_l_cs2014102de1-s-M.jpg 600w, \/\/media.flixcar.com\/f360cdn\/Candy-79031420-1_31010467_09_03_l_cs2014102de1-s-M.jpg 800w, \/\/media.flixcar.com\/f360cdn\/Candy-79031420-1_31010467_09_03_l_cs2014102de1-s-M.jpg 1000w\" data-sizes=\"auto\" \/><\/li>\n<li><img decoding=\"async\" src=\"https:\/\/media.flixcar.com\/delivery\/static\/inpage\/9\/images\/loading.gif\" alt=\"\" data-flixsrcset=\"\/\/media.flixcar.com\/f360cdn\/Candy-79031433-1_31010467_09_05_p_cs2014102de1-s-M.jpg 200w, \/\/media.flixcar.com\/f360cdn\/Candy-79031433-1_31010467_09_05_p_cs2014102de1-s-M.jpg 400w, \/\/media.flixcar.com\/f360cdn\/Candy-79031433-1_31010467_09_05_p_cs2014102de1-s-M.jpg 600w, \/\/media.flixcar.com\/f360cdn\/Candy-79031433-1_31010467_09_05_p_cs2014102de1-s-M.jpg 800w, \/\/media.flixcar.com\/f360cdn\/Candy-79031433-1_31010467_09_05_p_cs2014102de1-s-M.jpg 1000w\" data-sizes=\"auto\" \/><\/li>\n<\/ul>\n<\/div>\n<p><a class=\"fl1xcarousel-control-prev\" href=\"https:\/\/www.carrefour.es\/candy-smart-cs-14102de-1-s-lavadora-carga-frontal-10-kg-1400-rpm-e-blanco\/8059019004686\/p?gclid=Cj0KCQiA1NebBhDDARIsAANiDD1UhHPBtqEnfpXpt0JdUrExscm2b2IZLxFr-1owjkwemz_-MlHySJUaAtVzEALw_wcB&amp;gclsrc=aw.ds#\" data-fl1xcarouselcontrol=\"true\">&lt;<\/a><a class=\"fl1xcarousel-control-next\" href=\"https:\/\/www.carrefour.es\/candy-smart-cs-14102de-1-s-lavadora-carga-frontal-10-kg-1400-rpm-e-blanco\/8059019004686\/p?gclid=Cj0KCQiA1NebBhDDARIsAANiDD1UhHPBtqEnfpXpt0JdUrExscm2b2IZLxFr-1owjkwemz_-MlHySJUaAtVzEALw_wcB&amp;gclsrc=aw.ds#\" data-fl1xcarouselcontrol=\"true\">&gt;<\/a><\/p>\n<\/div>\n<\/div>\n<\/div>\n<div class=\"inpage_selector_specification\">\n<div class=\"flix-std-container-fluid\">\n<div class=\"flix-std-section-title flix-text-center flix-d-h2\">ESPECIFICACIONES<\/div>\n<div class=\"flix-std-row\">\n<div class=\"flix-technical-specs-container\">\n<table class=\"flix-std-specs-table\">\n<thead>\n<tr>\n<th class=\"flix-d-h3\" colspan=\"2\">CARACTER\u00cdSTICAS PRINCIPALES<\/th>\n<\/tr>\n<\/thead>\n<tbody class=\"flix-tbody\">\n<tr>\n<td class=\"flix-d-h6\">Nombre del producto \/ C\u00f3digo Comercial<\/td>\n<td class=\"flix-d-p\">CS 14102DE\/1-S<\/td>\n<\/tr>\n<tr>\n<td class=\"flix-d-h6\">C\u00f3digo de producto<\/td>\n<td class=\"flix-d-p\">31010467<\/td>\n<\/tr>\n<tr>\n<td class=\"flix-d-h6\">C\u00f3digo EAN<\/td>\n<td class=\"flix-d-p\">8059019004686<\/td>\n<\/tr>\n<tr>\n<td class=\"flix-d-h6\">Integraci\u00f3n \/ Libre Instalaci\u00f3n<\/td>\n<td class=\"flix-d-p\">Libre instalaci\u00f3n<\/td>\n<\/tr>\n<tr>\n<td class=\"flix-d-h6\">Tipo de carga<\/td>\n<td class=\"flix-d-p\">Frontal<\/td>\n<\/tr>\n<tr>\n<td class=\"flix-d-h6\">Capacidad para algod\u00f3n (kg)<\/td>\n<td class=\"flix-d-p\">10<\/td>\n<\/tr>\n<tr>\n<td class=\"flix-d-h6\">Velocidad m\u00e1xima de centrifugado (rpm)<\/td>\n<td class=\"flix-d-p\">1400<\/td>\n<\/tr>\n<\/tbody>\n<\/table>\n<table class=\"flix-std-specs-table\">\n<thead>\n<tr>\n<th class=\"flix-d-h3\" colspan=\"2\">CARACTER\u00cdSTICAS T\u00c9CNICAS<\/th>\n<\/tr>\n<\/thead>\n<tbody class=\"flix-tbody\">\n<tr>\n<td class=\"flix-d-h6\">Conectividad<\/td>\n<td class=\"flix-d-p\">Contenidos Smart y control de proximidad (NFC)<\/td>\n<\/tr>\n<tr>\n<td class=\"flix-d-h6\">App IOT<\/td>\n<td class=\"flix-d-p\">simply-Fi<\/td>\n<\/tr>\n<tr>\n<td class=\"flix-d-h6\">Motor<\/td>\n<td class=\"flix-d-p\">AC<\/td>\n<\/tr>\n<tr>\n<td class=\"flix-d-h6\">Volumen del tambor<\/td>\n<td class=\"flix-d-p\">62<\/td>\n<\/tr>\n<tr>\n<td class=\"flix-d-h6\">Material del tambor<\/td>\n<td class=\"flix-d-p\">Acero Inoxidable<\/td>\n<\/tr>\n<tr>\n<td class=\"flix-d-h6\">Tipo de enchufe<\/td>\n<td class=\"flix-d-p\">Schuko<\/td>\n<\/tr>\n<tr>\n<td class=\"flix-d-h6\">Tensi\u00f3n (V)<\/td>\n<td class=\"flix-d-p\">220-240<\/td>\n<\/tr>\n<\/tbody>\n<\/table>\n<table class=\"flix-std-specs-table\">\n<thead>\n<tr>\n<th class=\"flix-d-h3\" colspan=\"2\">PROGRAMAS Y FUNCIONES<\/th>\n<\/tr>\n<\/thead>\n<tbody class=\"flix-tbody\">\n<tr>\n<td class=\"flix-d-h6\">N\u00famero de programas<\/td>\n<td class=\"flix-d-p\">16<\/td>\n<\/tr>\n<tr>\n<td class=\"flix-d-h6\">Opciones inicio diferido<\/td>\n<td class=\"flix-d-p\">S\u00ed (hasta 24h)<\/td>\n<\/tr>\n<tr>\n<td class=\"flix-d-h6\">Caracter\u00edsticas principales<\/td>\n<td class=\"flix-d-p\">&#8211;<\/td>\n<\/tr>\n<tr>\n<td class=\"flix-d-h6\">Vapor<\/td>\n<td class=\"flix-d-p\">No<\/td>\n<\/tr>\n<\/tbody>\n<\/table>\n<table class=\"flix-std-specs-table\">\n<thead>\n<tr>\n<th class=\"flix-d-h3\" colspan=\"2\">EST\u00c9TICA<\/th>\n<\/tr>\n<\/thead>\n<tbody class=\"flix-tbody\">\n<tr>\n<td class=\"flix-d-h6\">Color del mueble<\/td>\n<td class=\"flix-d-p\">Blanco<\/td>\n<\/tr>\n<tr>\n<td class=\"flix-d-h6\">Color \/ material de la puerta<\/td>\n<td class=\"flix-d-p\">Blanco<\/td>\n<\/tr>\n<tr>\n<td class=\"flix-d-h6\">Color\/material tirador<\/td>\n<td class=\"flix-d-p\">Negro Ahumado<\/td>\n<\/tr>\n<\/tbody>\n<\/table>\n<table class=\"flix-std-specs-table\">\n<thead>\n<tr>\n<th class=\"flix-d-h3\" colspan=\"2\">RENDIMIENTO Y CONSUMO<\/th>\n<\/tr>\n<\/thead>\n<tbody class=\"flix-tbody\">\n<tr>\n<td class=\"flix-d-h6\">Clase energ\u00e9tica<\/td>\n<td class=\"flix-d-p\">E<\/td>\n<\/tr>\n<tr>\n<td class=\"flix-d-h6\">Clase de eficiencia en velocidad de centrifugado<\/td>\n<td class=\"flix-d-p\">B<\/td>\n<\/tr>\n<tr>\n<td class=\"flix-d-h6\">Consumo energ\u00e9tico ponderado [100 ciclos, eco 40-60]<\/td>\n<td class=\"flix-d-p\">90<\/td>\n<\/tr>\n<tr>\n<td class=\"flix-d-h6\">Duraci\u00f3n del programa &#8211; Capacidad nominal<\/td>\n<td class=\"flix-d-p\">3:59<\/td>\n<\/tr>\n<tr>\n<td class=\"flix-d-h6\">Nivel ruido centrifugado en clasificaci\u00f3n tarjeta eficiencia EN 60704-3<\/td>\n<td class=\"flix-d-p\">81<\/td>\n<\/tr>\n<tr>\n<td class=\"flix-d-h6\">Clase de ruido ac\u00fastico a\u00e9reo emitido<\/td>\n<td class=\"flix-d-p\">D<\/td>\n<\/tr>\n<tr>\n<td class=\"flix-d-h6\">Consumo de agua<\/td>\n<td class=\"flix-d-p\">51<\/td>\n<\/tr>\n<\/tbody>\n<\/table>\n<table class=\"flix-std-specs-table\">\n<thead>\n<tr>\n<th class=\"flix-d-h3\" colspan=\"2\">DIMENSIONES<\/th>\n<\/tr>\n<\/thead>\n<tbody class=\"flix-tbody\">\n<tr>\n<td class=\"flix-d-h6\">Altura del producto<\/td>\n<td class=\"flix-d-p\">85<\/td>\n<\/tr>\n<tr>\n<td class=\"flix-d-h6\">Dimensiones &#8211; Ancho (NEL 2020)<\/td>\n<td class=\"flix-d-p\">60<\/td>\n<\/tr>\n<tr>\n<td class=\"flix-d-h6\">Profundidad del producto<\/td>\n<td class=\"flix-d-p\">58<\/td>\n<\/tr>\n<tr>\n<td class=\"flix-d-h6\">Packaged Product Height (mm)<\/td>\n<td class=\"flix-d-p\">890<\/td>\n<\/tr>\n<tr>\n<td class=\"flix-d-h6\">Ancho del producto embalado (mm)<\/td>\n<td class=\"flix-d-p\">650<\/td>\n<\/tr>\n<tr>\n<td class=\"flix-d-h6\">Profundidad del producto embalado (mm)<\/td>\n<td class=\"flix-d-p\">600<\/td>\n<\/tr>\n<tr>\n<td class=\"flix-d-h6\">Peso bruto (kg)<\/td>\n<td class=\"flix-d-p\">68<\/td>\n<\/tr>\n<tr>\n<td class=\"flix-d-h6\">Peso neto (kg)<\/td>\n<td class=\"flix-d-p\">66<\/td>\n<\/tr>\n<\/tbody>\n<\/table>\n<\/div>\n<\/div>\n<\/div>\n<\/div>\n","protected":false},"featured_media":271936,"comment_status":"open","ping_status":"closed","template":"","meta":{"_et_pb_use_builder":"","_et_pb_old_content":"","_et_gb_content_width":""},"product_cat":[34,47],"product_tag":[60,123],"class_list":{"0":"post-259940","1":"product","2":"type-product","3":"status-publish","4":"has-post-thumbnail","6":"product_cat-gran-electrodomestico","7":"product_cat-lavadoras","8":"product_tag-lavadora","9":"product_tag-lavadora10kg","11":"first","12":"outofstock","13":"sale","14":"taxable","15":"shipping-taxable","16":"purchasable","17":"product-type-simple"},"_links":{"self":[{"href":"https:\/\/dabella.es\/index.php?rest_route=\/wp\/v2\/product\/259940","targetHints":{"allow":["GET"]}}],"collection":[{"href":"https:\/\/dabella.es\/index.php?rest_route=\/wp\/v2\/product"}],"about":[{"href":"https:\/\/dabella.es\/index.php?rest_route=\/wp\/v2\/types\/product"}],"replies":[{"embeddable":true,"href":"https:\/\/dabella.es\/index.php?rest_route=%2Fwp%2Fv2%2Fcomments&post=259940"}],"wp:featuredmedia":[{"embeddable":true,"href":"https:\/\/dabella.es\/index.php?rest_route=\/wp\/v2\/media\/271936"}],"wp:attachment":[{"href":"https:\/\/dabella.es\/index.php?rest_route=%2Fwp%2Fv2%2Fmedia&parent=259940"}],"wp:term":[{"taxonomy":"product_cat","embeddable":true,"href":"https:\/\/dabella.es\/index.php?rest_route=%2Fwp%2Fv2%2Fproduct_cat&post=259940"},{"taxonomy":"product_tag","embeddable":true,"href":"https:\/\/dabella.es\/index.php?rest_route=%2Fwp%2Fv2%2Fproduct_tag&post=259940"}],"curies":[{"name":"wp","href":"https:\/\/api.w.org\/{rel}","templated":true}]}}