{"id":259978,"date":"2020-02-19T11:31:54","date_gmt":"2020-02-19T11:31:54","guid":{"rendered":"https:\/\/dabella.es\/?post_type=product&#038;p=259978"},"modified":"2020-03-18T17:41:37","modified_gmt":"2020-03-18T17:41:37","slug":"prixton-dr200-predator-selfie-envio-gratis-24-48-horas","status":"publish","type":"product","link":"https:\/\/dabella.es\/?product=prixton-dr200-predator-selfie-envio-gratis-24-48-horas","title":{"rendered":"Prixton DR200 Predator Selfie env\u00edo gratis 24\/48 horas"},"content":{"rendered":"<h2>Caracter\u00edsticas<\/h2>\n<ul>\n<li>Uno de sus principales usos es hacer selfies a la distancia que desees desde la perspectiva que quieras.<\/li>\n<li>Gracias a su estabilizador de vuelo tan solo tendr\u00e1s que controlarlo con el mando hasta ponerlo a la altura y distancia que deseas y capturar la im\u00e1gen.<\/li>\n<li>La fotograf\u00eda se enviar\u00e1 directamente a tu dispositivo m\u00f3vil, ya que el drone incluye WiFi.<\/li>\n<li>Con este drone podr\u00e1s conseguir fotos desde perspectivas incre\u00edbles.<\/li>\n<li>Tambi\u00e9n puede usarse para hacerle volar y sacar fotograf\u00edas desde alturas a las cuales no llegar\u00edas manualmente o con un palo selfie.<\/li>\n<\/ul>\n<h2>Especificaciones Prixton DR200 Predator Selfie<\/h2>\n<ul>\n<li>C\u00e1mara WiFi 640&#215;480 sin cable para conexi\u00f3n directa a smartphone<\/li>\n<li>Funci\u00f3n estabilizaci\u00f3n del vuelo para fotos n\u00edtidas y funci\u00f3n vuelta 360\u00ba<\/li>\n<li>H\u00e9lices plegables para optimizar espacio<\/li>\n<li>Medidas: 6.20 x 4.90 x 3 cm<\/li>\n<li>Bater\u00eda 3.7V 200 mAh<\/li>\n<li>Carga por USB<\/li>\n<li>Distancia de control: 30 metros<\/li>\n<li>Drone de 4 canales y 6 ejes<\/li>\n<\/ul>\n","protected":false},"excerpt":{"rendered":"<p>Ahora podr\u00e1 sacar fotos desde perspectivas incre\u00edbles con el drone\u00a0<strong>DR200 Predator Selfie<\/strong>\u00a0de\u00a0<strong>Prixton<\/strong>. Posee una c\u00e1mara Wifi que enviar\u00e1 tus fotos directamente a tu dispositivo m\u00f3vil, sin necesidad de cables. \u00a1Contr\u00f3lalo todo desde tu m\u00f3vil!<\/p>\n<p>Este Drone tiene un estabilizaci\u00f3n del vuelo para fotos n\u00edtidas y funci\u00f3n vuelta 360\u00ba. Ser\u00e1 tu aliado para todos los viajes<\/p>\n","protected":false},"featured_media":259985,"comment_status":"open","ping_status":"closed","template":"","meta":{"_et_pb_use_builder":"","_et_pb_old_content":"","_et_gb_content_width":""},"product_cat":[62],"product_tag":[],"class_list":{"0":"post-259978","1":"product","2":"type-product","3":"status-publish","4":"has-post-thumbnail","6":"product_cat-drones","8":"first","9":"instock","10":"sale","11":"taxable","12":"shipping-taxable","13":"purchasable","14":"product-type-simple"},"_links":{"self":[{"href":"https:\/\/dabella.es\/index.php?rest_route=\/wp\/v2\/product\/259978","targetHints":{"allow":["GET"]}}],"collection":[{"href":"https:\/\/dabella.es\/index.php?rest_route=\/wp\/v2\/product"}],"about":[{"href":"https:\/\/dabella.es\/index.php?rest_route=\/wp\/v2\/types\/product"}],"replies":[{"embeddable":true,"href":"https:\/\/dabella.es\/index.php?rest_route=%2Fwp%2Fv2%2Fcomments&post=259978"}],"wp:featuredmedia":[{"embeddable":true,"href":"https:\/\/dabella.es\/index.php?rest_route=\/wp\/v2\/media\/259985"}],"wp:attachment":[{"href":"https:\/\/dabella.es\/index.php?rest_route=%2Fwp%2Fv2%2Fmedia&parent=259978"}],"wp:term":[{"taxonomy":"product_cat","embeddable":true,"href":"https:\/\/dabella.es\/index.php?rest_route=%2Fwp%2Fv2%2Fproduct_cat&post=259978"},{"taxonomy":"product_tag","embeddable":true,"href":"https:\/\/dabella.es\/index.php?rest_route=%2Fwp%2Fv2%2Fproduct_tag&post=259978"}],"curies":[{"name":"wp","href":"https:\/\/api.w.org\/{rel}","templated":true}]}}