{"id":259987,"date":"2020-02-19T11:38:26","date_gmt":"2020-02-19T11:38:26","guid":{"rendered":"https:\/\/dabella.es\/?post_type=product&#038;p=259987"},"modified":"2020-12-15T11:28:29","modified_gmt":"2020-12-15T11:28:29","slug":"camara-de-deporte-con-contril-remoto-16-mp-wifi-y-pantalla-dual-gris","status":"publish","type":"product","link":"https:\/\/dabella.es\/?product=camara-de-deporte-con-contril-remoto-16-mp-wifi-y-pantalla-dual-gris","title":{"rendered":"C\u00e1mara de deporte con control remoto, 16 MP, WiFi y pantalla dual Gris"},"content":{"rendered":"<p>Caracter\u00edsticas:<br \/>\nChipset: Allwinner V3.<br \/>\nSensor de imagen: Sony IMX179, 8MP.<br \/>\nResoluci\u00f3n video: 4K 30fps (interpolado), 2.7K 30fps, 1080P 60 \/ 30fps, 720P 120\/60 \/ 30fps.<br \/>\nResoluci\u00f3n de la foto: 16M \/ 12M \/ 8M \/ 5M \/ 2M.<br \/>\nFormato de v\u00eddeo: MP4, Formato de foto: JPG.<br \/>\nLente: 173 \u00b0 Ultra Gran Angular, 6G Ojo de Pez.<br \/>\nPantalla: 2.0 \u00ab\u00bbLCD + 0.66&#8243;\u00bb LCD.<br \/>\nSoporta tarjeta Micro SD, min. Velocidad C10, hasta 64 GB.<br \/>\nBater\u00eda: bater\u00eda del Li-ion 3.7V 900mAh.<br \/>\nInterfaz: Micro USB v2.0, Micro HDMI (Tipo D).<br \/>\nCaracter\u00edsticas: WiFi (M\u00e1x. 20M), grabaci\u00f3n de bucle, modo de conducci\u00f3n, etc.<\/p>\n","protected":false},"excerpt":{"rendered":"<p><strong>C\u00e1mara de deporte con contril remoto, 16 MP, WiFi y pantalla dual Gris<\/strong><\/p>\n<p>-2 a\u00f1os de garant\u00eda<\/p>\n<p>-Plazo de devoluci\u00f3n: 15 d\u00edas<\/p>\n<p>&nbsp;<\/p>\n","protected":false},"featured_media":259989,"comment_status":"open","ping_status":"closed","template":"","meta":{"_et_pb_use_builder":"","_et_pb_old_content":"","_et_gb_content_width":""},"product_cat":[109],"product_tag":[],"class_list":{"0":"post-259987","1":"product","2":"type-product","3":"status-publish","4":"has-post-thumbnail","6":"product_cat-deshumidificadores","8":"first","9":"instock","10":"sale","11":"taxable","12":"shipping-taxable","13":"purchasable","14":"product-type-simple"},"_links":{"self":[{"href":"https:\/\/dabella.es\/index.php?rest_route=\/wp\/v2\/product\/259987","targetHints":{"allow":["GET"]}}],"collection":[{"href":"https:\/\/dabella.es\/index.php?rest_route=\/wp\/v2\/product"}],"about":[{"href":"https:\/\/dabella.es\/index.php?rest_route=\/wp\/v2\/types\/product"}],"replies":[{"embeddable":true,"href":"https:\/\/dabella.es\/index.php?rest_route=%2Fwp%2Fv2%2Fcomments&post=259987"}],"wp:featuredmedia":[{"embeddable":true,"href":"https:\/\/dabella.es\/index.php?rest_route=\/wp\/v2\/media\/259989"}],"wp:attachment":[{"href":"https:\/\/dabella.es\/index.php?rest_route=%2Fwp%2Fv2%2Fmedia&parent=259987"}],"wp:term":[{"taxonomy":"product_cat","embeddable":true,"href":"https:\/\/dabella.es\/index.php?rest_route=%2Fwp%2Fv2%2Fproduct_cat&post=259987"},{"taxonomy":"product_tag","embeddable":true,"href":"https:\/\/dabella.es\/index.php?rest_route=%2Fwp%2Fv2%2Fproduct_tag&post=259987"}],"curies":[{"name":"wp","href":"https:\/\/api.w.org\/{rel}","templated":true}]}}