{"id":260025,"date":"2020-02-19T17:48:43","date_gmt":"2020-02-19T17:48:43","guid":{"rendered":"https:\/\/dabella.es\/?post_type=product&#038;p=260025"},"modified":"2023-10-17T10:16:54","modified_gmt":"2023-10-17T10:16:54","slug":"sartenes-pack-san-ignacio-marmol-induccion-16-20-24libre-pfoa","status":"publish","type":"product","link":"https:\/\/dabella.es\/?product=sartenes-pack-san-ignacio-marmol-induccion-16-20-24libre-pfoa","title":{"rendered":"SARTENES PACK  SAN IGNACIO Marmol inducci\u00f3n 16-20-24libre PFOA"},"content":{"rendered":"","protected":false},"excerpt":{"rendered":"<table>\n<tbody>\n<tr>\n<td><strong>Set de 3 Sartenes San Ignacio \u00d816 \u00d820 y \u00d824 cm revestimiento en m\u00e1rmol..<\/strong><\/p>\n<p><strong>\u00a0Set de sartenes de color exterior e interior en negro moteado. \u2022 Composici\u00f3n: Aluminio prensado con recubrimiento m\u00e1rmol \u2022 Interior con recubrimiento de m\u00e1rmol y exterior resistente a altas temperaturas. \u2022 Mango de tacto suave en negro. \u2022 INCLUYE: \u2022 1 pieza: \u00d816 x 3,3 cm. \u2022 1 pieza: \u00d820 x 3,5 cm. \u2022 1 pieza: \u00d824 x 3,8 cm. \u2022 FONDO APTO PARA INDUCCI\u00d3N.producto de primera calidad dise\u00f1ado y concebido para satisfacer a los clientes m\u00e1s exigentes<\/strong><\/p>\n<p>&nbsp;<\/td>\n<\/tr>\n<\/tbody>\n<\/table>\n","protected":false},"featured_media":260028,"comment_status":"open","ping_status":"closed","template":"","meta":{"_et_pb_use_builder":"","_et_pb_old_content":"","_et_gb_content_width":""},"product_cat":[41,53],"product_tag":[],"class_list":{"0":"post-260025","1":"product","2":"type-product","3":"status-publish","4":"has-post-thumbnail","6":"product_cat-bazar-cocina","7":"product_cat-para-la-cocina","9":"first","10":"outofstock","11":"taxable","12":"shipping-taxable","13":"purchasable","14":"product-type-simple"},"_links":{"self":[{"href":"https:\/\/dabella.es\/index.php?rest_route=\/wp\/v2\/product\/260025","targetHints":{"allow":["GET"]}}],"collection":[{"href":"https:\/\/dabella.es\/index.php?rest_route=\/wp\/v2\/product"}],"about":[{"href":"https:\/\/dabella.es\/index.php?rest_route=\/wp\/v2\/types\/product"}],"replies":[{"embeddable":true,"href":"https:\/\/dabella.es\/index.php?rest_route=%2Fwp%2Fv2%2Fcomments&post=260025"}],"wp:featuredmedia":[{"embeddable":true,"href":"https:\/\/dabella.es\/index.php?rest_route=\/wp\/v2\/media\/260028"}],"wp:attachment":[{"href":"https:\/\/dabella.es\/index.php?rest_route=%2Fwp%2Fv2%2Fmedia&parent=260025"}],"wp:term":[{"taxonomy":"product_cat","embeddable":true,"href":"https:\/\/dabella.es\/index.php?rest_route=%2Fwp%2Fv2%2Fproduct_cat&post=260025"},{"taxonomy":"product_tag","embeddable":true,"href":"https:\/\/dabella.es\/index.php?rest_route=%2Fwp%2Fv2%2Fproduct_tag&post=260025"}],"curies":[{"name":"wp","href":"https:\/\/api.w.org\/{rel}","templated":true}]}}