{"id":260029,"date":"2020-02-19T17:57:15","date_gmt":"2020-02-19T17:57:15","guid":{"rendered":"https:\/\/dabella.es\/?post_type=product&#038;p=260029"},"modified":"2020-12-15T11:27:06","modified_gmt":"2020-12-15T11:27:06","slug":"drone-jumping-parrot-max-con-envio-24-48-horas","status":"publish","type":"product","link":"https:\/\/dabella.es\/?product=drone-jumping-parrot-max-con-envio-24-48-horas","title":{"rendered":"Drone Jumping Parrot max Con  envio 24\/48 horas"},"content":{"rendered":"<table align=\"center\">\n<tbody>\n<tr>\n<td>\n<div id=\"ds_div\"><span style=\"font-size: large;\"><b>Parrot Jumping Race Max.<\/b>\u00a0Dron terrestre, foto y video, 4 GB, 14 Km\/h, 20 minutos de autonom\u00eda, saltos de 75 cm, programable, ruedas F1, walkie-talkie, color rojo. Parrot presenta el Drone Jumping Race, uno de nuestros MiniDrones de segunda generaci\u00f3n. Este elegante drone, r\u00e1pido, energ\u00e9tico y ultraestable, tiene neum\u00e1ticos anchos para las carreras. El Drone Jumping Race, adaptado a velocidades altas, ofrece a los pilotos una serie de experiencias electrizantes. Si\u00e9ntete en el coraz\u00f3n de la carrera gracias a la FPV, para un subid\u00f3n de la adrenalina que te dejar\u00e1 euf\u00f3rico.<\/span><\/p>\n<h4>Caracter\u00edsticas principales:<\/h4>\n<ul>\n<li>Minidrone que salta hasta 75 cm de altura y siempre aterriza sobre sus ruedas.<\/li>\n<li>Incorpora una c\u00e1mara gran angular para una vista en primera persona en la pantalla de tu dispositivo.<\/li>\n<li>Aplicaci\u00f3n gratuita Freefligh 3 para un control intuitivo desde tu smartphone o tablet a trav\u00e9s de Wi-Fi.<\/li>\n<li>Habla y escucha a trav\u00e9s del Minidrone gracias a su altavoz y micr\u00f3fono incorporados.<\/li>\n<li>Bater\u00eda de pol\u00edmero de litio, recargable y con una duraci\u00f3n de hasta 20 minutos.<\/li>\n<\/ul>\n<h4>Advertencia: no conviene para ni\u00f1os menores de siete a\u00f1os. Util\u00edcese bajo la vigilancia de un adulto.<\/h4>\n<h4>Pilota a m\u00e1xima velocidad y establece r\u00e9cords<\/h4>\n<p>Parrot presenta el Drone Jumping Race, uno de nuestros MiniDrones de segunda generaci\u00f3n. Este elegante drone, r\u00e1pido, energ\u00e9tico y ultraestable, tiene neum\u00e1ticos anchos para las carreras. El Drone Jumping Race, adaptado a velocidades altas, ofrece a los pilotos una serie de experiencias electrizantes. Si\u00e9ntete en el coraz\u00f3n de la carrera gracias a la FPV, para un subid\u00f3n de la adrenalina que te dejar\u00e1 euf\u00f3rico.<\/p>\n<p>Disfruta la velocidad electrizante y las carreras de obst\u00e1culos.<\/p>\n<p>El Drone Jumping Race est\u00e1 hecho para correr en interior y al aire libre. Corre dos veces m\u00e1s r\u00e1pido que sus com- pa\u00f1eros y puede ir a 14 kil\u00f3metros por hora. Con Jumping Race, prueba el manejo en carretera y la maniobrabilidad de un robot dise\u00f1ado para la veloci- dad. \u00a1Cond\u00facelo en una pista lisa para experimentar la emoci\u00f3n de la velocidad! Adem\u00e1s, puedes grabar v\u00eddeos directamente en la memoria interna.<\/p>\n<h4>\u00a1Gira, salta y rueda!<\/h4>\n<p><span style=\"font-size: large;\">La tecnolog\u00eda ultrasofisticada de los Drones Jumping Race permite giros precisos y mantener la trayectoria. Contr\u00f3lalo con la punta de los dedos y disfruta tres modos de pilotaje diferentes: 1. Modo Jumper (saltador): salta hasta 75 cm de altura y distancia, y siempre aterriza sobre sus ruedas. En cuanto levantas el Drone del suelo, las luces se vuelven rojas para avisar que el modo de salto est\u00e1 desactivado. 2. Modo Kicker (chutador): los muelles permiten al Drone Jumping Race empujar los objetos que encuentra en su camino. 3. Modo Auto-Balance (equilibrio autom\u00e1tico): el Drone Jumping Race est\u00e1 perfectamente equilibrado en sus dos ruedas. Realiza todos estos trucos acrob\u00e1ticos a trav\u00e9s de la aplicaci\u00f3n FreeFlight 3.<\/span><\/p>\n<h4>\u00a1Coreograf\u00edas para tu Drone Jumping Race!<\/h4>\n<p><span style=\"font-size: large;\">La funci\u00f3n de Plan del camino te permite programar una secuencia de movimientos acrob\u00e1ticos, sonidos y luces para ser el rey de la pista de baile. Una vez que hayas programado una secuencia, esta aparece entre los trucos predeterminados de tu MiniDrone.<\/span><\/p>\n<h4>Modos de velocidad y estabilidad regulables<\/h4>\n<p><span style=\"font-size: large;\">El Drone Jumping Night ofrece ruedas con dos posiciones para diferentes niveles de estabilidad: 1. Modo Open Wheel (ruedas abiertas): las ruedas est\u00e1n abiertas para una mejor estabilidad al conducir a alta velocidad. 2. Modo Retracted Wheel (ruedas retra\u00eddas): las ruedas est\u00e1n retra\u00eddas o en modo compacto para mejorar la agilidad y maniobrabilidad en espacios estrechos. \u00a1La tecnolog\u00eda incorporada del Drone Jumping Night garantiza trayectorias de conducci\u00f3n rectas y giros precisos!<\/span><\/p>\n<h4>Capacidad mejorada<\/h4>\n<ul>\n<li>Memoria interna de 4 GB para grabar v\u00eddeos y fotos.<\/li>\n<li>Micr\u00f3fono y altavoz para registrar y emitir sonidos.<\/li>\n<li>La carga r\u00e1pida garantiza que la bater\u00eda se recarga completamente en solo 25 minutos (con un cargador de 2,6 A) La bater\u00eda dura hasta 20 min.<\/li>\n<li>3 modelos disponibles.<\/li>\n<li>FreeFlight 3.<\/li>\n<li>La aplicaci\u00f3n FreeFlight 3 est\u00e1 disponible en Apple Store y Google Play Store.<\/li>\n<li>La aplicaci\u00f3n ofrece un control intuitivo desde tu Smartphone o tableta y se conecta a tu Drone Parrot Jumping Race a trav\u00e9s de la Wi-Fi. FreeFlight 3 se usa para controlar todos los MiniDrones Parrot.<\/li>\n<\/ul>\n<\/div>\n<\/td>\n<\/tr>\n<\/tbody>\n<\/table>\n","protected":false},"excerpt":{"rendered":"<table align=\"center\">\n<tbody>\n<tr>\n<td>\n<div id=\"ds_div\"><span style=\"font-size: large;\"><b>Parrot Jumping Race Max.<\/b>\u00a0Dron terrestre, foto y video, 4 GB, 14 Km\/h, 20 minutos de autonom\u00eda, saltos de 75 cm, programable, ruedas F1, walkie-talkie, color rojo. Parrot presenta el Drone Jumping Race, uno de nuestros MiniDrones de segunda generaci\u00f3n. Este elegante drone, r\u00e1pido, energ\u00e9tico y ultraestable, tiene neum\u00e1ticos anchos para las carreras. El Drone Jumping Race, adaptado a velocidades altas, ofrece a los pilotos una serie de experiencias electrizantes. Si\u00e9ntete en el coraz\u00f3n de la carrera gracias a la FPV, para un subid\u00f3n de la adrenalina que te dejar\u00e1 euf\u00f3rico.<\/span><\/div>\n<\/td>\n<\/tr>\n<\/tbody>\n<\/table>\n","protected":false},"featured_media":260032,"comment_status":"open","ping_status":"closed","template":"","meta":{"_et_pb_use_builder":"","_et_pb_old_content":"","_et_gb_content_width":""},"product_cat":[62],"product_tag":[],"class_list":{"0":"post-260029","1":"product","2":"type-product","3":"status-publish","4":"has-post-thumbnail","6":"product_cat-drones","8":"first","9":"outofstock","10":"taxable","11":"shipping-taxable","12":"purchasable","13":"product-type-simple"},"_links":{"self":[{"href":"https:\/\/dabella.es\/index.php?rest_route=\/wp\/v2\/product\/260029","targetHints":{"allow":["GET"]}}],"collection":[{"href":"https:\/\/dabella.es\/index.php?rest_route=\/wp\/v2\/product"}],"about":[{"href":"https:\/\/dabella.es\/index.php?rest_route=\/wp\/v2\/types\/product"}],"replies":[{"embeddable":true,"href":"https:\/\/dabella.es\/index.php?rest_route=%2Fwp%2Fv2%2Fcomments&post=260029"}],"wp:featuredmedia":[{"embeddable":true,"href":"https:\/\/dabella.es\/index.php?rest_route=\/wp\/v2\/media\/260032"}],"wp:attachment":[{"href":"https:\/\/dabella.es\/index.php?rest_route=%2Fwp%2Fv2%2Fmedia&parent=260029"}],"wp:term":[{"taxonomy":"product_cat","embeddable":true,"href":"https:\/\/dabella.es\/index.php?rest_route=%2Fwp%2Fv2%2Fproduct_cat&post=260029"},{"taxonomy":"product_tag","embeddable":true,"href":"https:\/\/dabella.es\/index.php?rest_route=%2Fwp%2Fv2%2Fproduct_tag&post=260029"}],"curies":[{"name":"wp","href":"https:\/\/api.w.org\/{rel}","templated":true}]}}