{"id":260058,"date":"2020-02-19T18:58:42","date_gmt":"2020-02-19T18:58:42","guid":{"rendered":"https:\/\/dabella.es\/?post_type=product&#038;p=260058"},"modified":"2020-04-01T00:01:51","modified_gmt":"2020-04-01T00:01:51","slug":"ksix-reloj-deportivo-fitness-explorer-2-negro","status":"publish","type":"product","link":"https:\/\/dabella.es\/?product=ksix-reloj-deportivo-fitness-explorer-2-negro","title":{"rendered":"Ksix Reloj Deportivo Fitness Explorer 2 Negro"},"content":{"rendered":"<ul class=\"a-unordered-list a-vertical a-spacing-none\">\n<li><span class=\"a-list-item\">Monitorizaci\u00f3n completa de tu actividad f\u00edsica para que alcances tus metas deportivas<\/span><\/li>\n<li><span class=\"a-list-item\">Dise\u00f1o ligero, ergon\u00f3mico y atractivo<\/span><\/li>\n<li><span class=\"a-list-item\">Sumergible hasta 30 metros de profundidad<\/span><\/li>\n<li><span class=\"a-list-item\">Compatible con dispositivos Android y iOS<\/span><\/li>\n<li><span class=\"a-list-item\">Autonom\u00eda de 1 a\u00f1o para que puedas olvidarte de las recargas peri\u00f3dicas (pila CR2032 incluida<\/span><\/li>\n<\/ul>\n","protected":false},"excerpt":{"rendered":"<ul class=\"a-unordered-list a-vertical a-spacing-none\">\n<li><span class=\"a-list-item\">Monitorizaci\u00f3n completa de tu actividad f\u00edsica para que alcances tus metas deportivas<\/span><\/li>\n<li><span class=\"a-list-item\">Dise\u00f1o ligero, ergon\u00f3mico y atractivo<\/span><\/li>\n<li><span class=\"a-list-item\">Sumergible hasta 30 metros de profundidad<\/span><\/li>\n<li><span class=\"a-list-item\">Compatible con dispositivos Android y iOS<\/span><\/li>\n<li><span class=\"a-list-item\">Autonom\u00eda de 1 a\u00f1o para que puedas olvidarte de las recargas peri\u00f3dicas (pila CR2032 incluida<\/span><\/li>\n<\/ul>\n","protected":false},"featured_media":260067,"comment_status":"open","ping_status":"closed","template":"","meta":{"_et_pb_use_builder":"","_et_pb_old_content":"","_et_gb_content_width":""},"product_cat":[63],"product_tag":[],"class_list":{"0":"post-260058","1":"product","2":"type-product","3":"status-publish","4":"has-post-thumbnail","6":"product_cat-relojes","8":"first","9":"instock","10":"taxable","11":"shipping-taxable","12":"purchasable","13":"product-type-simple"},"_links":{"self":[{"href":"https:\/\/dabella.es\/index.php?rest_route=\/wp\/v2\/product\/260058","targetHints":{"allow":["GET"]}}],"collection":[{"href":"https:\/\/dabella.es\/index.php?rest_route=\/wp\/v2\/product"}],"about":[{"href":"https:\/\/dabella.es\/index.php?rest_route=\/wp\/v2\/types\/product"}],"replies":[{"embeddable":true,"href":"https:\/\/dabella.es\/index.php?rest_route=%2Fwp%2Fv2%2Fcomments&post=260058"}],"wp:featuredmedia":[{"embeddable":true,"href":"https:\/\/dabella.es\/index.php?rest_route=\/wp\/v2\/media\/260067"}],"wp:attachment":[{"href":"https:\/\/dabella.es\/index.php?rest_route=%2Fwp%2Fv2%2Fmedia&parent=260058"}],"wp:term":[{"taxonomy":"product_cat","embeddable":true,"href":"https:\/\/dabella.es\/index.php?rest_route=%2Fwp%2Fv2%2Fproduct_cat&post=260058"},{"taxonomy":"product_tag","embeddable":true,"href":"https:\/\/dabella.es\/index.php?rest_route=%2Fwp%2Fv2%2Fproduct_tag&post=260058"}],"curies":[{"name":"wp","href":"https:\/\/api.w.org\/{rel}","templated":true}]}}