{"id":260621,"date":"2020-03-18T19:39:33","date_gmt":"2020-03-18T19:39:33","guid":{"rendered":"https:\/\/dabella.es\/?post_type=product&#038;p=260621"},"modified":"2020-12-15T11:24:39","modified_gmt":"2020-12-15T11:24:39","slug":"aspirador-trineo-potente-tecnologia-ciclonica-filtro-hepa-radio-de-accion-8m-deposito-3l-800-w","status":"publish","type":"product","link":"https:\/\/dabella.es\/?product=aspirador-trineo-potente-tecnologia-ciclonica-filtro-hepa-radio-de-accion-8m-deposito-3l-800-w","title":{"rendered":"Aspirador trineo potente. Tecnolog\u00eda cicl\u00f3nica. Filtro HEPA. Radio de acci\u00f3n 8m. Dep\u00f3sito 3L. 800 W."},"content":{"rendered":"<p>Aspirador trineo potente. Tecnolog\u00eda cicl\u00f3nica. Filtro HEPA. Radio de acci\u00f3n 8m. Dep\u00f3sito 3L. 800 W.<\/p>\n","protected":false},"excerpt":{"rendered":"<p>Aspirador trineo potente. Tecnolog\u00eda cicl\u00f3nica. Filtro HEPA. Radio de acci\u00f3n 8m. Dep\u00f3sito 3L. 800 W.<\/p>\n","protected":false},"featured_media":260615,"comment_status":"open","ping_status":"closed","template":"","meta":{"_et_pb_use_builder":"","_et_pb_old_content":"","_et_gb_content_width":""},"product_cat":[55],"product_tag":[77,78],"class_list":{"0":"post-260621","1":"product","2":"type-product","3":"status-publish","4":"has-post-thumbnail","6":"product_cat-aspiradoras","7":"product_tag-aspirador-800w","8":"product_tag-aspirador-sin-bolsa","10":"first","11":"outofstock","12":"taxable","13":"shipping-taxable","14":"purchasable","15":"product-type-simple"},"_links":{"self":[{"href":"https:\/\/dabella.es\/index.php?rest_route=\/wp\/v2\/product\/260621","targetHints":{"allow":["GET"]}}],"collection":[{"href":"https:\/\/dabella.es\/index.php?rest_route=\/wp\/v2\/product"}],"about":[{"href":"https:\/\/dabella.es\/index.php?rest_route=\/wp\/v2\/types\/product"}],"replies":[{"embeddable":true,"href":"https:\/\/dabella.es\/index.php?rest_route=%2Fwp%2Fv2%2Fcomments&post=260621"}],"wp:featuredmedia":[{"embeddable":true,"href":"https:\/\/dabella.es\/index.php?rest_route=\/wp\/v2\/media\/260615"}],"wp:attachment":[{"href":"https:\/\/dabella.es\/index.php?rest_route=%2Fwp%2Fv2%2Fmedia&parent=260621"}],"wp:term":[{"taxonomy":"product_cat","embeddable":true,"href":"https:\/\/dabella.es\/index.php?rest_route=%2Fwp%2Fv2%2Fproduct_cat&post=260621"},{"taxonomy":"product_tag","embeddable":true,"href":"https:\/\/dabella.es\/index.php?rest_route=%2Fwp%2Fv2%2Fproduct_tag&post=260621"}],"curies":[{"name":"wp","href":"https:\/\/api.w.org\/{rel}","templated":true}]}}