{"id":260622,"date":"2020-03-18T19:51:40","date_gmt":"2020-03-18T19:51:40","guid":{"rendered":"https:\/\/dabella.es\/?post_type=product&#038;p=260622"},"modified":"2020-03-18T19:51:40","modified_gmt":"2020-03-18T19:51:40","slug":"zitruseasy-inox-exprimidor-electrico-40-w-de-potencia","status":"publish","type":"product","link":"https:\/\/dabella.es\/?product=zitruseasy-inox-exprimidor-electrico-40-w-de-potencia","title":{"rendered":"ZitrusEasy Inox Exprimidor el\u00e9ctrico 40 W de potencia."},"content":{"rendered":"<h2>ZitrusEasy Inox<\/h2>\n<ul>\n<li><strong>Exprimidor el\u00e9ctrico para naranjas<\/strong>\u00a0y c\u00edtricos con 40 W de potencia.<\/li>\n<\/ul>\n","protected":false},"excerpt":{"rendered":"<ul>\n<li><strong>Exprimidor el\u00e9ctrico para naranjas<\/strong>\u00a0y c\u00edtricos con 40 W de potencia.<\/li>\n<li>Filtro de acero inoxidable, que facilita la limpieza.<\/li>\n<li>Dos conos desmontables, para c\u00edtricos m\u00e1s peque\u00f1os o m\u00e1s grandes.<\/li>\n<li>Doble sentido de giro para aprovechar al m\u00e1ximo la fruta.<\/li>\n<li>Encendido autom\u00e1tico con solo presionar el cono con la fruta.<\/li>\n<li>Tambor BPA-free, calibrado en ml con capacidad de 1 l.<\/li>\n<li>Boquilla con sistema antigoteo para un vertido m\u00e1s f\u00e1cil y limpio.<\/li>\n<li>Incluye cubierta antipolvo para protegerlo al guardarlo.<\/li>\n<li>Hueco recogecables y base antideslizante.<\/li>\n<li>Desmontable para facilitar la limpieza.<\/li>\n<li>Piezas no el\u00e9ctricas aptas para el lavavajillas.<\/li>\n<\/ul>\n","protected":false},"featured_media":260623,"comment_status":"open","ping_status":"closed","template":"","meta":{"_et_pb_use_builder":"","_et_pb_old_content":"","_et_gb_content_width":""},"product_cat":[53],"product_tag":[],"class_list":{"0":"post-260622","1":"product","2":"type-product","3":"status-publish","4":"has-post-thumbnail","6":"product_cat-para-la-cocina","8":"first","9":"instock","10":"sale","11":"taxable","12":"shipping-taxable","13":"purchasable","14":"product-type-simple"},"_links":{"self":[{"href":"https:\/\/dabella.es\/index.php?rest_route=\/wp\/v2\/product\/260622","targetHints":{"allow":["GET"]}}],"collection":[{"href":"https:\/\/dabella.es\/index.php?rest_route=\/wp\/v2\/product"}],"about":[{"href":"https:\/\/dabella.es\/index.php?rest_route=\/wp\/v2\/types\/product"}],"replies":[{"embeddable":true,"href":"https:\/\/dabella.es\/index.php?rest_route=%2Fwp%2Fv2%2Fcomments&post=260622"}],"wp:featuredmedia":[{"embeddable":true,"href":"https:\/\/dabella.es\/index.php?rest_route=\/wp\/v2\/media\/260623"}],"wp:attachment":[{"href":"https:\/\/dabella.es\/index.php?rest_route=%2Fwp%2Fv2%2Fmedia&parent=260622"}],"wp:term":[{"taxonomy":"product_cat","embeddable":true,"href":"https:\/\/dabella.es\/index.php?rest_route=%2Fwp%2Fv2%2Fproduct_cat&post=260622"},{"taxonomy":"product_tag","embeddable":true,"href":"https:\/\/dabella.es\/index.php?rest_route=%2Fwp%2Fv2%2Fproduct_tag&post=260622"}],"curies":[{"name":"wp","href":"https:\/\/api.w.org\/{rel}","templated":true}]}}