{"id":260626,"date":"2020-03-18T19:55:37","date_gmt":"2020-03-18T19:55:37","guid":{"rendered":"https:\/\/dabella.es\/?post_type=product&#038;p=260626"},"modified":"2023-03-30T10:44:48","modified_gmt":"2023-03-30T10:44:48","slug":"thermosense-220-steel-potente-hervidor-de-agua","status":"publish","type":"product","link":"https:\/\/dabella.es\/?product=thermosense-220-steel-potente-hervidor-de-agua","title":{"rendered":"ThermoSense 220 Steel Potente hervidor de agua"},"content":{"rendered":"<h2>ThermoSense 220 Steel<\/h2>\n<p>Potente y pr\u00e1ctico, as\u00ed es el\u00a0<strong>hervidor de agua ThermoSense 220 Steel<\/strong>. leva a ebullici\u00f3n hasta 1,2 litros de agua en unos instantes. Sus 1630 W de potencia calientan hasta 6 tazas de forma simult\u00e1nea. Ha sido dise\u00f1ado con acero inoxidable de la mejor calidad y un indicador del nivel de agua. Y para que usarlo sea a\u00fan m\u00e1s c\u00f3modo, su base permite un giro de 360\u00ba y se separa de la jarra.<\/p>\n","protected":false},"excerpt":{"rendered":"<ul>\n<li>Hervidor de agua de dise\u00f1o exclusivo con 1,2 litros de capacidad.<\/li>\n<li>Fabricado en acero inoxidable 18\/10, de alta calidad AISI 304. Ideal para uso alimentario, ya que no trasmite olores ni sabores.<\/li>\n<li>Alta resistencia a la corrosi\u00f3n y totalmente libre de BPA y otros t\u00f3xicos.<\/li>\n<li>1630 W de potencia con zona de ebullici\u00f3n r\u00e1pida.<\/li>\n<li>Base con giro de 360\u00ba que permite el uso tanto a diestros como a zurdos.<\/li>\n<li>Recipiente sin cables con base independiente para trasladarlo donde quieras.<\/li>\n<li>Sistema eficiente: placa calefactora f\u00e1cil de limpiar con la resistencia oculta e integrada en la base.<\/li>\n<li>Se puede apagar manualmente.<\/li>\n<li>Asa ergon\u00f3mica de tacto fr\u00edo para un uso m\u00e1s c\u00f3modo y seguro.<\/li>\n<li>Incorpora una ventana con indicador de nivel de agua.<\/li>\n<li>Amplia boca de llenado con tapa abatible para facilitar el uso y la limpieza.<\/li>\n<li>Boquilla antigoteo que permite verter el agua sin derramar ni una gota.<\/li>\n<li>Indicador luminoso de funcionamiento.<\/li>\n<li>Doble sistema de protecci\u00f3n: desconexi\u00f3n autom\u00e1tica contra funcionamiento en seco y contra sobrecalentamiento.<\/li>\n<li>Seguro infantil y base antideslizante con comportamiento para el cable.<\/li>\n<\/ul>\n","protected":false},"featured_media":260630,"comment_status":"open","ping_status":"closed","template":"","meta":{"_et_pb_use_builder":"","_et_pb_old_content":"","_et_gb_content_width":""},"product_cat":[53],"product_tag":[79,80],"class_list":{"0":"post-260626","1":"product","2":"type-product","3":"status-publish","4":"has-post-thumbnail","6":"product_cat-para-la-cocina","7":"product_tag-hervidor","8":"product_tag-hervidor-de-agua","10":"first","11":"outofstock","12":"sale","13":"taxable","14":"shipping-taxable","15":"purchasable","16":"product-type-simple"},"_links":{"self":[{"href":"https:\/\/dabella.es\/index.php?rest_route=\/wp\/v2\/product\/260626","targetHints":{"allow":["GET"]}}],"collection":[{"href":"https:\/\/dabella.es\/index.php?rest_route=\/wp\/v2\/product"}],"about":[{"href":"https:\/\/dabella.es\/index.php?rest_route=\/wp\/v2\/types\/product"}],"replies":[{"embeddable":true,"href":"https:\/\/dabella.es\/index.php?rest_route=%2Fwp%2Fv2%2Fcomments&post=260626"}],"wp:featuredmedia":[{"embeddable":true,"href":"https:\/\/dabella.es\/index.php?rest_route=\/wp\/v2\/media\/260630"}],"wp:attachment":[{"href":"https:\/\/dabella.es\/index.php?rest_route=%2Fwp%2Fv2%2Fmedia&parent=260626"}],"wp:term":[{"taxonomy":"product_cat","embeddable":true,"href":"https:\/\/dabella.es\/index.php?rest_route=%2Fwp%2Fv2%2Fproduct_cat&post=260626"},{"taxonomy":"product_tag","embeddable":true,"href":"https:\/\/dabella.es\/index.php?rest_route=%2Fwp%2Fv2%2Fproduct_tag&post=260626"}],"curies":[{"name":"wp","href":"https:\/\/api.w.org\/{rel}","templated":true}]}}