{"id":260674,"date":"2020-03-18T22:02:37","date_gmt":"2020-03-18T22:02:37","guid":{"rendered":"https:\/\/dabella.es\/?post_type=product&#038;p=260674"},"modified":"2020-12-15T11:23:20","modified_gmt":"2020-12-15T11:23:20","slug":"3d-forceanodized-850-i-pump-plancha-3100w","status":"publish","type":"product","link":"https:\/\/dabella.es\/?product=3d-forceanodized-850-i-pump-plancha-3100w","title":{"rendered":"3D FORCEANODIZED 850 I-PUMP plancha 3100w"},"content":{"rendered":"<h2>3D ForceAnodized 850 i-Pump<\/h2>\n<p>Centro de planchado compacto 3D ForceAnodized 850 i-Pump. 3100 W. Golpe de vapor 230 g\/min. Doble suela anodizada. Vapor continuo 65 g\/min. Antical. Autoapagado. Modo Eco. Dep\u00f3sito de 400 ml.<\/p>\n","protected":false},"excerpt":{"rendered":"<ul style=\"font-weight: 400;\">\n<li>Centro de planchado inteligente y compacto que consigue excelentes resultados en una pasada.<\/li>\n<li>UltraPower Technology: gran potencia de 3100 W para un planchado r\u00e1pido, sencillo y eficaz.<\/li>\n<li>AnodizedSlide: suela de aluminio anodizado que genera un movimiento ultradeslizante, antiralladuras y con una mayor durabilidad. Hasta tres veces m\u00e1s resistente que las suelas convencionales.<\/li>\n<li>3D Steam System: suela de doble capa que multiplica por dos la capacidad de intensidad de calor ayudando a distribuir y retenerlo de forma uniforme a lo largo de toda la superficie. Se trata de una suela de gran ligereza que ofrece un planchado con la m\u00e1xima eficiencia.<\/li>\n<li>Intelligent Pump: bomba el\u00e9ctrica que genera m\u00e1xima presi\u00f3n de vapor continuo de hasta 65 g\/min.<\/li>\n<li>SensorTouch: sensor t\u00e1ctil con tecnolog\u00eda inteligente para activar el vapor s\u00f3lo durante el momento de planchado. Genera vapor sin necesidad de pulsar ning\u00fan bot\u00f3n.<\/li>\n<li>BurstSteam System: golpe de vapor de 230 g\/min que ayuda a eliminar las arrugas m\u00e1s dif\u00edciles penetrando en el coraz\u00f3n del tejido. Obtendr\u00e1s resultados de alta calidad y acabado profesional.<\/li>\n<li>Anti-Drip System: sistema antigoteo que evita la plancha emita gotas de agua condensada, dejando marcas en la ropa.<\/li>\n<li>Smart AutoOFF: sistema de seguridad que apaga la plancha autom\u00e1ticamente cuando est\u00e1 quieta durante 30 segundos en horizontal y 8 minutos en vertical.<\/li>\n<li>Gran dep\u00f3sito de 400 ml con ventana transparente.Podr\u00e1s planchar toda la colada sin necesidad de rellenar el dep\u00f3sito ni parar de forma innecesaria.<\/li>\n<li>iTemp: control autom\u00e1tico e inteligente de la temperatura. \u00a0Gracias a su regulador de temperatura en 21 posiciones podr\u00e1s adaptarla seg\u00fan las necesidades de cada tipo de tejidos.<\/li>\n<li>Modo Eco: ahorra un 40 % de energ\u00eda sin renunciar a la potencia, consigue los mismos resultados.<\/li>\n<li>Anti-Calc System: sistema de filtrado que consigue que la cal no se acumule y la plancha mantenga un alto nivel de rendimiento de vapor, alargando su vida \u00fatil. Gracias a este sistema antical podr\u00e1s disfrutar de un planchado eficaz como el primer d\u00eda.<\/li>\n<li>SelfClean System: funci\u00f3n autolimpieza que elimina restos de suciedad e impurezas acumuladas en el interior de la suela, evitando posibles atascos y\/o fugas. Mejora su rendimiento y prolonga su vida \u00fatil.<\/li>\n<li>Precision Tip: punta de precisi\u00f3n que ayuda a eliminar hasta las arrugas m\u00e1s inaccesibles, ofreciendo un planchado \u00e1gil y c\u00f3modo.<\/li>\n<li>Fast steam: tecnolog\u00eda que reduce al m\u00ednimo el tiempo de calentamiento.<\/li>\n<li>Vertical Steam: vapor vertical que te facilita el planchado de prendas como chaquetas, obteniendo un resultado perfecto.<\/li>\n<li>Ergonomic Design: dise\u00f1o moderno y ligero con un asa ergon\u00f3mica para poder utilizarla de forma simple y \u00e1gil.<\/li>\n<li>Micro Steam System: la suela de la plancha cuenta con m\u00e1s de 300 microagujeros que ayudan a distribuir de forma homog\u00e9nea el vapor generado. La suela est\u00e1 dise\u00f1ada con el 100% de agujeros reales para generar un \u00e1rea de vapor m\u00e1s grande.<\/li>\n<li>Easy Filled: rellenado de agua f\u00e1cil y c\u00f3modo.<\/li>\n<\/ul>\n","protected":false},"featured_media":260675,"comment_status":"open","ping_status":"closed","template":"","meta":{"_et_pb_use_builder":"","_et_pb_old_content":"","_et_gb_content_width":""},"product_cat":[56],"product_tag":[],"class_list":{"0":"post-260674","1":"product","2":"type-product","3":"status-publish","4":"has-post-thumbnail","6":"product_cat-planchas","8":"first","9":"outofstock","10":"sale","11":"taxable","12":"shipping-taxable","13":"purchasable","14":"product-type-simple"},"_links":{"self":[{"href":"https:\/\/dabella.es\/index.php?rest_route=\/wp\/v2\/product\/260674","targetHints":{"allow":["GET"]}}],"collection":[{"href":"https:\/\/dabella.es\/index.php?rest_route=\/wp\/v2\/product"}],"about":[{"href":"https:\/\/dabella.es\/index.php?rest_route=\/wp\/v2\/types\/product"}],"replies":[{"embeddable":true,"href":"https:\/\/dabella.es\/index.php?rest_route=%2Fwp%2Fv2%2Fcomments&post=260674"}],"wp:featuredmedia":[{"embeddable":true,"href":"https:\/\/dabella.es\/index.php?rest_route=\/wp\/v2\/media\/260675"}],"wp:attachment":[{"href":"https:\/\/dabella.es\/index.php?rest_route=%2Fwp%2Fv2%2Fmedia&parent=260674"}],"wp:term":[{"taxonomy":"product_cat","embeddable":true,"href":"https:\/\/dabella.es\/index.php?rest_route=%2Fwp%2Fv2%2Fproduct_cat&post=260674"},{"taxonomy":"product_tag","embeddable":true,"href":"https:\/\/dabella.es\/index.php?rest_route=%2Fwp%2Fv2%2Fproduct_tag&post=260674"}],"curies":[{"name":"wp","href":"https:\/\/api.w.org\/{rel}","templated":true}]}}