{"id":260809,"date":"2020-03-25T12:36:14","date_gmt":"2020-03-25T12:36:14","guid":{"rendered":"https:\/\/dabella.es\/?post_type=product&#038;p=260809"},"modified":"2023-10-30T18:01:52","modified_gmt":"2023-10-30T18:01:52","slug":"frigorifico-2-puertas-a-143-x-55-x-59cm","status":"publish","type":"product","link":"https:\/\/dabella.es\/?product=frigorifico-2-puertas-a-143-x-55-x-59cm","title":{"rendered":"Frigor\u00edfico 2 puertas inox A+ 1,43 x 55 x 59cm"},"content":{"rendered":"<p>DISPONIBLE PARA RECOGIDA EN TIENDA O ENTREGA EN CORU\u00d1A O ALREDEDORES<\/p>\n<ul class=\"a-unordered-list a-vertical a-spacing-none\">\n<li><span class=\"a-list-item\">Capacidad total (L) 208<\/span><\/li>\n<li><span class=\"a-list-item\">Clasificaci\u00f3n energ\u00e9tica A+<\/span><\/li>\n<li><span class=\"a-list-item\">Caj\u00f3n para vegetales con cubierta de cristal, Estante de cristal en el congelador, 4 balcones en la puerta del frigor\u00edfico<\/span><\/li>\n<li><span class=\"a-list-item\">Medidas 143 x 55 x 59 cm<\/span><\/li>\n<li>PARA ESTE PRODUCTO NO SE ADMITE PAGO CONTRA REEMBOLSO, LOS M\u00c9TODOS DE PAGO ADMITIDOS SON PAYPAL O TRANSFERENCIA<\/li>\n<li><span class=\"a-list-item\">ENTREGA A PI\u00c9 DE CALLE<\/span><\/li>\n<\/ul>\n","protected":false},"excerpt":{"rendered":"<p>El frigor\u00edfico de dos puertas RFD-212B en color inox te proporcionar\u00e1 una gran capacidad con un peque\u00f1o tama\u00f1o. El refrigerador almacena hasta 168L y el congelador 40L, en total el frigor\u00edfico tiene una capacidad de 208L. Gracias a su clasificaci\u00f3n energ\u00e9tica A+ ahorrar\u00e1s en tu factura de la luz, pues tan solo consume 0.57kWh al d\u00eda. El interior del frigor\u00edfico de dos puertas RFD-212B est\u00e1 equipado con: Caj\u00f3n para vegetales con cubierta de cristal Estante de cristal en el congelador 4 balcones en la puerta del frigor\u00edfico El congelador es 4**** lo que garantiza una \u00f3ptima conservaci\u00f3n de los alimentos pues la temperatura llega a los -24\u00baC. Gracias a su puerta reversible podr\u00e1s colocar tu frigor\u00edfico de dos puertas RFD-212B en cualquier lugar de tu cocina, adem\u00e1s, las patas son regulables en altura lo que te permitir\u00e1 ajustarlo a la altura que desees. Controla la temperatura de tu frigor\u00edfico mediante el control de temperatura mec\u00e1nico que lleva integrado. Las medidas son 142,2 x 55 x 58,3 cm y su peso de 39kg.<\/p>\n<p>&nbsp;<\/p>\n","protected":false},"featured_media":271899,"comment_status":"open","ping_status":"closed","template":"","meta":{"_et_pb_use_builder":"","_et_pb_old_content":"","_et_gb_content_width":""},"product_cat":[49,34],"product_tag":[43,107,106],"class_list":{"0":"post-260809","1":"product","2":"type-product","3":"status-publish","4":"has-post-thumbnail","6":"product_cat-frigorificos","7":"product_cat-gran-electrodomestico","8":"product_tag-frigo","9":"product_tag-frigorifico","10":"product_tag-nevera","12":"first","13":"outofstock","14":"sale","15":"taxable","16":"shipping-taxable","17":"purchasable","18":"product-type-simple"},"_links":{"self":[{"href":"https:\/\/dabella.es\/index.php?rest_route=\/wp\/v2\/product\/260809","targetHints":{"allow":["GET"]}}],"collection":[{"href":"https:\/\/dabella.es\/index.php?rest_route=\/wp\/v2\/product"}],"about":[{"href":"https:\/\/dabella.es\/index.php?rest_route=\/wp\/v2\/types\/product"}],"replies":[{"embeddable":true,"href":"https:\/\/dabella.es\/index.php?rest_route=%2Fwp%2Fv2%2Fcomments&post=260809"}],"wp:featuredmedia":[{"embeddable":true,"href":"https:\/\/dabella.es\/index.php?rest_route=\/wp\/v2\/media\/271899"}],"wp:attachment":[{"href":"https:\/\/dabella.es\/index.php?rest_route=%2Fwp%2Fv2%2Fmedia&parent=260809"}],"wp:term":[{"taxonomy":"product_cat","embeddable":true,"href":"https:\/\/dabella.es\/index.php?rest_route=%2Fwp%2Fv2%2Fproduct_cat&post=260809"},{"taxonomy":"product_tag","embeddable":true,"href":"https:\/\/dabella.es\/index.php?rest_route=%2Fwp%2Fv2%2Fproduct_tag&post=260809"}],"curies":[{"name":"wp","href":"https:\/\/api.w.org\/{rel}","templated":true}]}}