{"id":261006,"date":"2020-04-04T11:29:03","date_gmt":"2020-04-04T11:29:03","guid":{"rendered":"https:\/\/dabella.es\/?post_type=product&#038;p=261006"},"modified":"2023-10-30T18:02:04","modified_gmt":"2023-10-30T18:02:04","slug":"tablet-withtech-3gwifibluetooth-4-032gb4gb-ramandroid-7funda-regalo","status":"publish","type":"product","link":"https:\/\/dabella.es\/?product=tablet-withtech-3gwifibluetooth-4-032gb4gb-ramandroid-7funda-regalo","title":{"rendered":"TABLET WITHTECH 3G+WiFi+Bluetooth 4.0,32GB,4GB RAM,Android 7+Funda REGALO"},"content":{"rendered":"<h2 class=\"default\">Descripci\u00f3n del producto<\/h2>\n<div id=\"productDescription\" class=\"a-section a-spacing-small\">\n<p>Sistema Operativo &#8211; Android 7 Pantalla &#8211; 10.1 pulgadas IPS Resoluci\u00f3n &#8211; 1280*800 P\u00edxeles CPU &#8211; MT8752 Octa Core RAM &#8211; 4 GB Memoria Interna &#8211; 32GB Camara &#8211; 2.0MP delantero Back 5.0MP C\u00e1maras Iinal\u00e1mbrica &#8211; Wifi 802.11 b\/g 2G &#8211; GSM 850\/900\/1800\/1900 MHz 3G &#8211; WCDMA 2100 MHz GPS &#8211; A-GPS Bluetooth &#8211; Si G-sensor &#8211; Incluido Bater\u00eda &#8211; 6000 mAh bater\u00eda de Li-ion Especificaci\u00f3n del dispositivo. Color &#8211; Blanco, Negro, Oro Dimensiones &#8211; 241.2x170x11.7mm Peso tablet &#8211; 480 Gm Soporte de Software Correo electr\u00f3nico &#8211; correo electr\u00f3nico, POP3\/SMTP\/IMAP4 otros QQ, skype&#8230; Multi-Media v\u00eddeo &#8211; AVI, MP4, FLV, 3GP, MKV, WMV etc. Audio &#8211; MP3, WMA, WAV, APE, FLAC, AAC, OGG, etc Imagen &#8211; JPG\/BMP\/PNG\/GIF. E-Book &#8211; PDF, TXT etc. Puertos 1 x Ranura Micro USB 1 x Ranura Para Tarjeta DEL TF 2 x Ranura Para Tarjeta SIM 1 x Toma de Auriculares Contenido del paquete 1 x Tablet PC 1 x Manual del Usuario 1 x Cargador 1 x funda simil piel Peso total paquete 1. kg<\/p>\n<p>NO ENVIAMOS A CEUTA Y MELILLA NI A LAS ISLAS CANARIAS NI BALEARES<\/p>\n<\/div>\n","protected":false},"excerpt":{"rendered":"<div id=\"PicturePanel\" class=\"pp-c pic_panel\">\n<div class=\"pp-ic pp-ic500 \">\n<div class=\"spr\"><\/div>\n<div class=\"\">\n<div id=\"vi_main_img_fs_slider\" class=\"vi-filmstp\">\n<div id=\"vi_main_img_fs\" class=\"fs_imgc\">\n<p><span style=\"color: #333333; font-size: 30px;\">TABLET WITHTECH 3G+WiFi+Blueto<\/span><wbr style=\"color: #333333; font-size: 30px;\" \/><span style=\"color: #333333; font-size: 30px;\">oth 4.0,32GB,4GB RAM,Android 7+Funda REGALO <\/span><\/p>\n<p><span style=\"color: #333333; font-size: 30px;\">ENV\u00cdO 24HORAS<\/span><\/p>\n<p>PAGOS DISPONIBLES: PAYPAL, CONTRA REEMBOLSO CORREOS EXPRESS O TRANSFERENCIA<\/p>\n<p>&nbsp;<\/p>\n<\/div>\n<\/div>\n<\/div>\n<\/div>\n<\/div>\n","protected":false},"featured_media":261008,"comment_status":"open","ping_status":"closed","template":"","meta":{"_et_pb_use_builder":"","_et_pb_old_content":"","_et_gb_content_width":""},"product_cat":[109],"product_tag":[],"class_list":{"0":"post-261006","1":"product","2":"type-product","3":"status-publish","4":"has-post-thumbnail","6":"product_cat-deshumidificadores","8":"first","9":"outofstock","10":"sale","11":"taxable","12":"shipping-taxable","13":"purchasable","14":"product-type-simple"},"_links":{"self":[{"href":"https:\/\/dabella.es\/index.php?rest_route=\/wp\/v2\/product\/261006","targetHints":{"allow":["GET"]}}],"collection":[{"href":"https:\/\/dabella.es\/index.php?rest_route=\/wp\/v2\/product"}],"about":[{"href":"https:\/\/dabella.es\/index.php?rest_route=\/wp\/v2\/types\/product"}],"replies":[{"embeddable":true,"href":"https:\/\/dabella.es\/index.php?rest_route=%2Fwp%2Fv2%2Fcomments&post=261006"}],"wp:featuredmedia":[{"embeddable":true,"href":"https:\/\/dabella.es\/index.php?rest_route=\/wp\/v2\/media\/261008"}],"wp:attachment":[{"href":"https:\/\/dabella.es\/index.php?rest_route=%2Fwp%2Fv2%2Fmedia&parent=261006"}],"wp:term":[{"taxonomy":"product_cat","embeddable":true,"href":"https:\/\/dabella.es\/index.php?rest_route=%2Fwp%2Fv2%2Fproduct_cat&post=261006"},{"taxonomy":"product_tag","embeddable":true,"href":"https:\/\/dabella.es\/index.php?rest_route=%2Fwp%2Fv2%2Fproduct_tag&post=261006"}],"curies":[{"name":"wp","href":"https:\/\/api.w.org\/{rel}","templated":true}]}}