{"id":271865,"date":"2022-01-20T17:52:02","date_gmt":"2022-01-20T17:52:02","guid":{"rendered":"https:\/\/dabella.es\/?post_type=product&#038;p=271865"},"modified":"2023-12-05T18:22:56","modified_gmt":"2023-12-05T18:22:56","slug":"arcon-edesa-420-litros-bajo-consumo-a","status":"publish","type":"product","link":"https:\/\/dabella.es\/?product=arcon-edesa-420-litros-bajo-consumo-a","title":{"rendered":"ARC\u00d3N EDESA 420 LITROS BAJO CONSUMO A+"},"content":{"rendered":"<p><img loading=\"lazy\" decoding=\"async\" class=\"alignnone size-medium wp-image-271866\" src=\"https:\/\/dabella.es\/wp-content\/uploads\/2022\/01\/edesa-arcon-300x260.jpg\" alt=\"\" width=\"300\" height=\"260\" \/> <img loading=\"lazy\" decoding=\"async\" class=\"alignnone size-medium wp-image-271867\" src=\"https:\/\/dabella.es\/wp-content\/uploads\/2022\/01\/EDE-300x195.png\" alt=\"\" width=\"300\" height=\"195\" \/><\/p>\n","protected":false},"excerpt":{"rendered":"<p>Consigue tu congelador de gran capacidad para mantener tus alimentos frescos durante el doble de tiempo gracias al\u00a0EZH4211\u00a0de Edesa.<\/p>\n<div>\n<h2>Iluminaci\u00f3n potente con menos consumo<\/h2>\n<div>\n<div>La\u00a0iluminaci\u00f3n LED\u00a0es mucho m\u00e1s intensa, consiguiendo as\u00ed una mayor claridad en todo el frigor\u00edfico. Adem\u00e1s de consumir menos y durar m\u00e1s tiempo, no produce destello ni parpadeos y su luz fr\u00eda no irradia calor hacia los alimentos.<\/div>\n<h2>Regulaci\u00f3n mec\u00e1nica de la temperatura<\/h2>\n<div>Gracias a su\u00a0termostato ajustable\u00a0podr\u00e1 elegir la temperatura a la que necesitas conservar o congelar tus productos dentro de un intervalo de\u00a010 a &#8211; 43\u00baC.<\/div>\n<h2>Gran capacidad<\/h2>\n<div>Su\u00a0capacidad de 418 litros\u00a0te brindar\u00e1 el espacio necesario para guardar grandes cantidades de alimentos salvando el espacio y el dise\u00f1o de tu cocina.<\/div>\n<div>\n<div>\n<h2>Todas las facilidades a tu alcance<\/h2>\n<\/div>\n<div>No te dar\u00e1s cuenta de que est\u00e1 ah\u00ed gracias a su\u00a0bajo nivel sonoro\u00a0de 44 dB(A). Adem\u00e1s, su\u00a0f\u00e1cil limpieza interior te permitir\u00e1 mantener tu producto siempre como nuevo y las\u00a0ruedas\u00a0te facilitar\u00e1 su desplazamiento y movilidad.<\/div>\n<div>\n<ul>\n<li>Congelador horizontal con tecnolog\u00eda Defrost<\/li>\n<li>Fr\u00edo homog\u00e9neo en congelador<\/li>\n<li>Funci\u00f3n dual: congelador\/conservador<\/li>\n<li>Clase de eficiencia energ\u00e9tica: F<\/li>\n<li>Regulaci\u00f3n mec\u00e1nica de la temperatura<\/li>\n<li>Tirador integrado<\/li>\n<li>Interior f\u00e1cil de limpiar<\/li>\n<li>1 cesto incluido<\/li>\n<li>Junta desmontable<\/li>\n<li>Ruedas para mejorar el transporte<\/li>\n<li>Capacidad neta: 418 Litros<\/li>\n<li>Consumo el\u00e9ctrico anual: 337 Kw<\/li>\n<li>Clase clim\u00e1tica: SN\/N\/ST\/T (10-43\u00baC)<\/li>\n<li>Iluminaci\u00f3n LED<\/li>\n<\/ul>\n<div><\/div>\n<blockquote>\n<div>\n<h2>Datos de inter\u00e9s<\/h2>\n<\/div>\n<\/blockquote>\n<div>\n<div>\n<ul>\n<li style=\"list-style-type: none;\">\n<ul>\n<li>Marca del fabricante: Edesa<\/li>\n<li>Referencia del fabricante:\u00a0EZH4211<\/li>\n<li>C\u00f3digo EAN:\u00a08422248098557<\/li>\n<li>3 a\u00f1os de garant\u00eda<\/li>\n<\/ul>\n<\/li>\n<\/ul>\n<\/div>\n<\/div>\n<\/div>\n<\/div>\n<\/div>\n<\/div>\n","protected":false},"featured_media":271867,"comment_status":"open","ping_status":"closed","template":"","meta":{"_et_pb_use_builder":"","_et_pb_old_content":"","_et_gb_content_width":""},"product_cat":[104,34],"product_tag":[103,102],"class_list":{"0":"post-271865","1":"product","2":"type-product","3":"status-publish","4":"has-post-thumbnail","6":"product_cat-arcones-congeladores","7":"product_cat-gran-electrodomestico","8":"product_tag-arcon","9":"product_tag-congelador","10":"product_shipping_class-blanca-galicia","12":"first","13":"outofstock","14":"sale","15":"taxable","16":"shipping-taxable","17":"purchasable","18":"product-type-simple"},"_links":{"self":[{"href":"https:\/\/dabella.es\/index.php?rest_route=\/wp\/v2\/product\/271865","targetHints":{"allow":["GET"]}}],"collection":[{"href":"https:\/\/dabella.es\/index.php?rest_route=\/wp\/v2\/product"}],"about":[{"href":"https:\/\/dabella.es\/index.php?rest_route=\/wp\/v2\/types\/product"}],"replies":[{"embeddable":true,"href":"https:\/\/dabella.es\/index.php?rest_route=%2Fwp%2Fv2%2Fcomments&post=271865"}],"wp:featuredmedia":[{"embeddable":true,"href":"https:\/\/dabella.es\/index.php?rest_route=\/wp\/v2\/media\/271867"}],"wp:attachment":[{"href":"https:\/\/dabella.es\/index.php?rest_route=%2Fwp%2Fv2%2Fmedia&parent=271865"}],"wp:term":[{"taxonomy":"product_cat","embeddable":true,"href":"https:\/\/dabella.es\/index.php?rest_route=%2Fwp%2Fv2%2Fproduct_cat&post=271865"},{"taxonomy":"product_tag","embeddable":true,"href":"https:\/\/dabella.es\/index.php?rest_route=%2Fwp%2Fv2%2Fproduct_tag&post=271865"}],"curies":[{"name":"wp","href":"https:\/\/api.w.org\/{rel}","templated":true}]}}