{"id":271869,"date":"2022-01-20T18:30:45","date_gmt":"2022-01-20T18:30:45","guid":{"rendered":"https:\/\/dabella.es\/?post_type=product&#038;p=271869"},"modified":"2023-12-05T17:56:51","modified_gmt":"2023-12-05T17:56:51","slug":"deshumidificador-midea-20l","status":"publish","type":"product","link":"https:\/\/dabella.es\/?product=deshumidificador-midea-20l","title":{"rendered":"Deshumidificador midea 20L con wifi y secado ropa"},"content":{"rendered":"<ul>\n<li><span style=\"color: #003366;\"><strong>DESHUMDIFICADOR 20 LITROS CON WIFI Y FUNCI\u00d3N SECADO ROPA Y ZAPATOS<\/strong><\/span><\/li>\n<li><strong><em><span style=\"color: #ff0000;\">ENVIO 24 HORAS, POR CORREOS EXPRESS, PAGO CONTRAREEMBOLSO 7\u20ac<\/span><\/em><\/strong><\/li>\n<li>Capacidad: 20 L \/ d\u00eda<\/li>\n<li>Consumo: 440 W<\/li>\n<li>Caudal de aire\u00a099\/168 m3\/h<\/li>\n<li>Presi\u00f3n sonora\u00a041\/46 dB(A)<\/li>\n<li>Dep\u00f3sito de 3 Litros<\/li>\n<li>Alimentaci\u00f3n 220-240 V \/ 1 f \/ 50 Hz<\/li>\n<li>Rango de operaci\u00f3n\u00a05 &#8211; 35 \u00b0C \/ 35 &#8211; 85 %<\/li>\n<li>\u00c1rea de trabajo recomendada +-50 m2<\/li>\n<\/ul>\n<blockquote>\n<h2>Dimensiones<\/h2>\n<\/blockquote>\n<div>\n<ul>\n<li style=\"list-style-type: none;\">\n<ul>\n<li>Ancho: 350 mm<\/li>\n<li>Alto: 510 mm<\/li>\n<li>Fondo: 245 mm<\/li>\n<li>Peso: 15,10 kg<\/li>\n<\/ul>\n<\/li>\n<\/ul>\n<\/div>\n<div><\/div>\n<div>\n<h2>Datos de inter\u00e9s<\/h2>\n<div>\n<ul>\n<li>Marca del Fabricante: Midea<\/li>\n<li>Referencia del fabricante:\u00a0MDDF-20DEN7-QA3<\/li>\n<li>C\u00f3digo EAN: 8431312201137<\/li>\n<\/ul>\n<p><strong><em><span style=\"color: #ff0000;\">ENVIO 24 HORAS, POR CORREOS EXPRESS, PAGO CONTRAREEMBOLSO 7\u20ac<\/span><\/em><\/strong><\/p>\n<\/div>\n<\/div>\n","protected":false},"excerpt":{"rendered":"<p><strong><em><span style=\"color: #ff0000;\">ENVIO 24 HORAS, POR CORREOS EXPRESS, PAGO CONTRAREEMBOLSO 7\u20ac<\/span><\/em><\/strong><\/p>\n<p>modelo:MDDF20DEN7 2O LITROS CON RUEDAS<\/p>\n<div><img decoding=\"async\" title=\"\" src=\"https:\/\/www.lacasadelelectrodomestico.com\/DF20midea.gif\" alt=\"\" \/><\/div>\n<div><\/div>\n<div>Mant\u00e9n alejada la humedad de tu hogar, oficina o comercio gracias a la estupenda ayuda de un deshumidificador. Ligero, compacto y con resultados excelentes.<\/div>\n<h2>Caracter\u00edsticas destacadas humidificador Midea DF20<\/h2>\n<div>\n<ul>\n<li>Este modelo est\u00e1 capacitado para trabajar en espacios con un \u00e1rea de hasta 50 m2. Es importante que elijas un modelo adecuado a la sala donde vayas a utilizarlo para conseguir los resultados prometidos.<\/li>\n<\/ul>\n<ul>\n<li>Mide\u00a051 x 35 x 24,5\u00a0cent\u00edmetros (alto x ancho x fondo), lo que le hace muy manejable y te permitir\u00e1 encontrarle hueco en cualquier caso<\/li>\n<\/ul>\n<ul>\n<li>Su\u00a0dep\u00f3sito\u00a0puede acumular hasta 3 litros.<\/li>\n<\/ul>\n<ul>\n<li>Al d\u00eda, es capaz de absorber hasta\u00a020 litros.<\/li>\n<\/ul>\n<div><img decoding=\"async\" title=\"\" src=\"https:\/\/www.lacasadelelectrodomestico.com\/RestartMIDEA.gif\" alt=\"\" \/><\/div>\n<h2>Auto-Restart<\/h2>\n<div>No te preocupes si durante su funcionamiento algo ocurre y lo para. Por ejemplo, si sufres un corte de luz moment\u00e1neo, el aparato se apagar\u00e1 en ese momento, pero se recuperar\u00e1 solo. Con este sistema tu deshumidificador\u00a0se reiniciar\u00e1 de manera autom\u00e1tica\u00a0recordando los ajustes que le hab\u00edas indicado y seguir\u00e1 trabajando como si nada hubiera pasado.<\/div>\n<div><\/div>\n<div><img decoding=\"async\" title=\"\" src=\"https:\/\/www.lacasadelelectrodomestico.com\/Programador24HorasMIDEA.gif\" alt=\"\" \/><\/div>\n<h2>Programador 24 horas<\/h2>\n<div>Otro plus de comodidad que le hace destacar: poder programarlo. Puedes\u00a0elegir su encendido y apagado durante todo el d\u00eda. As\u00ed, podr\u00e1s dejarlo preparado para antes de irte a dormir, cuando te levantes, cuando llegues a la oficina&#8230; Lo que m\u00e1s adecuado sea para tus necesidades personales.<\/div>\n<div>https:\/\/www.midea.es\/productos\/deshumidificador-df20\/<\/div>\n<\/div>\n","protected":false},"featured_media":271870,"comment_status":"closed","ping_status":"closed","template":"","meta":{"_et_pb_use_builder":"","_et_pb_old_content":"","_et_gb_content_width":""},"product_cat":[109,110,35],"product_tag":[112,111],"class_list":{"0":"post-271869","1":"product","2":"type-product","3":"status-publish","4":"has-post-thumbnail","6":"product_cat-deshumidificadores","7":"product_cat-deshumidificadores-gran-electrodomestico","8":"product_cat-pequenos-electrodomesticos","9":"product_tag-20-litros","10":"product_tag-deshumidificador","11":"product_shipping_class-envio-48-horas","13":"first","14":"instock","15":"sale","16":"taxable","17":"shipping-taxable","18":"purchasable","19":"product-type-simple"},"_links":{"self":[{"href":"https:\/\/dabella.es\/index.php?rest_route=\/wp\/v2\/product\/271869","targetHints":{"allow":["GET"]}}],"collection":[{"href":"https:\/\/dabella.es\/index.php?rest_route=\/wp\/v2\/product"}],"about":[{"href":"https:\/\/dabella.es\/index.php?rest_route=\/wp\/v2\/types\/product"}],"replies":[{"embeddable":true,"href":"https:\/\/dabella.es\/index.php?rest_route=%2Fwp%2Fv2%2Fcomments&post=271869"}],"wp:featuredmedia":[{"embeddable":true,"href":"https:\/\/dabella.es\/index.php?rest_route=\/wp\/v2\/media\/271870"}],"wp:attachment":[{"href":"https:\/\/dabella.es\/index.php?rest_route=%2Fwp%2Fv2%2Fmedia&parent=271869"}],"wp:term":[{"taxonomy":"product_cat","embeddable":true,"href":"https:\/\/dabella.es\/index.php?rest_route=%2Fwp%2Fv2%2Fproduct_cat&post=271869"},{"taxonomy":"product_tag","embeddable":true,"href":"https:\/\/dabella.es\/index.php?rest_route=%2Fwp%2Fv2%2Fproduct_tag&post=271869"}],"curies":[{"name":"wp","href":"https:\/\/api.w.org\/{rel}","templated":true}]}}