{"id":271873,"date":"2022-01-20T18:35:52","date_gmt":"2022-01-20T18:35:52","guid":{"rendered":"https:\/\/dabella.es\/?post_type=product&#038;p=271873"},"modified":"2023-12-05T17:56:44","modified_gmt":"2023-12-05T17:56:44","slug":"deshumidificador-hisense-16-litros","status":"publish","type":"product","link":"https:\/\/dabella.es\/?product=deshumidificador-hisense-16-litros","title":{"rendered":"Deshumidificador hisense 16 litros"},"content":{"rendered":"<p><img loading=\"lazy\" decoding=\"async\" class=\"alignnone size-medium wp-image-271874\" src=\"https:\/\/dabella.es\/wp-content\/uploads\/2022\/01\/desss-300x225.png\" alt=\"\" width=\"300\" height=\"225\" \/> <img loading=\"lazy\" decoding=\"async\" class=\"alignnone size-medium wp-image-271875\" src=\"https:\/\/dabella.es\/wp-content\/uploads\/2022\/01\/dessssssssssssss-300x200.jpg\" alt=\"\" width=\"300\" height=\"200\" \/><\/p>\n","protected":false},"excerpt":{"rendered":"<section id=\"block_0\" class=\"center block6 anim\"><img decoding=\"async\" src=\"https:\/\/www.hisense.es\/wp-content\/uploads\/2021\/01\/2.Humidity-Control.jpg\" alt=\"Deshumidificador DH16\" \/><\/section>\n<section id=\"block_1\" class=\"center block6 anim\">\n<div class=\"text\">\n<h2>Nivel de ruido bajo<\/h2>\n<p>Gracias a la configuraci\u00f3n del ventilador centr\u00edfugo de alto rendimiento, el deshumidificador Hisense puede alcanzar un nivel sonoro por debajo de 45db, lo que le permitir\u00e1 un entorno sin ruido y cuidadoso con el medio ambiente.<\/p>\n<\/div>\n<p><img decoding=\"async\" src=\"https:\/\/www.hisense.es\/wp-content\/uploads\/2021\/01\/4.Low-Noise.png\" alt=\"Deshumidificador DH16\" \/><\/p>\n<\/section>\n<section id=\"block_2\" class=\"center block4 anim\">\n<div class=\"text\">\n<h2>Cobertura de hasta 50\u33a1<\/h2>\n<p>Con una cobertura de hasta 50m2, el deshumidificador Hisense es una soluci\u00f3n ideal para controlar la humedad de cualquier habitaci\u00f3n, desde la sala de estar, el dormitorio, hasta el ba\u00f1o.<\/p>\n<\/div>\n<p><img decoding=\"async\" src=\"https:\/\/www.hisense.es\/wp-content\/uploads\/2021\/01\/5.Coverage-Up-to-50m2.jpg\" alt=\"Deshumidificador DH16\" \/><\/p>\n<\/section>\n<section id=\"block_3\" class=\"center block6 anim\">\n<div class=\"text\">\n<h2>Indicador estado filtro<\/h2>\n<p>El deshumidificador Hisense, le indica cuando el filtro necesita limpiarse. Est\u00e1 equipado con filtro lavable que ayuda a reducir el polvo, los olores y las part\u00edculas,proporcionando un aire fresco y saludable.<\/p>\n<\/div>\n<p><img decoding=\"async\" src=\"https:\/\/www.hisense.es\/wp-content\/uploads\/2021\/01\/6.Filter-Indicator-1.jpg\" alt=\"Deshumidificador DH16\" \/><\/p>\n<\/section>\n<section id=\"block_4\" class=\"center block4 anim\">\n<div class=\"text\">\n<h2>F\u00e1cil uso y programaci\u00f3n<\/h2>\n<p>Programe su humidificador con un panel de control t\u00e1ctil sencillo para toda la familia, f\u00e1cil de manejar. Presione + o &#8211; para ajustar el nivel de humedad (5% de aumento o disminuci\u00f3n del nivel de humedad cada vez que presiona).<\/p>\n<\/div>\n<p><img decoding=\"async\" src=\"https:\/\/www.hisense.es\/wp-content\/uploads\/2021\/01\/7.Simple-Manual-Operation.jpg\" alt=\"Deshumidificador DH16\" \/><\/p>\n<\/section>\n<section id=\"block_5\" class=\"center block6 anim\">\n<div class=\"text\">\n<h2>Pantalla LED con informaci\u00f3n de la humedad ambiental<\/h2>\n<p>Incorpora una pantalla LED con la que puede verificar la humedad en cualquier momento. Tambi\u00e9n le indica el nivel de humedad deseada cuando configura el equipo. Cinco segundos despu\u00e9s, volver\u00e1 a mostrar la humedad de la habitaci\u00f3n.<\/p>\n<\/div>\n<p><img decoding=\"async\" src=\"https:\/\/www.hisense.es\/wp-content\/uploads\/2021\/01\/8.Room-Humidity-LED-Display.jpg\" alt=\"Deshumidificador DH16\" \/><\/p>\n<\/section>\n<section id=\"block_6\" class=\"center block4 anim\">\n<div class=\"text\">\n<h2>Indicador Dep\u00f3sito Lleno<\/h2>\n<p>No es necesario abrir el dep\u00f3sito de agua para verificar el nivel. El indicador se enciende para informarle que debe vaciarse.<\/p>\n<\/div>\n<p><img decoding=\"async\" src=\"https:\/\/www.hisense.es\/wp-content\/uploads\/2021\/01\/9.Bucket-Full-Indicator-1.jpg\" alt=\"Deshumidificador DH16\" \/><\/p>\n<\/section>\n<section id=\"block_7\" class=\"center block6 anim\">\n<div class=\"text\">\n<h2>Dise\u00f1o ergon\u00f3mico<\/h2>\n<p>Dise\u00f1ado hasta el \u00faltimo detalle para un manejo f\u00e1cil e intuitivo.<\/p>\n<\/div>\n<\/section>\n","protected":false},"featured_media":271874,"comment_status":"open","ping_status":"closed","template":"","meta":{"_et_pb_use_builder":"","_et_pb_old_content":"","_et_gb_content_width":""},"product_cat":[109,110,34],"product_tag":[111,113],"class_list":{"0":"post-271873","1":"product","2":"type-product","3":"status-publish","4":"has-post-thumbnail","6":"product_cat-deshumidificadores","7":"product_cat-deshumidificadores-gran-electrodomestico","8":"product_cat-gran-electrodomestico","9":"product_tag-deshumidificador","10":"product_tag-16-litros","11":"product_shipping_class-envio-48-horas","13":"first","14":"instock","15":"taxable","16":"shipping-taxable","17":"purchasable","18":"product-type-simple"},"_links":{"self":[{"href":"https:\/\/dabella.es\/index.php?rest_route=\/wp\/v2\/product\/271873","targetHints":{"allow":["GET"]}}],"collection":[{"href":"https:\/\/dabella.es\/index.php?rest_route=\/wp\/v2\/product"}],"about":[{"href":"https:\/\/dabella.es\/index.php?rest_route=\/wp\/v2\/types\/product"}],"replies":[{"embeddable":true,"href":"https:\/\/dabella.es\/index.php?rest_route=%2Fwp%2Fv2%2Fcomments&post=271873"}],"wp:featuredmedia":[{"embeddable":true,"href":"https:\/\/dabella.es\/index.php?rest_route=\/wp\/v2\/media\/271874"}],"wp:attachment":[{"href":"https:\/\/dabella.es\/index.php?rest_route=%2Fwp%2Fv2%2Fmedia&parent=271873"}],"wp:term":[{"taxonomy":"product_cat","embeddable":true,"href":"https:\/\/dabella.es\/index.php?rest_route=%2Fwp%2Fv2%2Fproduct_cat&post=271873"},{"taxonomy":"product_tag","embeddable":true,"href":"https:\/\/dabella.es\/index.php?rest_route=%2Fwp%2Fv2%2Fproduct_tag&post=271873"}],"curies":[{"name":"wp","href":"https:\/\/api.w.org\/{rel}","templated":true}]}}