{"id":271919,"date":"2022-11-17T16:01:56","date_gmt":"2022-11-17T16:01:56","guid":{"rendered":"https:\/\/dabella.es\/?post_type=product&#038;p=271919"},"modified":"2023-10-17T09:36:59","modified_gmt":"2023-10-17T09:36:59","slug":"secadora-candy-8kg-condensacion","status":"publish","type":"product","link":"https:\/\/dabella.es\/?product=secadora-candy-8kg-condensacion","title":{"rendered":"secadora candy 8kg condensaci\u00f3n"},"content":{"rendered":"<p><em><strong><span style=\"color: #ff0000;\">***CONSULTAR POR WHATSAPP DISPONIBILIDAD Y PRECIO DE ENV\u00cdO ANTES DE REALIZAR LA COMPRA***<\/span><\/strong><\/em><br \/>\n<em><strong><span style=\"color: #ff0000;\"> (ZONAS DE ENTREGA LA CORU\u00d1A Y ALREDEDORES)<\/span><\/strong><\/em><\/p>\n<p>secadora 8kg de condensaci\u00f3n<\/p>\n<p>Candy CS C8LF-S, Secadora Condensaci\u00f3n,<\/p>\n<p>8KG, Digital y Mandos, Tecnolog\u00eda NFC, 14 Ciclos, Escotilla XXL,<\/p>\n<p>Certificado Secado Lana, Planchado F\u00e1cil, Inicio&#8230;<\/p>\n","protected":false},"excerpt":{"rendered":"<h5 class=\"a-size-base-plus a-text-bold\"><em><strong><span style=\"color: #ff0000;\">***CONSULTAR POR WHATSAPP DISPONIBILIDAD Y PRECIO DE ENV\u00cdO ANTES DE REALIZAR LA COMPRA***<\/span><\/strong><\/em><br \/>\n<em><strong><span style=\"color: #ff0000;\"> (ZONAS DE ENTREGA LA CORU\u00d1A Y ALREDEDORES)<\/span><\/strong><\/em><\/h5>\n<ul class=\"a-unordered-list a-vertical a-spacing-mini\">\n<li><span class=\"a-list-item\">Secadora conectada a NFC: conecta tu secadora con la App Simply-Fi y consigue ciclos de secado adicionales, inicio diferido y asistente de voz<\/span><\/li>\n<li><span class=\"a-list-item\">Di adi\u00f3s a los dolores de espalda mientras introduces la colada en la secadora: la puerta de tama\u00f1o XXL, asegura una posici\u00f3n c\u00f3moda durante tus sesiones de lavado<\/span><\/li>\n<li><span class=\"a-list-item\">Reduce los pliegues y enredos al finalizar el ciclo para un planchado m\u00e1s f\u00e1cil: la funci\u00f3n Super F\u00e1cil Planchado deja las prendas con la humedad adecuada para facilitar y reducir tiempos de las sesiones de planchado<\/span><\/li>\n<li><span class=\"a-list-item\">Tu lana en buenas manos: ciclo espec\u00edficamente dise\u00f1ado para lavar tus prendas de lana con la suavidad de un lavado a mano; Certificado por Woolmark ApparelCare<\/span><\/li>\n<li><span class=\"a-list-item\">Dimensiones (alto x ancho x profundo): 85 x 59,6 x 58,5cm<\/span><\/li>\n<\/ul>\n<p>&nbsp;<\/p>\n","protected":false},"featured_media":271916,"comment_status":"open","ping_status":"closed","template":"","meta":{"_et_pb_use_builder":"","_et_pb_old_content":"","_et_gb_content_width":""},"product_cat":[48],"product_tag":[],"class_list":{"0":"post-271919","1":"product","2":"type-product","3":"status-publish","4":"has-post-thumbnail","6":"product_cat-secadoras","8":"first","9":"outofstock","10":"taxable","11":"shipping-taxable","12":"purchasable","13":"product-type-simple"},"_links":{"self":[{"href":"https:\/\/dabella.es\/index.php?rest_route=\/wp\/v2\/product\/271919","targetHints":{"allow":["GET"]}}],"collection":[{"href":"https:\/\/dabella.es\/index.php?rest_route=\/wp\/v2\/product"}],"about":[{"href":"https:\/\/dabella.es\/index.php?rest_route=\/wp\/v2\/types\/product"}],"replies":[{"embeddable":true,"href":"https:\/\/dabella.es\/index.php?rest_route=%2Fwp%2Fv2%2Fcomments&post=271919"}],"wp:featuredmedia":[{"embeddable":true,"href":"https:\/\/dabella.es\/index.php?rest_route=\/wp\/v2\/media\/271916"}],"wp:attachment":[{"href":"https:\/\/dabella.es\/index.php?rest_route=%2Fwp%2Fv2%2Fmedia&parent=271919"}],"wp:term":[{"taxonomy":"product_cat","embeddable":true,"href":"https:\/\/dabella.es\/index.php?rest_route=%2Fwp%2Fv2%2Fproduct_cat&post=271919"},{"taxonomy":"product_tag","embeddable":true,"href":"https:\/\/dabella.es\/index.php?rest_route=%2Fwp%2Fv2%2Fproduct_tag&post=271919"}],"curies":[{"name":"wp","href":"https:\/\/api.w.org\/{rel}","templated":true}]}}