{"id":271924,"date":"2022-11-17T17:55:29","date_gmt":"2022-11-17T17:55:29","guid":{"rendered":"https:\/\/dabella.es\/?post_type=product&#038;p=271924"},"modified":"2024-08-09T11:55:22","modified_gmt":"2024-08-09T11:55:22","slug":"lavadora-beko-8kg-1200-rpm","status":"publish","type":"product","link":"https:\/\/dabella.es\/?product=lavadora-beko-8kg-1200-rpm","title":{"rendered":"LAVADORA BEKO 8KG 1200 RPM \u00a1La m\u00e1s vendida de 8kg!"},"content":{"rendered":"<p>8KG 1200 RPM<\/p>\n<p>BAJO CONSUMO<\/p>\n<p>LAVADO A VAPOR<\/p>\n<p>LAVADOS R\u00c1PIDOS<\/p>\n<p>MOTOR INVERTER<\/p>\n<p>&nbsp;<\/p>\n<h5><strong><span style=\"color: #ff0000;\">***CONSULTAR POR WHATSAPP DISPONIBILIDAD Y PRECIO DE ENV\u00cdO ANTES DE REALIZAR LA COMPRA***<\/span><\/strong><\/h5>\n<h5><strong><span style=\"color: #ff0000;\"> (ZONAS DE ENTREGA LA CORU\u00d1A Y ALREDEDORES)<\/span><\/strong><\/h5>\n","protected":false},"excerpt":{"rendered":"<ul class=\"a-unordered-list a-vertical a-spacing-mini\">\n<li>\n<pre><em><strong><span style=\"color: #ff0000;\">***CONSULTAR POR WHATSAPP DISPONIBILIDAD Y PRECIO DE ENV\u00cdO ANTES DE REALIZAR LA COMPRA***<\/span><\/strong><\/em>\r\n<em><strong><span style=\"color: #ff0000;\">(ZONAS DE ENTREGA LA CORU\u00d1A Y ALREDEDORES)<\/span><\/strong><\/em><\/pre>\n<\/li>\n<li>Caracter\u00edsticas principales: capacidad de carga: 8 kg. Clase de eficiencia energ\u00e9tica C. Velocidad m\u00e1xima de centrifugado: 1200 rpm. Nivel de ruido de lavado: 56 dBA. Nivel de centrifugado: 76 dBA. Motor ProSmart Inverter. Altura 84 cm. Ancho 60 cm. Profundidad 55 cm. Inicio retardado del arranque retardado (0-19 h). Tipo de pantalla. Pantalla Digit color blanco Tipo de instalaci\u00f3n Independiente Programas N\u00famero de Programas 15 Programa 1 Programa Algod\u00f3n 2 Programa Eco Programa 3 Programa Sint\u00e9tico Programa 4 Programa Xpress \/ Super Short Programa 5 Programa Mix Programa Mix 6 Programa Lana \/ Lavado a mano Programa 7 Programa Delicados 8 Programa Centrifugador + Descarga Programa 9 Programa Pro10 programas delicados programa 11, programa para actividades al aire libre y deportivas, programa 12 programas de ropa escuri \/ Jeans Programa 13, programa antimanchas, programa 14, programa de camisas, programa 15 Hygiene + programas, funciones funci\u00f3n 1 prelavado funci\u00f3n 2 Fast+ funci\u00f3n 3 Pet Hair Removal bajo funci\u00f3n, 1 limpieza cesta bajo -. Funci\u00f3n 3 Anti-PlegA+ Tecnolog\u00edas Motor ProSmart Inverter Programa Lana Woolmark OptiSense Design AquaWave Puerto XL Tipo Pantalla Pantalla Digit Color Blanco Material Cesta Acero Inoxidable Rendimiento y Consumo Capacidad de Carga 8 kg Clase de Eficiencia Energ\u00e9tica A+++ (-10%) Velocidad m\u00e1xima de centrifugado 1200 rpm<\/li>\n<\/ul>\n<p><img loading=\"lazy\" decoding=\"async\" class=\"alignnone size-medium wp-image-271925\" src=\"https:\/\/dabella.es\/wp-content\/uploads\/2022\/11\/beko-wta-8612-xswr-lavadora-de-8kg-y-1200rpm-con-vapor-clase-c-0059371-600px-300x106.jpeg\" alt=\"\" width=\"300\" height=\"106\" \/> <img loading=\"lazy\" decoding=\"async\" class=\"alignnone size-medium wp-image-271926\" src=\"https:\/\/dabella.es\/wp-content\/uploads\/2022\/11\/beko-wta-8612-xswr-lavadora-de-8kg-y-1200rpm-con-vapor-clase-c-0177801-600px-206x300.png\" alt=\"\" width=\"206\" height=\"300\" \/><\/p>\n","protected":false},"featured_media":271933,"comment_status":"open","ping_status":"closed","template":"","meta":{"_et_pb_use_builder":"","_et_pb_old_content":"","_et_gb_content_width":""},"product_cat":[34,47],"product_tag":[121,119,60],"class_list":{"0":"post-271924","1":"product","2":"type-product","3":"status-publish","4":"has-post-thumbnail","6":"product_cat-gran-electrodomestico","7":"product_cat-lavadoras","8":"product_tag-8kg","9":"product_tag-beko","10":"product_tag-lavadora","11":"product_shipping_class-blanca-galicia","13":"first","14":"instock","15":"taxable","16":"shipping-taxable","17":"purchasable","18":"product-type-simple"},"_links":{"self":[{"href":"https:\/\/dabella.es\/index.php?rest_route=\/wp\/v2\/product\/271924","targetHints":{"allow":["GET"]}}],"collection":[{"href":"https:\/\/dabella.es\/index.php?rest_route=\/wp\/v2\/product"}],"about":[{"href":"https:\/\/dabella.es\/index.php?rest_route=\/wp\/v2\/types\/product"}],"replies":[{"embeddable":true,"href":"https:\/\/dabella.es\/index.php?rest_route=%2Fwp%2Fv2%2Fcomments&post=271924"}],"wp:featuredmedia":[{"embeddable":true,"href":"https:\/\/dabella.es\/index.php?rest_route=\/wp\/v2\/media\/271933"}],"wp:attachment":[{"href":"https:\/\/dabella.es\/index.php?rest_route=%2Fwp%2Fv2%2Fmedia&parent=271924"}],"wp:term":[{"taxonomy":"product_cat","embeddable":true,"href":"https:\/\/dabella.es\/index.php?rest_route=%2Fwp%2Fv2%2Fproduct_cat&post=271924"},{"taxonomy":"product_tag","embeddable":true,"href":"https:\/\/dabella.es\/index.php?rest_route=%2Fwp%2Fv2%2Fproduct_tag&post=271924"}],"curies":[{"name":"wp","href":"https:\/\/api.w.org\/{rel}","templated":true}]}}