{"id":271990,"date":"2023-11-21T18:23:20","date_gmt":"2023-11-21T18:23:20","guid":{"rendered":"https:\/\/dabella.es\/?post_type=product&#038;p=271990"},"modified":"2024-10-07T11:23:36","modified_gmt":"2024-10-07T11:23:36","slug":"secadora-beko-8kg-bomba-de-calor","status":"publish","type":"product","link":"https:\/\/dabella.es\/?product=secadora-beko-8kg-bomba-de-calor","title":{"rendered":"SECADORA BEKO 8KG BOMBA DE CALOR \u00a1TOP VENTAS!"},"content":{"rendered":"<h4 class=\"h6 Lts(0.2px) title FeatureText__title\">Secado perfecto sin deste\u00f1ido<\/h4>\n<h4 class=\"h6 Lts(0.2px) title FeatureText__title\">Un trato m\u00e1s delicado con un movimiento como el de las olas<\/h4>\n","protected":false},"excerpt":{"rendered":"<div class=\"Mt(70px) Mt(90px)--md\">\n<div>\n<section class=\"MainFeatures__root\">\n<div class=\"container\">\n<div class=\"row Mt(60px)--md Mt(40px)--sm\">\n<div class=\"offset-md-1 order-2 order-md-1 col-md-4\">\n<div class=\"Pt(30px) Pt(90px)--md FeatureText__root aos-init aos-animate\" data-aos=\"fade-up-150\" data-aos-duration=\"1000\">\n<h2 class=\"prefix FeatureText__prefix\">EcoGentle\u2122<\/h2>\n<h4 class=\"h6 Lts(0.2px) title FeatureText__title\">Secado perfecto sin deste\u00f1ido<\/h4>\n<p class=\"pSmall C($kashmir-blue) Mt(30px) Mt(25px)--sm W(100%) W(300px)--xl\">Lo que antes era un armario rebosante de color, ahora es una serie de pasteles apagados. \u00bfC\u00f3mo es posible? La secadora, \u00a1c\u00f3mo no! Por suerte, EcoGentle\u2122 conserva el color de la ropa gracias a su innovadora tecnolog\u00eda de secado. El secado con condensador est\u00e1ndar se combina con un sistema de aire acondicionado que trata la ropa con mayor delicadeza y consigue que el secado sea m\u00e1s eficiente desde el punto de vista energ\u00e9tico.<\/p>\n<\/div>\n<\/div>\n<div class=\"order-1 order-md-2 D(f) Jc(fe) col-md-7\">\n<div class=\"MainFeatures__mainFeatureImages MainFeatureImages__root MainFeatureImages__right aos-init aos-animate\" data-aos=\"true\">\n<div class=\"MainFeatureImages__imagesInner\">\n<div class=\"MainFeatureImages__bigImage\">\n<div class=\"MainFeatureImages__bigImageBackground ac-lazy\" aria-label=\"EcoGentle\u2122\"><\/div>\n<\/div>\n<div class=\"feature-image MainFeatureImages__featureImage \"><picture><source srcset=\"\/content\/dam\/spain-es-aem\/spain-es-aemProductCatalog\/technology\/tech_EcoGentle_TumbleDryers\/TD-EcoGentle-Primary.png\/jcr:content\/renditions\/cq5dam.thumbnail.140.100.png, \/content\/dam\/spain-es-aem\/spain-es-aemProductCatalog\/technology\/tech_EcoGentle_TumbleDryers\/TD-EcoGentle-Primary.png\/jcr:content\/renditions\/cq5dam.thumbnail.319.319.png 1.5x, \/content\/dam\/spain-es-aem\/spain-es-aemProductCatalog\/technology\/tech_EcoGentle_TumbleDryers\/TD-EcoGentle-Primary.png 2x\" type=\"image\/png\" \/><img decoding=\"async\" class=\"ac-lazy\" src=\"https:\/\/www.beko.com\/content\/dam\/spain-es-aem\/spain-es-aemProductCatalog\/technology\/tech_EcoGentle_TumbleDryers\/TD-EcoGentle-Primary.png\" \/><\/picture><\/div>\n<\/div>\n<\/div>\n<\/div>\n<\/div>\n<div class=\"row Mt(70px)--sm Mt(60px)--md\">\n<div class=\"col-md-7\">\n<div class=\"MainFeatures__mainFeatureImages MainFeatureImages__root MainFeatureImages__left aos-init aos-animate\" data-aos=\"true\">\n<div class=\"MainFeatureImages__imagesInner\">\n<div class=\"MainFeatureImages__bigImage\">\n<div class=\"MainFeatureImages__bigImageBackground ac-lazy\" aria-label=\"AquaWave\u00ae\"><\/div>\n<\/div>\n<\/div>\n<\/div>\n<\/div>\n<div class=\"col-md-4 offset-xl-1\">\n<div class=\"Pt(30px) Pt(80px)--md FeatureText__root aos-init aos-animate\" data-aos=\"fade-up-150\" data-aos-duration=\"1000\">\n<h2 class=\"prefix FeatureText__prefix\">AquaWave\u00ae<\/h2>\n<h4 class=\"h6 Lts(0.2px) title FeatureText__title\">Un trato m\u00e1s delicado con un movimiento como el de las olas<\/h4>\n<p class=\"pSmall C($kashmir-blue) Mt(30px) Mt(25px)--sm W(100%) W(300px)--xl\">El proceso de secado puede da\u00f1ar tu ropa. Para evitarlo, te presentamos el cristal de puerta curvado y las palas estrat\u00e9gicamente dise\u00f1adas del sistema AquaWave\u00ae, que mueven la ropa imitando el movimiento de las olas dentro del tambor para tratar la ropa con mayor delicadeza y mejorar la eficacia de secado. La pr\u00f3xima vez que alguien alabe tu ropa y respondas: &#8216;\u00bfEsta cosa vieja?&#8217;, quiz\u00e1 no est\u00e9s exagerando.<\/p>\n<\/div>\n<\/div>\n<\/div>\n<\/div>\n<\/section>\n<\/div>\n<\/div>\n<div class=\"Ov(h) W(100%) Bgc($white) Z(2) PdpPage__content\">\n<div id=\"waypoint-techSpecs\" class=\"JS-waypoint-pagenav Pos(r) T(-100px)--lg T(-80px)\"><\/div>\n<div class=\"Py(90px) Pt(70px)--sm Bgc($pink-lavanda-gray)\">\n<section class=\"aos-init aos-animate\" data-aos=\"fade-500\">\n<div class=\"SectionHeader__root aos-init aos-animate\" data-aos=\"fade-500\" data-aos-offset=\"50\">\n<p class=\"subH SectionHeader__prefix\">Especificaciones t\u00e9cnicas<\/p>\n<\/div>\n<div class=\"container\">\n<div class=\"row Mt(45px) Mt(70px)--md\">\n<div class=\"tech__spec col-md-10 offset-md-1 col-xxl-6 offset-xxl-0\">\n<div class=\"Mt(20px)\">\n<div class=\"JS-toggle ContentToggle__root open\" data-toggle-class=\"open\">\n<div class=\"JS-toggle-button JS-collapse-button ContentToggle__header JS-send-gtm\" data-gtm-event=\"productTechSpecsClick\" data-gtm-data=\"{&quot;ecommerce&quot;:{&quot;click&quot;:{&quot;products&quot;:[{&quot;id&quot;:&quot;7188301700&quot;,&quot;productTitle&quot;:&quot;Secadora Bomba de calor 8Kg&quot;,&quot;productSku&quot;:&quot;7188301700&quot;,&quot;productMarketingCode&quot;:&quot;DHS 8413 GA1&quot;,&quot;productBadges&quot;:&quot;&quot;,&quot;productRichContent&quot;:4}],&quot;actionField&quot;:{&quot;productImage&quot;:&quot;Caracter\u00edsticas principales&quot;}}}}\">\n<div class=\"ContentToggle__titleWrapper\">\n<div class=\"ContentToggle__title\">Caracter\u00edsticas principales<\/div>\n<\/div>\n<\/div>\n<div class=\"collapsible ContentToggle__content open\">\n<div class=\"PropertyTable__root\">\n<div class=\"PropertyTable__row\">\n<div class=\"att_name PropertyTable__column\">\n<p class=\"Maw(180px) Maw(280px)--xl Mx(a)\">Eficiencia Energ\u00e9tica<\/p>\n<\/div>\n<div class=\"att_value PropertyTable__column\">A++<\/div>\n<\/div>\n<div class=\"PropertyTable__row\">\n<div class=\"att_name PropertyTable__column\">\n<p class=\"Maw(180px) Maw(280px)--xl Mx(a)\">Tipo de tecnolog\u00eda de secado<\/p>\n<\/div>\n<div class=\"att_value PropertyTable__column\">Bomba de calor<\/div>\n<\/div>\n<div class=\"PropertyTable__row\">\n<div class=\"att_name PropertyTable__column\">\n<p class=\"Maw(180px) Maw(280px)--xl Mx(a)\">Sensor de secado<\/p>\n<\/div>\n<div class=\"att_value PropertyTable__column\"><\/div>\n<\/div>\n<div class=\"PropertyTable__row\">\n<div class=\"att_name PropertyTable__column\">\n<p class=\"Maw(180px) Maw(280px)--xl Mx(a)\">Altura<\/p>\n<\/div>\n<div class=\"att_value PropertyTable__column\">84.6 cm<\/div>\n<\/div>\n<div class=\"PropertyTable__row\">\n<div class=\"att_name PropertyTable__column\">\n<p class=\"Maw(180px) Maw(280px)--xl Mx(a)\">Ancho<\/p>\n<\/div>\n<div class=\"att_value PropertyTable__column\">59.7 cm<\/div>\n<\/div>\n<div class=\"PropertyTable__row\">\n<div class=\"att_name PropertyTable__column\">\n<p class=\"Maw(180px) Maw(280px)--xl Mx(a)\">Profundidad<\/p>\n<\/div>\n<div class=\"att_value PropertyTable__column\">53.7 cm<\/div>\n<\/div>\n<div class=\"PropertyTable__row\">\n<div class=\"att_name PropertyTable__column\">\n<p class=\"Maw(180px) Maw(280px)--xl Mx(a)\">Tipo de display<\/p>\n<\/div>\n<div class=\"att_value PropertyTable__column\">Pantalla digital<\/div>\n<\/div>\n<div class=\"PropertyTable__row\">\n<div class=\"att_name PropertyTable__column\">\n<p class=\"Maw(180px) Maw(280px)--xl Mx(a)\">Color<\/p>\n<\/div>\n<div class=\"att_value PropertyTable__column\">Blanco<\/div>\n<\/div>\n<div class=\"PropertyTable__row\">\n<div class=\"att_name PropertyTable__column\">\n<p class=\"Maw(180px) Maw(280px)--xl Mx(a)\">Capacity 8KG<\/p>\n<\/div>\n<div class=\"att_value PropertyTable__column\">3.27<\/div>\n<\/div>\n<div class=\"PropertyTable__row\">\n<div class=\"att_name PropertyTable__column\">\n<p class=\"Maw(180px) Maw(280px)--xl Mx(a)\">Width &#8211; Unpacked (in.)(x)<\/p>\n<\/div>\n<div class=\"att_value PropertyTable__column\">23.503937<\/div>\n<\/div>\n<div class=\"PropertyTable__row\">\n<div class=\"att_name PropertyTable__column\">\n<p class=\"Maw(180px) Maw(280px)--xl Mx(a)\">Capacidad de secado<\/p>\n<\/div>\n<div class=\"att_value PropertyTable__column\">8 kg<\/div>\n<\/div>\n<div class=\"PropertyTable__row\">\n<div class=\"att_name PropertyTable__column\">\n<p class=\"Maw(180px) Maw(280px)--xl Mx(a)\">Nivel de potencia sonora<\/p>\n<\/div>\n<div class=\"att_value PropertyTable__column\">64 dBA<\/div>\n<\/div>\n<\/div>\n<\/div>\n<\/div>\n<\/div>\n<\/div>\n<\/div>\n<\/div>\n<\/section>\n<\/div>\n<\/div>\n","protected":false},"featured_media":271991,"comment_status":"open","ping_status":"closed","template":"","meta":{"_et_pb_use_builder":"","_et_pb_old_content":"","_et_gb_content_width":""},"product_cat":[34,48],"product_tag":[137,138],"class_list":{"0":"post-271990","1":"product","2":"type-product","3":"status-publish","4":"has-post-thumbnail","6":"product_cat-gran-electrodomestico","7":"product_cat-secadoras","8":"product_tag-secadora","9":"product_tag-secadora-bomba-de-calor","10":"product_shipping_class-blanca-galicia","12":"first","13":"instock","14":"sale","15":"taxable","16":"shipping-taxable","17":"purchasable","18":"product-type-simple"},"_links":{"self":[{"href":"https:\/\/dabella.es\/index.php?rest_route=\/wp\/v2\/product\/271990","targetHints":{"allow":["GET"]}}],"collection":[{"href":"https:\/\/dabella.es\/index.php?rest_route=\/wp\/v2\/product"}],"about":[{"href":"https:\/\/dabella.es\/index.php?rest_route=\/wp\/v2\/types\/product"}],"replies":[{"embeddable":true,"href":"https:\/\/dabella.es\/index.php?rest_route=%2Fwp%2Fv2%2Fcomments&post=271990"}],"wp:featuredmedia":[{"embeddable":true,"href":"https:\/\/dabella.es\/index.php?rest_route=\/wp\/v2\/media\/271991"}],"wp:attachment":[{"href":"https:\/\/dabella.es\/index.php?rest_route=%2Fwp%2Fv2%2Fmedia&parent=271990"}],"wp:term":[{"taxonomy":"product_cat","embeddable":true,"href":"https:\/\/dabella.es\/index.php?rest_route=%2Fwp%2Fv2%2Fproduct_cat&post=271990"},{"taxonomy":"product_tag","embeddable":true,"href":"https:\/\/dabella.es\/index.php?rest_route=%2Fwp%2Fv2%2Fproduct_tag&post=271990"}],"curies":[{"name":"wp","href":"https:\/\/api.w.org\/{rel}","templated":true}]}}