{"id":272001,"date":"2023-11-22T17:00:06","date_gmt":"2023-11-22T17:00:06","guid":{"rendered":"https:\/\/dabella.es\/?post_type=product&#038;p=272001"},"modified":"2024-10-07T11:21:21","modified_gmt":"2024-10-07T11:21:21","slug":"secadora-condensacion-8-kg-newpol","status":"publish","type":"product","link":"https:\/\/dabella.es\/?product=secadora-condensacion-8-kg-newpol","title":{"rendered":"SECADORA CONDENSACI\u00d3N 8 KG NEWPOL"},"content":{"rendered":"<p>La gama de secadoras New Pol cuenta con modelos de\u00a0<strong>7 y 8 kgs<\/strong>\u00a0de capacidad y tecnolog\u00edas avanzadas en condensaci\u00f3n y bomba de calor. Entre sus caracter\u00edsticas podemos encontrar\u00a0<strong>programas r\u00e1pidos<\/strong>\u00a0(12\u2019 y 29\u2019),\u00a0<strong>Sensor Drying Technology<\/strong>\u00a0que favorece el ahorro energ\u00e9tico en secado, la duraci\u00f3n \u00f3ptima de los programas y un secado uniforme en 3 niveles. El tambor incluye luz interior que facilita la carga y descarga de la colada.<\/p>\n<table width=\"375\">\n<tbody>\n<tr>\n<td>Etiqueta energ\u00e9tica<\/td>\n<td><img loading=\"lazy\" decoding=\"async\" src=\"https:\/\/newpol.es\/img\/cms\/energy-b.png\" alt=\"\" width=\"40\" height=\"19\" \/><\/td>\n<\/tr>\n<tr>\n<td>Capacidad de carga<\/td>\n<td>8 KG<\/td>\n<\/tr>\n<tr>\n<td>Tipo de secado<\/td>\n<td>Condensaci\u00f3n<\/td>\n<\/tr>\n<tr>\n<td>N\u00famero de programas<\/td>\n<td>15<\/td>\n<\/tr>\n<tr>\n<td>Dentro del rango de<\/td>\n<td>A+++ a D<\/td>\n<\/tr>\n<\/tbody>\n<\/table>\n<p>&#8212;&#8212;&#8212;&#8212;&#8212;&#8212;&#8212;&#8212;&#8212;&#8212;&#8212;&#8212;&#8212;&#8212;&#8212;&#8212;&#8212;&#8212;&#8212;&#8212;&#8212;&#8212;&#8212;&#8212;&#8212;&#8212;&#8212;&#8212;&#8212;&#8211;<\/p>\n<table width=\"375\">\n<tbody>\n<tr>\n<td>Permite posponer el tiempo de inicio<\/td>\n<td><img loading=\"lazy\" decoding=\"async\" src=\"https:\/\/newpol.es\/img\/cms\/inicio-diferido.png\" alt=\"\" width=\"59\" height=\"40\" \/><\/td>\n<\/tr>\n<tr>\n<td>Bloqueo del panel de mandos<\/td>\n<td><img loading=\"lazy\" decoding=\"async\" src=\"https:\/\/newpol.es\/img\/cms\/bloqueo-ni%C3%B1os.png\" alt=\"\" width=\"59\" height=\"40\" \/><\/td>\n<\/tr>\n<tr>\n<td>Luz interior<\/td>\n<td><img loading=\"lazy\" decoding=\"async\" src=\"https:\/\/newpol.es\/img\/cms\/luz-interior.png\" alt=\"\" width=\"59\" height=\"40\" \/><\/td>\n<\/tr>\n<tr>\n<td>Camisas 12&#8242;<\/td>\n<td><img loading=\"lazy\" decoding=\"async\" src=\"https:\/\/newpol.es\/img\/cms\/12.png\" alt=\"\" width=\"59\" height=\"40\" \/><\/td>\n<\/tr>\n<tr>\n<td>Cabina boomerang<\/td>\n<td><img loading=\"lazy\" decoding=\"async\" src=\"https:\/\/newpol.es\/img\/cms\/boomerang-cabinet.png\" alt=\"\" width=\"59\" height=\"40\" \/><\/td>\n<\/tr>\n<\/tbody>\n<\/table>\n<p>&nbsp;<\/p>\n","protected":false},"excerpt":{"rendered":"<p>Secadora de condensaci\u00f3n de 8 kg y 15 programas. Color blanco. Etiqueta energ\u00e9tica B. Nivel de ruido: 65 dB. Tipo de motor: PSC. Dimensiones (Alto x Ancho x Fondo): 84,5 x 59,6 x 60,9 cm. Peso: 36,5 kg.<\/p>\n<p>&nbsp;<\/p>\n<p><strong>DESTACADOS<\/strong><\/p>\n<ul>\n<li><strong>Delay Timer:<\/strong>\u00a0Permite posponer la hora de inicio del proceso de secado entre 1 y 23 horas.<\/li>\n<li><strong>Child Lock:<\/strong>\u00a0Bloqueo del panel de mandos cuando la m\u00e1quina se encuentra en funcionamiento.<\/li>\n<li><strong>Luz interior:<\/strong>\u00a0Facilita la carga y descarga de la colada.<\/li>\n<li><strong>Camisas 12&#8242;:<\/strong>\u00a0En 12 minutos, 3 camisas estar\u00e1n listas para planchar.<\/li>\n<li><strong>Cabina boomerang:<\/strong>\u00a0Dise\u00f1ada para aumentar la rigidez y estabilidad y disminuir la vibraci\u00f3n.<\/li>\n<\/ul>\n<p>&nbsp;<\/p>\n<p><strong>PROGRAMAS Y FUNCIONES<\/strong><\/p>\n<ul>\n<li><strong>Camisas 12&#8242;.<\/strong>\u00a0Puedes secar hasta medio kilo de ropa en solo 12 minutos.<\/li>\n<li><strong>Expr\u00e9s 29&#8242;.<\/strong>\u00a0Puedes secar hasta 2 kg de ropa en 29 minutos.<\/li>\n<li><strong>Refrescar.<\/strong>\u00a0Este programa proporciona ventilaci\u00f3n sin calor durante 10 minutos para ayudarte a ventilar tus prendas.<\/li>\n<li><strong>10 min.<\/strong>\u00a0Independientemente del nivel de secado a baja temperatura, el programa se parar\u00e1 a los 10 minutos.<\/li>\n<li><strong>30 min.<\/strong>\u00a0Independientemente del nivel de secado a baja temperatura, el programa se parar\u00e1 a los 30 minutos.<\/li>\n<li><strong>60 min.<\/strong>\u00a0Independientemente del nivel de secado a baja temperatura, el programa se parar\u00e1 a los 60 minutos.<\/li>\n<li><strong>Vaqueros\/jeans.<\/strong>\u00a0Programa especial para el secado de prendas vaqueras.<\/li>\n<li><strong>Cuidado del beb\u00e9.<\/strong>\u00a0Programa especial de secado a baja temperatura, especial para ropa delicada de beb\u00e9s.<\/li>\n<li><strong>Mixto.<\/strong>\u00a0Este programa seca prendas con mezcla de algod\u00f3n y sint\u00e9ticos que no desti\u00f1an.<\/li>\n<li><strong>Delicado.<\/strong>\u00a0Programa especial de secado a baja temperatura, para prendas delicadas como camisas, blusas, prendas de seda, etc.<\/li>\n<li><strong>Seco plancha (sint\u00e9ticos).<\/strong>\u00a0Este programa seca prendas sint\u00e9ticas como camisas, camisetas y blusas, a menor temperatura que los programas para algod\u00f3n, y las prepara para el planchado. La colada retirada de la m\u00e1quina saldr\u00e1 un poco h\u00fameda.<\/li>\n<li><strong>Seco armario (sint\u00e9ticos).<\/strong>\u00a0Este programa seca prendas sint\u00e9ticas como camisas, camisetas y blusas, a menor temperatura que los programas para algod\u00f3n, para que pueda guardarlas directamente dentro del armario.<\/li>\n<li><strong>Seco plancha (algod\u00f3n).<\/strong>\u00a0Este programa seca prendas de algod\u00f3n y las prepara para el planchado. La colada retirada de la m\u00e1quina saldr\u00e1 un poco h\u00fameda.<\/li>\n<li><strong>Seco armario (algod\u00f3n).<\/strong>\u00a0Este programa seca pijamas, ropa interior, manteles de algod\u00f3n, etc., para que pueda guardarlas\u00a0 directamente dentro del armario.<\/li>\n<li><strong>Extra seco (algod\u00f3n).<\/strong>\u00a0Este programa seca tejidos gruesos y multicapa, como toallas, s\u00e1banas, almohadas, albornoces, etc., a alta temperatura para que pueda guardarlas directamente dentro del armario.<\/li>\n<\/ul>\n","protected":false},"featured_media":272002,"comment_status":"open","ping_status":"closed","template":"","meta":{"_et_pb_use_builder":"","_et_pb_old_content":"","_et_gb_content_width":""},"product_cat":[34,48],"product_tag":[137,139],"class_list":{"0":"post-272001","1":"product","2":"type-product","3":"status-publish","4":"has-post-thumbnail","6":"product_cat-gran-electrodomestico","7":"product_cat-secadoras","8":"product_tag-secadora","9":"product_tag-secadora-condensacion","10":"product_shipping_class-blanca-galicia","12":"first","13":"outofstock","14":"sale","15":"taxable","16":"shipping-taxable","17":"purchasable","18":"product-type-simple"},"_links":{"self":[{"href":"https:\/\/dabella.es\/index.php?rest_route=\/wp\/v2\/product\/272001","targetHints":{"allow":["GET"]}}],"collection":[{"href":"https:\/\/dabella.es\/index.php?rest_route=\/wp\/v2\/product"}],"about":[{"href":"https:\/\/dabella.es\/index.php?rest_route=\/wp\/v2\/types\/product"}],"replies":[{"embeddable":true,"href":"https:\/\/dabella.es\/index.php?rest_route=%2Fwp%2Fv2%2Fcomments&post=272001"}],"wp:featuredmedia":[{"embeddable":true,"href":"https:\/\/dabella.es\/index.php?rest_route=\/wp\/v2\/media\/272002"}],"wp:attachment":[{"href":"https:\/\/dabella.es\/index.php?rest_route=%2Fwp%2Fv2%2Fmedia&parent=272001"}],"wp:term":[{"taxonomy":"product_cat","embeddable":true,"href":"https:\/\/dabella.es\/index.php?rest_route=%2Fwp%2Fv2%2Fproduct_cat&post=272001"},{"taxonomy":"product_tag","embeddable":true,"href":"https:\/\/dabella.es\/index.php?rest_route=%2Fwp%2Fv2%2Fproduct_tag&post=272001"}],"curies":[{"name":"wp","href":"https:\/\/api.w.org\/{rel}","templated":true}]}}