{"id":272014,"date":"2023-11-22T17:24:35","date_gmt":"2023-11-22T17:24:35","guid":{"rendered":"https:\/\/dabella.es\/?post_type=product&#038;p=272014"},"modified":"2024-10-07T11:23:07","modified_gmt":"2024-10-07T11:23:07","slug":"272014","status":"publish","type":"product","link":"https:\/\/dabella.es\/?product=272014","title":{"rendered":"SECADORA 9KG CONDENSACI\u00d3N BEKO"},"content":{"rendered":"<div class=\"Mt(90px)--md Mt(70px)--sm\">\n<div>\n<section id=\"waypoint-quickInfo\" class=\"MainSpecs__root MainSpecs__withDimensions MainSpecs__space_custom aos-init aos-animate\" data-aos=\"true\">\n<div class=\"container container--md\">\n<div class=\"MainSpecs__inner aos-init aos-animate\" data-aos=\"true\">\n<div class=\"MainSpecs__dimensions MainSpecs__dimensions__single\">\n<div class=\"MainSpecs__items\">\n<div class=\"D(f) Fld(c) Ai(c) W(105px) W(28vw)--xs H(105px) H(28vw)--xs DimensionsItem__root aos-init aos-animate\" data-aos=\"fade-up-200\" data-aos-delay=\"0\"><span class=\"DimensionsItem__number\" data-counter-to=\"85\" data-counter-duration=\"2000\" data-counter-round-level=\"0\">85CM ALTO<\/span><\/div>\n<div class=\"D(f) Fld(c) Ai(c) W(105px) W(28vw)--xs H(105px) H(28vw)--xs DimensionsItem__root aos-init aos-animate\" data-aos=\"fade-up-200\" data-aos-delay=\"100\"><span class=\"DimensionsItem__number\" data-counter-to=\"60\" data-counter-duration=\"2000\" data-counter-round-level=\"0\">60CM ANCHO<\/span><\/div>\n<div class=\"D(f) Fld(c) Ai(c) W(105px) W(28vw)--xs H(105px) H(28vw)--xs DimensionsItem__root aos-init aos-animate\" data-aos=\"fade-up-200\" data-aos-delay=\"200\"><span class=\"DimensionsItem__number\" data-counter-to=\"60\" data-counter-duration=\"2000\" data-counter-round-level=\"0\">60CM FONDO<\/span><\/div>\n<\/div>\n<\/div>\n<\/div>\n<\/div>\n<\/section>\n<\/div>\n<\/div>\n<div class=\"Mt(70px) Mt(90px)--md\">\n<div>\n<section class=\"MainFeatures__root\">\n<div class=\"container\">\n<div class=\"SectionHeader__root aos-init aos-animate\" data-aos=\"fade-up-100\" data-aos-offset=\"50\">\n<h4 class=\"h4 W(400px) W(334px)--sm W(280px)--xs Mt(20px) SectionHeader__title\"><\/h4>\n<\/div>\n<div class=\"row Mt(60px)--md Mt(40px)--sm\">\n<div class=\"offset-md-1 order-2 order-md-1 col-md-4\">\n<div class=\"Pt(30px) Pt(90px)--md FeatureText__root aos-init aos-animate\" data-aos=\"fade-up-150\" data-aos-duration=\"1000\">\n<h2 class=\"prefix FeatureText__prefix\">AquaWave\u00ae<\/h2>\n<h4 class=\"h6 Lts(0.2px) title FeatureText__title\">Un trato m\u00e1s delicado con un movimiento como el de las olas<\/h4>\n<p class=\"pSmall C($kashmir-blue) Mt(30px) Mt(25px)--sm W(100%) W(300px)--xl\">El proceso de secado puede da\u00f1ar tu ropa. Para evitarlo, te presentamos el cristal de puerta curvado y las palas estrat\u00e9gicamente dise\u00f1adas del sistema AquaWave\u00ae, que mueven la ropa imitando el movimiento de las olas dentro del tambor para tratar la ropa con mayor delicadeza y mejorar la eficacia de secado. La pr\u00f3xima vez que alguien alabe tu ropa y respondas: &#8216;\u00bfEsta cosa vieja?&#8217;, quiz\u00e1 no est\u00e9s exagerando.<\/p>\n<\/div>\n<\/div>\n<div class=\"order-1 order-md-2 D(f) Jc(fe) col-md-7\">\n<div class=\"MainFeatures__mainFeatureImages MainFeatureImages__root MainFeatureImages__right aos-init aos-animate\" data-aos=\"true\">\n<div class=\"MainFeatureImages__imagesInner\">\n<div class=\"MainFeatureImages__bigImage\">\n<div class=\"MainFeatureImages__bigImageBackground ac-lazy\" aria-label=\"AquaWave\u00ae\"><\/div>\n<\/div>\n<\/div>\n<\/div>\n<\/div>\n<\/div>\n<\/div>\n<\/section>\n<\/div>\n<\/div>\n<div class=\"Ov(h) W(100%) Bgc($white) Z(2) PdpPage__content\">\n<div id=\"waypoint-techSpecs\" class=\"JS-waypoint-pagenav Pos(r) T(-100px)--lg T(-80px)\"><\/div>\n<div class=\"Py(90px) Pt(70px)--sm Bgc($pink-lavanda-gray)\">\n<section class=\"aos-init aos-animate\" data-aos=\"fade-500\">\n<div class=\"SectionHeader__root aos-init aos-animate\" data-aos=\"fade-500\" data-aos-offset=\"50\">\n<p class=\"subH SectionHeader__prefix\"><strong>Especificaciones t\u00e9cnicas<\/strong><\/p>\n<\/div>\n<div class=\"container\">\n<div class=\"row Mt(45px) Mt(70px)--md\">\n<div class=\"tech__spec col-md-10 offset-md-1 col-xxl-6 offset-xxl-0\">\n<div class=\"Mt(20px)\">\n<div class=\"JS-toggle ContentToggle__root open\" data-toggle-class=\"open\">\n<div class=\"JS-toggle-button JS-collapse-button ContentToggle__header JS-send-gtm\" data-gtm-event=\"productTechSpecsClick\" data-gtm-data=\"{&quot;ecommerce&quot;:{&quot;click&quot;:{&quot;products&quot;:[{&quot;id&quot;:&quot;7182483320&quot;,&quot;productTitle&quot;:&quot;Secadora Condensaci\u00f3n 9Kg&quot;,&quot;productSku&quot;:&quot;7182483320&quot;,&quot;productMarketingCode&quot;:&quot;DU 9112 GA0&quot;,&quot;productBadges&quot;:&quot;&quot;,&quot;productRichContent&quot;:4}],&quot;actionField&quot;:{&quot;productImage&quot;:&quot;Caracter\u00edsticas principales&quot;}}}}\">\n<div class=\"ContentToggle__titleWrapper\">\n<div class=\"ContentToggle__title\"><strong>Caracter\u00edsticas principales<\/strong><\/div>\n<\/div>\n<div class=\"Mend(60px) Mend(20px)--sm ContentToggle__switchBtnWrapper\">\n<div class=\"ContentToggle__switchBtnIcon\"><\/div>\n<\/div>\n<\/div>\n<div class=\"collapsible ContentToggle__content open\">\n<div class=\"PropertyTable__root\">\n<div class=\"PropertyTable__row\">\n<div class=\"att_name PropertyTable__column\">\n<p class=\"Maw(180px) Maw(280px)--xl Mx(a)\">Eficiencia Energ\u00e9tica B<\/p>\n<\/div>\n<\/div>\n<div class=\"PropertyTable__row\">\n<div class=\"att_name PropertyTable__column\">\n<p class=\"Maw(180px) Maw(280px)--xl Mx(a)\">Tipo de tecnolog\u00eda de secado<\/p>\n<\/div>\n<div class=\"att_value PropertyTable__column\">Condensaci\u00f3n<\/div>\n<\/div>\n<div class=\"PropertyTable__row\">\n<div class=\"att_name PropertyTable__column\">\n<p class=\"Maw(180px) Maw(280px)--xl Mx(a)\">Sensor de secado<\/p>\n<\/div>\n<div class=\"att_value PropertyTable__column\">Altura<\/div>\n<\/div>\n<div class=\"PropertyTable__row\">\u00a084.6 cm Ancho<\/div>\n<div class=\"PropertyTable__row\">\n<div class=\"att_value PropertyTable__column\">59.7 cm Profundidad<\/div>\n<\/div>\n<div class=\"PropertyTable__row\">\n<div class=\"att_value PropertyTable__column\">60.1 cm<\/div>\n<\/div>\n<div class=\"PropertyTable__row\">\n<div class=\"att_name PropertyTable__column\">\n<p class=\"Maw(180px) Maw(280px)--xl Mx(a)\">Tipo de display<\/p>\n<\/div>\n<p>Pantalla digital<\/p>\n<\/div>\n<div class=\"PropertyTable__row\">\n<div class=\"att_name PropertyTable__column\">\n<p class=\"Maw(180px) Maw(280px)--xl Mx(a)\">Color<\/p>\n<\/div>\n<p>Blanco<\/p>\n<\/div>\n<div class=\"PropertyTable__row\">\n<div class=\"att_name PropertyTable__column\">\n<p class=\"Maw(180px) Maw(280px)--xl Mx(a)\">Capacity (DR) (cu-ft)<\/p>\n<\/div>\n<div class=\"att_value PropertyTable__column\">3.88<\/div>\n<\/div>\n<div class=\"PropertyTable__row\">\n<div class=\"att_name PropertyTable__column\">\n<p class=\"Maw(180px) Maw(280px)--xl Mx(a)\">Width &#8211; Unpacked (in.)(x)<\/p>\n<\/div>\n<div class=\"att_value PropertyTable__column\">23.503937<\/div>\n<\/div>\n<div class=\"PropertyTable__row\">\n<div class=\"att_name PropertyTable__column\">\n<p class=\"Maw(180px) Maw(280px)--xl Mx(a)\">Capacidad de secado<\/p>\n<\/div>\n<p>9 kg<\/p>\n<\/div>\n<div class=\"PropertyTable__row\">\n<div class=\"att_name PropertyTable__column\">\n<p class=\"Maw(180px) Maw(280px)--xl Mx(a)\">Nivel de potencia sonora<\/p>\n<p class=\"Maw(180px) Maw(280px)--xl Mx(a)\">65 dBA<\/p>\n<\/div>\n<\/div>\n<\/div>\n<\/div>\n<\/div>\n<\/div>\n<\/div>\n<\/div>\n<\/div>\n<\/section>\n<\/div>\n<\/div>\n","protected":false},"excerpt":{"rendered":"<div class=\"PropertyTable__row\">\n<div class=\"att_name PropertyTable__column\">\n<p class=\"Maw(180px) Maw(280px)--xl Mx(a)\">N\u00famero de programas<\/p>\n<\/div>\n<div class=\"att_value PropertyTable__column\">15<\/div>\n<\/div>\n<div class=\"PropertyTable__row\">\n<div class=\"att_name PropertyTable__column\">\n<p class=\"Maw(180px) Maw(280px)--xl Mx(a)\">Programa 1<\/p>\n<\/div>\n<div class=\"att_value PropertyTable__column\">Algod\u00f3n seco plancha<\/div>\n<\/div>\n<div class=\"PropertyTable__row\">\n<div class=\"att_name PropertyTable__column\">\n<p class=\"Maw(180px) Maw(280px)--xl Mx(a)\">Programa 2<\/p>\n<\/div>\n<div class=\"att_value PropertyTable__column\">Algod\u00f3n Eco Seco<\/div>\n<\/div>\n<div class=\"PropertyTable__row\">\n<div class=\"att_name PropertyTable__column\">\n<p class=\"Maw(180px) Maw(280px)--xl Mx(a)\">Programa 3<\/p>\n<\/div>\n<div class=\"att_value PropertyTable__column\">Algod\u00f3n seco armario<\/div>\n<\/div>\n<div class=\"PropertyTable__row\">\n<div class=\"att_name PropertyTable__column\">\n<p class=\"Maw(180px) Maw(280px)--xl Mx(a)\">Programa 4<\/p>\n<\/div>\n<div class=\"att_value PropertyTable__column\">Algod\u00f3n secado extra<\/div>\n<\/div>\n<div class=\"PropertyTable__row\">\n<div class=\"att_name PropertyTable__column\">\n<p class=\"Maw(180px) Maw(280px)--xl Mx(a)\">Programa 5<\/p>\n<\/div>\n<div class=\"att_value PropertyTable__column\">Sint\u00e9ticos seco plancha<\/div>\n<\/div>\n<div class=\"PropertyTable__row\">\n<div class=\"att_name PropertyTable__column\">\n<p class=\"Maw(180px) Maw(280px)--xl Mx(a)\">Programa 6<\/p>\n<\/div>\n<div class=\"att_value PropertyTable__column\">Sint\u00e9ticos seco armario<\/div>\n<\/div>\n<div class=\"PropertyTable__row\">\n<div class=\"att_name PropertyTable__column\">\n<p class=\"Maw(180px) Maw(280px)--xl Mx(a)\">Programa 7<\/p>\n<\/div>\n<div class=\"att_value PropertyTable__column\">Ajuste de tiempo de secado<\/div>\n<\/div>\n<div class=\"PropertyTable__row\">\n<div class=\"att_name PropertyTable__column\">\n<p class=\"Maw(180px) Maw(280px)--xl Mx(a)\">Programa 8<\/p>\n<\/div>\n<div class=\"att_value PropertyTable__column\">Refrescar lana<\/div>\n<\/div>\n<div class=\"PropertyTable__row\">\n<div class=\"att_name PropertyTable__column\">\n<p class=\"Maw(180px) Maw(280px)--xl Mx(a)\">Programa 9<\/p>\n<\/div>\n<div class=\"att_value PropertyTable__column\">GentleCare\u2122 \/ Camisas<\/div>\n<\/div>\n<div class=\"PropertyTable__row\">\n<div class=\"att_name PropertyTable__column\">\n<p class=\"Maw(180px) Maw(280px)--xl Mx(a)\">Programa 10<\/p>\n<\/div>\n<div class=\"att_value PropertyTable__column\">Jeans<\/div>\n<\/div>\n<div class=\"PropertyTable__row\">\n<div class=\"att_name PropertyTable__column\">\n<p class=\"Maw(180px) Maw(280px)--xl Mx(a)\">Programa 11<\/p>\n<\/div>\n<div class=\"att_value PropertyTable__column\">Sport<\/div>\n<\/div>\n<div class=\"PropertyTable__row\">\n<div class=\"att_name PropertyTable__column\">\n<p class=\"Maw(180px) Maw(280px)--xl Mx(a)\">Programa 12<\/p>\n<\/div>\n<div class=\"att_value PropertyTable__column\">Mix<\/div>\n<\/div>\n<div class=\"PropertyTable__row\">\n<div class=\"att_name PropertyTable__column\">\n<p class=\"Maw(180px) Maw(280px)--xl Mx(a)\">Programa 13<\/p>\n<\/div>\n<div class=\"att_value PropertyTable__column\">Programa Hygiene+<\/div>\n<\/div>\n<div class=\"PropertyTable__row\">\n<div class=\"att_name PropertyTable__column\">\n<p class=\"Maw(180px) Maw(280px)--xl Mx(a)\">Programa 14<\/p>\n<\/div>\n<div class=\"att_value PropertyTable__column\">GentleCare\u2122<\/div>\n<\/div>\n<div class=\"PropertyTable__row\">\n<div class=\"att_name PropertyTable__column\">\n<p class=\"Maw(180px) Maw(280px)--xl Mx(a)\">Programa 15<\/p>\n<\/div>\n<div class=\"att_value PropertyTable__column\">Express s\u00faper corto 14 min<\/div>\n<\/div>\n","protected":false},"featured_media":272011,"comment_status":"open","ping_status":"closed","template":"","meta":{"_et_pb_use_builder":"","_et_pb_old_content":"","_et_gb_content_width":""},"product_cat":[34,48],"product_tag":[],"class_list":{"0":"post-272014","1":"product","2":"type-product","3":"status-publish","4":"has-post-thumbnail","6":"product_cat-gran-electrodomestico","7":"product_cat-secadoras","8":"product_shipping_class-blanca-galicia","10":"first","11":"instock","12":"sale","13":"taxable","14":"shipping-taxable","15":"purchasable","16":"product-type-simple"},"_links":{"self":[{"href":"https:\/\/dabella.es\/index.php?rest_route=\/wp\/v2\/product\/272014","targetHints":{"allow":["GET"]}}],"collection":[{"href":"https:\/\/dabella.es\/index.php?rest_route=\/wp\/v2\/product"}],"about":[{"href":"https:\/\/dabella.es\/index.php?rest_route=\/wp\/v2\/types\/product"}],"replies":[{"embeddable":true,"href":"https:\/\/dabella.es\/index.php?rest_route=%2Fwp%2Fv2%2Fcomments&post=272014"}],"wp:featuredmedia":[{"embeddable":true,"href":"https:\/\/dabella.es\/index.php?rest_route=\/wp\/v2\/media\/272011"}],"wp:attachment":[{"href":"https:\/\/dabella.es\/index.php?rest_route=%2Fwp%2Fv2%2Fmedia&parent=272014"}],"wp:term":[{"taxonomy":"product_cat","embeddable":true,"href":"https:\/\/dabella.es\/index.php?rest_route=%2Fwp%2Fv2%2Fproduct_cat&post=272014"},{"taxonomy":"product_tag","embeddable":true,"href":"https:\/\/dabella.es\/index.php?rest_route=%2Fwp%2Fv2%2Fproduct_tag&post=272014"}],"curies":[{"name":"wp","href":"https:\/\/api.w.org\/{rel}","templated":true}]}}