{"id":272021,"date":"2023-11-22T17:36:29","date_gmt":"2023-11-22T17:36:29","guid":{"rendered":"https:\/\/dabella.es\/?post_type=product&#038;p=272021"},"modified":"2024-10-07T11:20:49","modified_gmt":"2024-10-07T11:20:49","slug":"deshumidificador-haeger-16-litros","status":"publish","type":"product","link":"https:\/\/dabella.es\/?product=deshumidificador-haeger-16-litros","title":{"rendered":"DESHUMIDIFICADOR HAEGER 16 LITROS"},"content":{"rendered":"<h2 class=\"product_title entry-title fusion-responsive-typography-calculated\" data-fontsize=\"36\" data-lineheight=\"29.88px\">Deshumidificador Digital HAEGER\u00a0 16L\/d\u00eda, 245W, 30m2<\/h2>\n<h3 class=\"fusion-woocommerce-tab-title fusion-responsive-typography-calculated\" data-fontsize=\"18\" data-lineheight=\"19.8px\"><\/h3>\n<h2 class=\"fusion-responsive-typography-calculated\" data-fontsize=\"18\" data-lineheight=\"27px\">Control inteligente y alto rendimiento<\/h2>\n<p>El deshumidificador digital HAEGER Digi Desumini 16 es la soluci\u00f3n perfecta para mantener su espacio seco y confortable. Con una impresionante capacidad de deshumidificaci\u00f3n de 16 litros al d\u00eda, control electr\u00f3nico intuitivo y portabilidad, es la elecci\u00f3n ideal para superficies de hasta 30 m\u00b2.<\/p>\n<p>La pantalla LED y el indicador de porcentaje de humedad facilitan y personalizan el funcionamiento. Equipado con asas y ruedas, este deshumidificador es f\u00e1cil de mover, ofreciendo flexibilidad de uso. Adem\u00e1s, su capacidad de drenaje continuo, con una manguera de 1 metro, proporciona una soluci\u00f3n continua al exceso de humedad.<\/p>\n<p>El deshumidificador Digi Desumini 16 es respetuoso con el medio ambiente, ya que utiliza gas verde que no da\u00f1a la capa de ozono. Con un consumo de energ\u00eda eficiente de 245 vatios y una capacidad de dep\u00f3sito de 2,2 litros, este deshumidificador garantiza una experiencia de uso sin preocupaciones.<\/p>\n<p>&nbsp;<\/p>\n<div class=\"avada-availability\"><\/div>\n","protected":false},"excerpt":{"rendered":"<h2 class=\"fusion-responsive-typography-calculated\" data-fontsize=\"18\" data-lineheight=\"27px\">Control inteligente y alto rendimiento<\/h2>\n<p>El deshumidificador digital HAEGER Digi Desumini 16 es la soluci\u00f3n perfecta para mantener su espacio seco y confortable. Con una impresionante capacidad de deshumidificaci\u00f3n de 16 litros al d\u00eda, control electr\u00f3nico intuitivo y portabilidad, es la elecci\u00f3n ideal para superficies de hasta 30 m\u00b2.<\/p>\n<p>La pantalla LED y el indicador de porcentaje de humedad facilitan y personalizan el funcionamiento. Equipado con asas y ruedas, este deshumidificador es f\u00e1cil de mover, ofreciendo flexibilidad de uso. Adem\u00e1s, su capacidad de drenaje continuo, con una manguera de 1 metro, proporciona una soluci\u00f3n continua al exceso de humedad.<\/p>\n","protected":false},"featured_media":272022,"comment_status":"open","ping_status":"closed","template":"","meta":{"_et_pb_use_builder":"","_et_pb_old_content":"","_et_gb_content_width":""},"product_cat":[109,110,35],"product_tag":[111,140],"class_list":{"0":"post-272021","1":"product","2":"type-product","3":"status-publish","4":"has-post-thumbnail","6":"product_cat-deshumidificadores","7":"product_cat-deshumidificadores-gran-electrodomestico","8":"product_cat-pequenos-electrodomesticos","9":"product_tag-deshumidificador","10":"product_tag-deshumidificador-16l","11":"product_shipping_class-envio-48-horas","13":"first","14":"instock","15":"taxable","16":"shipping-taxable","17":"purchasable","18":"product-type-simple"},"_links":{"self":[{"href":"https:\/\/dabella.es\/index.php?rest_route=\/wp\/v2\/product\/272021","targetHints":{"allow":["GET"]}}],"collection":[{"href":"https:\/\/dabella.es\/index.php?rest_route=\/wp\/v2\/product"}],"about":[{"href":"https:\/\/dabella.es\/index.php?rest_route=\/wp\/v2\/types\/product"}],"replies":[{"embeddable":true,"href":"https:\/\/dabella.es\/index.php?rest_route=%2Fwp%2Fv2%2Fcomments&post=272021"}],"wp:featuredmedia":[{"embeddable":true,"href":"https:\/\/dabella.es\/index.php?rest_route=\/wp\/v2\/media\/272022"}],"wp:attachment":[{"href":"https:\/\/dabella.es\/index.php?rest_route=%2Fwp%2Fv2%2Fmedia&parent=272021"}],"wp:term":[{"taxonomy":"product_cat","embeddable":true,"href":"https:\/\/dabella.es\/index.php?rest_route=%2Fwp%2Fv2%2Fproduct_cat&post=272021"},{"taxonomy":"product_tag","embeddable":true,"href":"https:\/\/dabella.es\/index.php?rest_route=%2Fwp%2Fv2%2Fproduct_tag&post=272021"}],"curies":[{"name":"wp","href":"https:\/\/api.w.org\/{rel}","templated":true}]}}