{"id":272045,"date":"2023-11-22T18:20:31","date_gmt":"2023-11-22T18:20:31","guid":{"rendered":"https:\/\/dabella.es\/?post_type=product&#038;p=272045"},"modified":"2023-12-05T18:21:08","modified_gmt":"2023-12-05T18:21:08","slug":"secadora-evacuacion-8kg-tubo","status":"publish","type":"product","link":"https:\/\/dabella.es\/?product=secadora-evacuacion-8kg-tubo","title":{"rendered":"SECADORA EVACUACION 8KG (TUBO)"},"content":{"rendered":"<div class=\"Mt(70px) Mt(90px)--md\">\n<section class=\"MainFeatures__root\">\n<div class=\"container\">\n<div class=\"row Mt(60px)--md Mt(40px)--sm\">\n<div class=\"offset-md-1 order-2 order-md-1 col-md-4\">\n<div class=\"Pt(30px) Pt(90px)--md FeatureText__root aos-init aos-animate\" data-aos=\"fade-up-150\" data-aos-duration=\"1000\">\n<h2>SECADORA 8KG EVACUACI\u00d3N<\/h2>\n<h2 class=\"prefix FeatureText__prefix\">Con tecnolog\u00eda AquaWave\u00ae<\/h2>\n<h4 class=\"h6 Lts(0.2px) title FeatureText__title\">Un trato m\u00e1s delicado con un movimiento como el de las olas<\/h4>\n<p class=\"pSmall C($kashmir-blue) Mt(30px) Mt(25px)--sm W(100%) W(300px)--xl\">El proceso de secado puede da\u00f1ar tu ropa. Para evitarlo, te presentamos el cristal de puerta curvado y las palas estrat\u00e9gicamente dise\u00f1adas del sistema AquaWave\u00ae, que mueven la ropa imitando el movimiento de las olas dentro del tambor para tratar la ropa con mayor delicadeza y mejorar la eficacia de secado. La pr\u00f3xima vez que alguien alabe tu ropa y respondas: &#8216;\u00bfEsta cosa vieja?&#8217;, quiz\u00e1 no est\u00e9s exagerando.<\/p>\n<\/div>\n<\/div>\n<div class=\"order-1 order-md-2 D(f) Jc(fe) col-md-7\">\n<div class=\"MainFeatures__mainFeatureImages MainFeatureImages__root MainFeatureImages__right aos-init aos-animate\" data-aos=\"true\">\n<div class=\"MainFeatureImages__imagesInner\">\n<div class=\"MainFeatureImages__bigImage\">\n<div class=\"MainFeatureImages__bigImageBackground ac-lazy\" aria-label=\"AquaWave\u00ae\">\n<div class=\"JS-toggle-button JS-collapse-button ContentToggle__header JS-send-gtm\" data-gtm-event=\"productTechSpecsClick\" data-gtm-data=\"{&quot;ecommerce&quot;:{&quot;click&quot;:{&quot;products&quot;:[{&quot;id&quot;:&quot;7185901340&quot;,&quot;productTitle&quot;:&quot;Secadora Evacuaci\u00f3n 8kg&quot;,&quot;productSku&quot;:&quot;7185901340&quot;,&quot;productMarketingCode&quot;:&quot;DV8120N&quot;,&quot;productBadges&quot;:&quot;&quot;,&quot;productRichContent&quot;:4}],&quot;actionField&quot;:{&quot;productImage&quot;:&quot;Caracter\u00edsticas principales&quot;}}}}\">\n<div class=\"ContentToggle__titleWrapper\">\n<div class=\"ContentToggle__title\">Caracter\u00edsticas principales<\/div>\n<\/div>\n<div class=\"Mend(60px) Mend(20px)--sm ContentToggle__switchBtnWrapper\">\n<div class=\"ContentToggle__switchBtnIcon\"><\/div>\n<\/div>\n<\/div>\n<div class=\"collapsible ContentToggle__content open\">\n<div class=\"PropertyTable__root\">\n<div class=\"PropertyTable__row\">\n<div class=\"att_name PropertyTable__column\">\n<p class=\"Maw(180px) Maw(280px)--xl Mx(a)\">Eficiencia Energ\u00e9tica<\/p>\n<\/div>\n<div class=\"att_value PropertyTable__column\">C<\/div>\n<\/div>\n<div class=\"PropertyTable__row\">\n<div class=\"att_name PropertyTable__column\">\n<p class=\"Maw(180px) Maw(280px)--xl Mx(a)\">Tipo de tecnolog\u00eda de secado<\/p>\n<\/div>\n<div class=\"att_value PropertyTable__column\">Evacuaci\u00f3n<\/div>\n<\/div>\n<div class=\"PropertyTable__row\">\n<div class=\"att_name PropertyTable__column\">\n<p class=\"Maw(180px) Maw(280px)--xl Mx(a)\">Sensor de secado<\/p>\n<\/div>\n<div class=\"att_value PropertyTable__column\"><\/div>\n<\/div>\n<div class=\"PropertyTable__row\">\n<div class=\"att_name PropertyTable__column\">\n<p class=\"Maw(180px) Maw(280px)--xl Mx(a)\">Altura<\/p>\n<\/div>\n<div class=\"att_value PropertyTable__column\">85.6 cm<\/div>\n<\/div>\n<div class=\"PropertyTable__row\">\n<div class=\"att_name PropertyTable__column\">\n<p class=\"Maw(180px) Maw(280px)--xl Mx(a)\">Ancho<\/p>\n<\/div>\n<div class=\"att_value PropertyTable__column\">59.7 cm<\/div>\n<\/div>\n<div class=\"PropertyTable__row\">\n<div class=\"att_name PropertyTable__column\">\n<p class=\"Maw(180px) Maw(280px)--xl Mx(a)\">Profundidad<\/p>\n<\/div>\n<div class=\"att_value PropertyTable__column\">58.4 cm<\/div>\n<\/div>\n<div class=\"PropertyTable__row\">\n<div class=\"att_name PropertyTable__column\">\n<p class=\"Maw(180px) Maw(280px)--xl Mx(a)\">Tipo de display<\/p>\n<\/div>\n<div class=\"att_value PropertyTable__column\">LED<\/div>\n<\/div>\n<div class=\"PropertyTable__row\">\n<div class=\"att_name PropertyTable__column\">\n<p class=\"Maw(180px) Maw(280px)--xl Mx(a)\">Inicio diferido<\/p>\n<\/div>\n<div class=\"att_value PropertyTable__column\">3 Opciones (3h \/ 6h \/ 9h)<\/div>\n<\/div>\n<div class=\"PropertyTable__row\">\n<div class=\"att_name PropertyTable__column\">\n<p class=\"Maw(180px) Maw(280px)--xl Mx(a)\">Color<\/p>\n<\/div>\n<div class=\"att_value PropertyTable__column\">Blanco<\/div>\n<\/div>\n<div class=\"PropertyTable__row\">\n<div class=\"att_name PropertyTable__column\">\n<p class=\"Maw(180px) Maw(280px)--xl Mx(a)\">Capacity (DR) (cu-ft)<\/p>\n<\/div>\n<div class=\"att_value PropertyTable__column\">3.77<\/div>\n<\/div>\n<div class=\"PropertyTable__row\">\n<div class=\"att_name PropertyTable__column\">\n<p class=\"Maw(180px) Maw(280px)--xl Mx(a)\">Width &#8211; Unpacked (in.)(x)<\/p>\n<\/div>\n<div class=\"att_value PropertyTable__column\">23.503937<\/div>\n<\/div>\n<div class=\"PropertyTable__row\">\n<div class=\"att_name PropertyTable__column\">\n<p class=\"Maw(180px) Maw(280px)--xl Mx(a)\">Capacidad de secado<\/p>\n<\/div>\n<div class=\"att_value PropertyTable__column\">8 kg<\/div>\n<\/div>\n<div class=\"PropertyTable__row\">\n<div class=\"att_name PropertyTable__column\">\n<p class=\"Maw(180px) Maw(280px)--xl Mx(a)\">Nivel de potencia sonora<\/p>\n<\/div>\n<div class=\"att_value PropertyTable__column\">67 dBA<\/div>\n<\/div>\n<\/div>\n<\/div>\n<\/div>\n<\/div>\n<\/div>\n<\/div>\n<\/div>\n<\/div>\n<\/div>\n<\/section>\n<\/div>\n<div class=\"Ov(h) W(100%) Bgc($white) Z(2) PdpPage__content\">\n<div id=\"waypoint-techSpecs\" class=\"JS-waypoint-pagenav Pos(r) T(-100px)--lg T(-80px)\"><\/div>\n<div class=\"Py(90px) Pt(70px)--sm Bgc($pink-lavanda-gray)\">\n<section class=\"aos-init aos-animate\" data-aos=\"fade-500\">\n<div class=\"SectionHeader__root aos-init aos-animate\" data-aos=\"fade-500\" data-aos-offset=\"50\"><\/div>\n<\/section>\n<\/div>\n<\/div>\n","protected":false},"excerpt":{"rendered":"<section id=\"7185901340\" class=\"JS-listen-scroll JS-view-3d-zone ProductInfo__root\" data-product-id=\"7185901340\">\n<div>\n<div class=\"JS-product-close ProductInfoParams__root\">\n<div class=\"ProductInfoParams__bottom JS-Product-Info-Bottom aos-init aos-animate\" data-aos=\"\">\n<div class=\"container container--xxl H(100%)\">\n<div class=\"D(f) Bxz(cb) ProductInfoParams__row\">\n<div class=\"Flxg(1) D(b)--xxl D(f) Pb(50px) Mb(-50px) ProductInfoParams__left\">\n<div class=\"W(123px) Miw(123px) ProductInfoParams__cellLeft aos-init aos-animate\" data-aos=\"\"><span class=\"subTitle2-midgrey Mt(36px) ProductInfoParams__title JS-Word-Width-Check js-tooltip-modal\" title=\"Eficiencia Energ\u00e9tica\">Eficiencia Energ\u00e9tica<\/span><a href=\"https:\/\/gsim2hwnpbvwtwmb1dg11z6.blob.core.windows.net\/media\/documents\/7185901340_ENERGYLABEL1_7185901340_es_ES20210524-083504-131.jpg\" target=\"_blank\" rel=\"noopener\"><picture><source srcset=\"\/content\/dam\/bekoglobal\/energy-class-icons\/A1220_44811_TA16.png\" type=\"image\/webp\" \/><source type=\"image\/png\" \/><img decoding=\"async\" class=\"ProductInfoParams__infoEnergyBadge ProductInfoParams__info ac-lazy\" src=\"https:\/\/www.beko.com\/content\/dam\/bekoglobal\/energy-class-icons\/A1220_44811_TA16.png\" alt=\"C\" \/><\/picture><\/a><\/div>\n<div class=\"W(123px) Miw(123px) ProductInfoParams__cellLeft aos-init aos-animate\" data-aos=\"\"><span class=\"subTitle2-midgrey Mt(36px) ProductInfoParams__title JS-Word-Width-Check js-tooltip-modal\" title=\"Tipo de tecnolog\u00eda de secado\">Tipo de tecnolog\u00eda de secado <\/span><a target=\"_blank\" rel=\"noopener\"><span class=\"h8 ProductInfoParams__info\">Evacuaci\u00f3n<\/span><\/a><\/div>\n<div class=\"W(123px) Miw(123px) ProductInfoParams__cellLeft aos-init aos-animate\" data-aos=\"\"><span class=\"subTitle2-midgrey Mt(36px) ProductInfoParams__title JS-Word-Width-Check js-tooltip-modal\" title=\"Sensor de secado\">Sensor de secado <\/span><a target=\"_blank\" rel=\"noopener\"><span class=\"h8 ProductInfoParams__info\">S\u00ed<\/span><\/a><\/div>\n<div class=\"W(123px) Miw(123px) ProductInfoParams__cellLeft aos-init aos-animate\" data-aos=\"\"><span class=\"subTitle2-midgrey Mt(36px) ProductInfoParams__title JS-Word-Width-Check js-tooltip-modal\" title=\"Color\">Color <\/span><a target=\"_blank\" rel=\"noopener\"><span class=\"h8 ProductInfoParams__info\">Blanco<\/span><\/a><\/div>\n<\/div>\n<div class=\"W(290px) D(b)--xxl D(n) custom-pdp-last-item\"><\/div>\n<\/div>\n<\/div>\n<\/div>\n<\/div>\n<\/div>\n<\/section>\n<div><\/div>\n<div class=\"Mt(90px)--md Mt(70px)--sm\">\n<div id=\"waypoint-quickInfo\" class=\"JS-waypoint-pagenav Pos(r) T(-100px)--lg T(-80px)\"><\/div>\n<div>\n<section id=\"waypoint-quickInfo\" class=\"MainSpecs__root MainSpecs__withDimensions MainSpecs__space_custom aos-init aos-animate\" data-aos=\"true\">\n<div class=\"container container--md\">\n<div class=\"MainSpecs__inner aos-init aos-animate\" data-aos=\"true\">\n<div class=\"MainSpecs__dimensions MainSpecs__dimensions__single\">\n<div class=\"MainSpecs__scheme\"><\/div>\n<\/div>\n<\/div>\n<\/div>\n<\/section>\n<\/div>\n<\/div>\n","protected":false},"featured_media":272047,"comment_status":"open","ping_status":"closed","template":"","meta":{"_et_pb_use_builder":"","_et_pb_old_content":"","_et_gb_content_width":""},"product_cat":[34,48],"product_tag":[],"class_list":{"0":"post-272045","1":"product","2":"type-product","3":"status-publish","4":"has-post-thumbnail","6":"product_cat-gran-electrodomestico","7":"product_cat-secadoras","8":"product_shipping_class-blanca-galicia","10":"first","11":"instock","12":"sale","13":"taxable","14":"shipping-taxable","15":"purchasable","16":"product-type-simple"},"_links":{"self":[{"href":"https:\/\/dabella.es\/index.php?rest_route=\/wp\/v2\/product\/272045","targetHints":{"allow":["GET"]}}],"collection":[{"href":"https:\/\/dabella.es\/index.php?rest_route=\/wp\/v2\/product"}],"about":[{"href":"https:\/\/dabella.es\/index.php?rest_route=\/wp\/v2\/types\/product"}],"replies":[{"embeddable":true,"href":"https:\/\/dabella.es\/index.php?rest_route=%2Fwp%2Fv2%2Fcomments&post=272045"}],"wp:featuredmedia":[{"embeddable":true,"href":"https:\/\/dabella.es\/index.php?rest_route=\/wp\/v2\/media\/272047"}],"wp:attachment":[{"href":"https:\/\/dabella.es\/index.php?rest_route=%2Fwp%2Fv2%2Fmedia&parent=272045"}],"wp:term":[{"taxonomy":"product_cat","embeddable":true,"href":"https:\/\/dabella.es\/index.php?rest_route=%2Fwp%2Fv2%2Fproduct_cat&post=272045"},{"taxonomy":"product_tag","embeddable":true,"href":"https:\/\/dabella.es\/index.php?rest_route=%2Fwp%2Fv2%2Fproduct_tag&post=272045"}],"curies":[{"name":"wp","href":"https:\/\/api.w.org\/{rel}","templated":true}]}}