{"id":272054,"date":"2023-11-23T16:40:08","date_gmt":"2023-11-23T16:40:08","guid":{"rendered":"https:\/\/dabella.es\/?post_type=product&#038;p=272054"},"modified":"2024-04-12T16:02:54","modified_gmt":"2024-04-12T16:02:54","slug":"placa-gas-inox","status":"publish","type":"product","link":"https:\/\/dabella.es\/?product=placa-gas-inox","title":{"rendered":"PLACA GAS INOX"},"content":{"rendered":"<p>Placa de gas en acero inoxidable, con 3 zonas de cocci\u00f3n, encendido el\u00e9ctrico y soportes de hierro fundido. Sistema de seguridad FFD. Gas montado GLP, incluye kit para adpatar a gas ciudad.<\/p>\n","protected":false},"excerpt":{"rendered":"<p>Re\u00fane todo el sabor de siempre con tradici\u00f3n al adquirir tu placa\u00a0<strong>POLARIS 4003<\/strong>, nuestra\u00a0<strong>placa\u00a0de gas en color inox con 3 quemadores<\/strong>.<\/p>\n<p>Disfruta de su\u00a0<strong>encendido el\u00e9ctrico\u00a0<\/strong>integrado, el cual es perfecto para que puedas empezar a cocinar de forma r\u00e1pida y sencilla (olvida tener que buscar cerillas y encendedores por toda la casa).<\/p>\n<p>Su ancho es de 58 cm y las dimensiones de sus quemadores:<\/p>\n<ul>\n<li>Potencia del quemador grande (Triple corona): 3400 W.<\/li>\n<li>Potencia del quemador intermedio (Semir\u00e1pido): 1800 W.<\/li>\n<li>Potencia del quemador peque\u00f1o (Auxiliar): 1000 W.<\/li>\n<li>Agujero de encastre: 56 x 48 cm.<\/li>\n<\/ul>\n<p>Adem\u00e1s,\u00a0est\u00e1n equipadas con un\u00a0<strong>sistema de seguridad FFD\u00a0<\/strong>(Flame Fail Device),\u00a0el cu\u00e1l se encargar\u00e1 de\u00a0anular la salida de gas ante un apagado accidental del fuego. Su dise\u00f1o caracter\u00edstico en acero inoxidable aportar\u00e1 durabilidad, mientras que sus\u00a0<strong>soportes de hierro fundido<\/strong>\u00a0dar\u00e1n una habitual imagen de las cocinas tradicionales.<\/p>\n<p>Si eres un fan\u00e1tico de la cocina y te apasiona crear diferentes recetas a la vez,\u00a0<strong><a href=\"https:\/\/universalblue.es\/placas\/-polaris-4005-placa-de-gas-inox-5-fuegos.html\" target=\"_blank\" rel=\"noopener\">POLARIS 4005<\/a>\u00a0<\/strong>cumplir\u00e1 todas tus expectativas, pues con sus<strong>\u00a05\u00a0zonas de cocci\u00f3n<\/strong>\u00a0te convertir\u00e1s en el mejor chef.<\/p>\n<p>\u00bfA\u00fan no conoces las<strong>\u00a0encimeras cristal gas\u00a0<\/strong>de Universal Blue?:<\/p>\n<ul>\n<li><strong><a href=\"https:\/\/universalblue.es\/placas\/maia-x-plus-placa-de-gas-cristal-inox.html\" target=\"_blank\" rel=\"noopener\">MAIA X-PLUS | Inox<\/a><\/strong><\/li>\n<li><strong><a href=\"https:\/\/universalblue.es\/placas\/maia-b-plus-placa-de-gas-cristal.html\" target=\"_blank\" rel=\"noopener\">MAIA BB-PLUS | Negro<\/a><\/strong><\/li>\n<li><strong><a href=\"https:\/\/universalblue.es\/placas\/maia-w-plus-placa-de-gas-cristal.html\" target=\"_blank\" rel=\"noopener\">MAIA BW-PLUS | Blanca<\/a><\/strong><\/li>\n<\/ul>\n<p>Entre las principales ventajas de las placas de gas destaca el\u00a0<strong>ahorro de consumo\u00a0y la posibilidad de utilizar todo tipo de sartenes, ollas, etc<\/strong>. Adem\u00e1s, incluye un\u00a0<strong>kit para adaptar a gas ciudad<\/strong>, pues viene instalada para gas butano (GLP), \u00a1transforma su combusti\u00f3n!<\/p>\n","protected":false},"featured_media":272052,"comment_status":"open","ping_status":"closed","template":"","meta":{"_et_pb_use_builder":"","_et_pb_old_content":"","_et_gb_content_width":""},"product_cat":[144],"product_tag":[],"class_list":{"0":"post-272054","1":"product","2":"type-product","3":"status-publish","4":"has-post-thumbnail","6":"product_cat-placas-de-cocina","7":"product_shipping_class-envio-48-horas","9":"first","10":"instock","11":"sale","12":"taxable","13":"shipping-taxable","14":"purchasable","15":"product-type-simple"},"_links":{"self":[{"href":"https:\/\/dabella.es\/index.php?rest_route=\/wp\/v2\/product\/272054","targetHints":{"allow":["GET"]}}],"collection":[{"href":"https:\/\/dabella.es\/index.php?rest_route=\/wp\/v2\/product"}],"about":[{"href":"https:\/\/dabella.es\/index.php?rest_route=\/wp\/v2\/types\/product"}],"replies":[{"embeddable":true,"href":"https:\/\/dabella.es\/index.php?rest_route=%2Fwp%2Fv2%2Fcomments&post=272054"}],"wp:featuredmedia":[{"embeddable":true,"href":"https:\/\/dabella.es\/index.php?rest_route=\/wp\/v2\/media\/272052"}],"wp:attachment":[{"href":"https:\/\/dabella.es\/index.php?rest_route=%2Fwp%2Fv2%2Fmedia&parent=272054"}],"wp:term":[{"taxonomy":"product_cat","embeddable":true,"href":"https:\/\/dabella.es\/index.php?rest_route=%2Fwp%2Fv2%2Fproduct_cat&post=272054"},{"taxonomy":"product_tag","embeddable":true,"href":"https:\/\/dabella.es\/index.php?rest_route=%2Fwp%2Fv2%2Fproduct_tag&post=272054"}],"curies":[{"name":"wp","href":"https:\/\/api.w.org\/{rel}","templated":true}]}}