{"id":272065,"date":"2023-11-24T10:42:26","date_gmt":"2023-11-24T10:42:26","guid":{"rendered":"https:\/\/dabella.es\/?post_type=product&#038;p=272065"},"modified":"2024-01-19T18:15:41","modified_gmt":"2024-01-19T18:15:41","slug":"freidora-sin-aceirte-2l","status":"publish","type":"product","link":"https:\/\/dabella.es\/?product=freidora-sin-aceirte-2l","title":{"rendered":"FREIDORA SIN ACEITE 2L"},"content":{"rendered":"<p>AIR CRISPY 5002B Freidora de Aire 2L Negra<\/p>\n<div id=\"product-description-short-462\" class=\"rte-content product-description\">\n<div>Freidora sin aceite de 2 L de capacidad, ideal para 1-2 personas. Sus 1000 W se encargar\u00e1n de ofrecer un \u00f3ptimo resultado, mientras que su temporizador y cesta extra\u00edble aportar\u00e1n comodidad.<\/div>\n<\/div>\n<div class=\"product-actions\">\n<form id=\"add-to-cart-or-refresh\" action=\"https:\/\/universalblue.es\/carrito\" method=\"post\">\n<div class=\"product-variants\"><\/div>\n<div class=\"product-add-to-cart pt-3\">\n<div class=\"row extra-small-gutters product-quantity \">\n<div class=\"col col-12 col-sm-auto col-add-qty\">\n<div class=\"qty \">\n<div class=\"input-group bootstrap-touchspin\"><\/div>\n<\/div>\n<\/div>\n<\/div>\n<\/div>\n<\/form>\n<\/div>\n","protected":false},"excerpt":{"rendered":"<p><strong>\u00a1Cocina de forma saludable todos tus alimentos!<\/strong>\u00a0Nuestras\u00a0<strong>freidoras de aire CRISPY<\/strong>, se convertir\u00e1n en\u00a0la mano derecha que necesitas en la cocina, permiti\u00e9ndote disfrutar de todo el sabor de tus alimentos mientras los cocinas sin una gota de aceite, adem\u00e1s, \u00a1quedar\u00e1n igual de crujientes y sabrosos que siempre!<\/p>\n<p><strong>AIR CRISPY 5002B<\/strong>\u00a0est\u00e1 equipada con\u00a0<strong>1000 W<\/strong>\u00a0y una\u00a0<strong>capacidad de\u00a02 litros<\/strong>, perfecta si sois 1-2 personas en casa. Su\u00a0<strong>termostato regulable<\/strong>\u00a0te permitir\u00e1 ajustar la temperatura y su\u00a0<strong>temporizador<\/strong>\u00a0de hasta 30 minutos, cocinar sin necesidad de estar pendiente.<\/p>\n<p>Cocina carnes, pescados, todo tipo de congelados sin aceite,&#8230; esas patatas fritas que tanto te gustan sin prescindir de\u00a0todo su sabor. Su\u00a0<strong>cesta con revestimiento antiadherente<\/strong>\u00a0(tefl\u00f3n) ser\u00e1 la encargada de que nada se quede pegado a ella, facilitando su limpieza, pues es\u00a0<strong>extra\u00edble y apta para lavavajillas<\/strong>.<\/p>\n<p>Gracias a su sencillo dise\u00f1o\u00a0con\u00a0<strong>cuerpo en color negro, detalles en gris metalizado y resistencias en acero inoxidable<\/strong>, quedar\u00e1 perfecta en\u00a0tu encimera\u00a0<strong>(patas antideslizantes<\/strong>\u00a0y\u00a0<strong>asa aislante<\/strong>)\u00a0mientras te permite\u00a0conseguir un\u00a0<strong>ahorro en de energ\u00eda\u00a0<\/strong>y un estilo de vida saludable. \u00a1Se acab\u00f3 encender el horno y tener que cocinar m\u00faltiples recetas!<strong><br \/>\n<\/strong><br \/>\nFreidora sin aceite equipada\u00a0con un\u00a0<strong>sistema de seguridad<\/strong>, para que en caso de sobrecalentamiento, se apague autom\u00e1ticamente,\u00a0<strong>microinterruptor<\/strong>\u00a0y un protector para el ventilador.\u00a0<strong><a href=\"https:\/\/universalblue.es\/blog\/cocina-saludable-con-tu-freidora-de-aire\/\" target=\"_blank\" rel=\"noopener\">Conoce\u00a0todas las ventajas de la freidora sin aceite<\/a><\/strong>\u00a0y disfruta de una dieta equilibrada.<\/p>\n<p><strong>\u00a0<\/strong><\/p>\n","protected":false},"featured_media":272066,"comment_status":"open","ping_status":"closed","template":"","meta":{"_et_pb_use_builder":"","_et_pb_old_content":"","_et_gb_content_width":""},"product_cat":[145],"product_tag":[148,146,147],"class_list":{"0":"post-272065","1":"product","2":"type-product","3":"status-publish","4":"has-post-thumbnail","6":"product_cat-freidoras-sin-aceite-air-fryer","7":"product_tag-air-fryer-2l","8":"product_tag-freidora-sin-aceite","9":"product_tag-freidora-sin-aceite-2-litros","10":"product_shipping_class-envio-48-horas","12":"first","13":"instock","14":"sale","15":"taxable","16":"shipping-taxable","17":"purchasable","18":"product-type-simple"},"_links":{"self":[{"href":"https:\/\/dabella.es\/index.php?rest_route=\/wp\/v2\/product\/272065","targetHints":{"allow":["GET"]}}],"collection":[{"href":"https:\/\/dabella.es\/index.php?rest_route=\/wp\/v2\/product"}],"about":[{"href":"https:\/\/dabella.es\/index.php?rest_route=\/wp\/v2\/types\/product"}],"replies":[{"embeddable":true,"href":"https:\/\/dabella.es\/index.php?rest_route=%2Fwp%2Fv2%2Fcomments&post=272065"}],"wp:featuredmedia":[{"embeddable":true,"href":"https:\/\/dabella.es\/index.php?rest_route=\/wp\/v2\/media\/272066"}],"wp:attachment":[{"href":"https:\/\/dabella.es\/index.php?rest_route=%2Fwp%2Fv2%2Fmedia&parent=272065"}],"wp:term":[{"taxonomy":"product_cat","embeddable":true,"href":"https:\/\/dabella.es\/index.php?rest_route=%2Fwp%2Fv2%2Fproduct_cat&post=272065"},{"taxonomy":"product_tag","embeddable":true,"href":"https:\/\/dabella.es\/index.php?rest_route=%2Fwp%2Fv2%2Fproduct_tag&post=272065"}],"curies":[{"name":"wp","href":"https:\/\/api.w.org\/{rel}","templated":true}]}}