{"id":272081,"date":"2023-11-24T11:22:15","date_gmt":"2023-11-24T11:22:15","guid":{"rendered":"https:\/\/dabella.es\/?post_type=product&#038;p=272081"},"modified":"2024-01-19T18:02:58","modified_gmt":"2024-01-19T18:02:58","slug":"freidora-sin-aceite-65-litros","status":"publish","type":"product","link":"https:\/\/dabella.es\/?product=freidora-sin-aceite-65-litros","title":{"rendered":"FREIDORA SIN ACEITE 6,5 LITROS"},"content":{"rendered":"<p>AIR CRISPY 6005B Freidora de Aire 6,5L Negra e Inox<\/p>\n<div id=\"product-description-short-527\" class=\"rte-content product-description\">\n<div>Freidora\u00a0de aire de\u00a06,5 L de capacidad, ideal para\u00a05-8 personas. Cocina saludable gracias a sus recetas preinstaladas y programa la cocci\u00f3n hasta 60 min. Control digital e incluye accesorios.<\/div>\n<\/div>\n<div class=\"product-actions\">\n<form id=\"add-to-cart-or-refresh\" action=\"https:\/\/universalblue.es\/carrito\" method=\"post\">\n<div class=\"product-variants\"><\/div>\n<div class=\"product-add-to-cart pt-3\">\n<div class=\"row extra-small-gutters product-quantity \">\n<div class=\"col col-12 col-sm-auto col-add-qty\">\n<div class=\"qty \">\n<div class=\"input-group bootstrap-touchspin\"><\/div>\n<\/div>\n<\/div>\n<\/div>\n<\/div>\n<\/form>\n<\/div>\n<p>&nbsp;<\/p>\n","protected":false},"excerpt":{"rendered":"<p><strong>\u00a1Cocina sin aceite!<\/strong>\u00a0Nuestras\u00a0<strong>freidoras de aire CRISPY<\/strong>, se convertir\u00e1n en\u00a0la mano derecha que necesitas en la cocina, permiti\u00e9ndote disfrutar de todo el sabor de tus alimentos mientras los cocinas sin una gota de aceite, adem\u00e1s, \u00a1quedar\u00e1n igual de crujientes y sabrosos que siempre!<\/p>\n<h2>Freidora\u00a0de aire con\u00a06,5 litros<\/h2>\n<p><b>AIR CRISPY 6006B<\/b>\u00a0est\u00e1 equipada con\u00a0<strong>1600 W<\/strong>\u00a0y una\u00a0<strong>capacidad de 6,5 litros<\/strong>, perfecta si sois\u00a05 o m\u00e1s personas en casa. Su\u00a0<strong>termostato regulable<\/strong>\u00a0permitir\u00e1 ajustar la temperatura y su\u00a0<strong>temporizador<\/strong>\u00a0de hasta 60 minutos, programar la cocci\u00f3n de tus recetas preferidas.<\/p>\n<p>Elige entre sus\u00a0<strong>recetas preinstaladas<\/strong>\u00a0(8)\u00a0y consigue un \u00f3ptimo\u00a0acabado en cada uno de tus alimentos. Su\u00a0<strong>control digital<\/strong>\u00a0te permitir\u00e1 hacer un f\u00e1cil uso mientras que su\u00a0<strong>cuerpo y mango con tacto fr\u00edo<\/strong>\u00a0evitar\u00e1n molestas quemaduras.<\/p>\n<p>Su\u00a0<strong>cesta<\/strong>\u00a0<strong>con<\/strong>\u00a0gran capacidad y\u00a0<strong>protecci\u00f3n antiadherente<\/strong>\u00a0ser\u00e1 la encargada de cocinar para toda la familia y conseguir que ning\u00fan alimento se quede pegado a ella, facilitando as\u00ed su limpieza.<\/p>\n<h2>Freidora de aire con\u00a0accesorios<\/h2>\n<p>Incluimos con su compra una bandeja de un di\u00e1metro de 20,3 cm, una paleta y un pincel,\u00a0<strong>\u00a1todo lo que necesitas para elaborar tus recetas!<\/strong><\/p>\n<p>Gracias a su dise\u00f1o\u00a0con\u00a0<strong>display<\/strong>\u00a0y\u00a0<strong>cuerpo en color negro e inox<\/strong>, aportar\u00e1 elegancia y distinci\u00f3n a tu cocina,\u00a0mientras te permite\u00a0conseguir un\u00a0<strong>ahorro en de energ\u00eda\u00a0<\/strong>y un estilo de vida saludable.<\/p>\n<p>Freidora sin aceite equipada\u00a0con un\u00a0<strong>sistema de seguridad<\/strong>, para que en caso de sobrecorriente o\u00a0 sobrecalentamiento, se apague autom\u00e1ticamente.\u00a0<strong><a href=\"https:\/\/universalblue.es\/blog\/cocina-saludable-con-tu-freidora-de-aire\/\" target=\"_blank\" rel=\"noopener\">Conoce\u00a0todas las ventajas de la freidora sin aceite<\/a><\/strong>\u00a0y disfruta de una dieta equilibrada.<\/p>\n<p>Dimensiones28,7 x 38,3 x 32,5 cm Peso4,6 kg Color Negro e Inox Tipo de Control Digital<\/p>\n<p>Peso embalaje 5,1 kg Dimensiones embalaje 32,3 x 40,6 x 36,5 cm<\/p>\n<p>Garant\u00eda 3 a\u00f1os<\/p>\n<p>&nbsp;<\/p>\n","protected":false},"featured_media":272083,"comment_status":"open","ping_status":"closed","template":"","meta":{"_et_pb_use_builder":"","_et_pb_old_content":"","_et_gb_content_width":""},"product_cat":[145],"product_tag":[150,146,152],"class_list":{"0":"post-272081","1":"product","2":"type-product","3":"status-publish","4":"has-post-thumbnail","6":"product_cat-freidoras-sin-aceite-air-fryer","7":"product_tag-5l","8":"product_tag-freidora-sin-aceite","9":"product_tag-freidora-sin-aceite-6","10":"product_shipping_class-envio-48-horas","12":"first","13":"instock","14":"sale","15":"taxable","16":"shipping-taxable","17":"purchasable","18":"product-type-simple"},"_links":{"self":[{"href":"https:\/\/dabella.es\/index.php?rest_route=\/wp\/v2\/product\/272081","targetHints":{"allow":["GET"]}}],"collection":[{"href":"https:\/\/dabella.es\/index.php?rest_route=\/wp\/v2\/product"}],"about":[{"href":"https:\/\/dabella.es\/index.php?rest_route=\/wp\/v2\/types\/product"}],"replies":[{"embeddable":true,"href":"https:\/\/dabella.es\/index.php?rest_route=%2Fwp%2Fv2%2Fcomments&post=272081"}],"wp:featuredmedia":[{"embeddable":true,"href":"https:\/\/dabella.es\/index.php?rest_route=\/wp\/v2\/media\/272083"}],"wp:attachment":[{"href":"https:\/\/dabella.es\/index.php?rest_route=%2Fwp%2Fv2%2Fmedia&parent=272081"}],"wp:term":[{"taxonomy":"product_cat","embeddable":true,"href":"https:\/\/dabella.es\/index.php?rest_route=%2Fwp%2Fv2%2Fproduct_cat&post=272081"},{"taxonomy":"product_tag","embeddable":true,"href":"https:\/\/dabella.es\/index.php?rest_route=%2Fwp%2Fv2%2Fproduct_tag&post=272081"}],"curies":[{"name":"wp","href":"https:\/\/api.w.org\/{rel}","templated":true}]}}