{"id":272108,"date":"2023-11-24T12:32:47","date_gmt":"2023-11-24T12:32:47","guid":{"rendered":"https:\/\/dabella.es\/?post_type=product&#038;p=272108"},"modified":"2024-08-09T14:43:23","modified_gmt":"2024-08-09T14:43:23","slug":"arcon-tensai-400-litros","status":"publish","type":"product","link":"https:\/\/dabella.es\/?product=arcon-tensai-400-litros","title":{"rendered":"ARC\u00d3N TENSAI 400 LITROS"},"content":{"rendered":"<p><strong>Comprar Arc\u00f3n congelador Tensai SIF460<\/strong>\u00a0de 86x140x66cm y 344 litros de capacidad con una efici\u00e9ncia energ\u00e9tica de clase A+.<\/p>\n<p>Gracias a su espesor de aislamiento de 70mm este\u00a0<strong>arc\u00f3n congelador<\/strong>\u00a0permite conservar tus alimentos frescos durante m\u00e1s tiempo.<\/p>\n<p>Ven a conocernos o simplemente ll\u00e1manos al tlf. 96 130 10 75 para poder responderte tus dudas acerca de este producto y nuestro equipo de Panelectr\u00f3nica te informar\u00e1 con mucho gusto.<\/p>\n<p>Podr\u00e1s meter muchos alimentos ya que este\u00a0<strong>congelador horizontal<\/strong>\u00a0tiene 140 cm de anchura.<\/p>\n","protected":false},"excerpt":{"rendered":"<p><strong>Detalles t\u00e9cnicos<\/strong><\/p>\n<ul class=\"listapersonalizada\">\n<li>Clase Energ\u00e9tica A+<\/li>\n<li>Consumo energ\u00e9tico 293 kWh\/a\u00f1o<\/li>\n<li>Volumen \u00fatil 344 litros<\/li>\n<li>N\u00ba de estrellas 4<\/li>\n<li>Per\u00edodo de subida de la temperatura 42h<\/li>\n<li>Capacidad de congelaci\u00f3n 20Kg\/24g<\/li>\n<li>Clase Clim\u00e1tica T<\/li>\n<li>Nivel de ruido 54dB (A) re 1pW<\/li>\n<li>Volumen bruto 347 litros<\/li>\n<li>Refrigerante R600<\/li>\n<li>Potencia 180W<\/li>\n<li>Voltaje y frecuencia 220-240\/50 V\/Hz<\/li>\n<li>Espesor de aislamiento 70mm<\/li>\n<li>Compartimento de congelaci\u00f3n r\u00e1pida<\/li>\n<li>Interruptor de congelaci\u00f3n r\u00e1pida<\/li>\n<li>Congelaci\u00f3n r\u00e1pida (amarillo)<\/li>\n<li>Encendido y apagado (verde)<\/li>\n<li>Alarma (rojo)<\/li>\n<\/ul>\n<p><strong>Caracter\u00edsticas<\/strong><\/p>\n<ul class=\"listapersonalizada\">\n<li>2 cestos<\/li>\n<li>Compartimento de congelaci\u00f3n r\u00e1pida<\/li>\n<li>Descogelaci\u00f3n manual<\/li>\n<li>Termostato ajustable<\/li>\n<li>Ruedas<\/li>\n<li>Desague frontal<\/li>\n<li>\n<ul class=\"listapersonalizada\">\n<li>Altura 86cm<\/li>\n<li>Ancho 140cm<\/li>\n<li>Profundidad 66cm<\/li>\n<\/ul>\n<p><strong>Dimensiones sin \/ con embalaje en cm<\/strong><\/p>\n<ul class=\"listapersonalizada\">\n<li>Altura 86 \/ 87cm<\/li>\n<li>Ancho 140 \/ 145cm<\/li>\n<li>Profundidad 66 \/ 70cm<\/li>\n<li>Peso neto-bruto 47 \/ 49 kg<\/li>\n<li>Capacidad 20`-40`: 32 \/ 66 unidades<\/li>\n<li>Capacidad 40`High Cube: 75 unidades<\/li>\n<li>Capacidad Mega Truck: 84 unidades<\/li>\n<\/ul>\n<\/li>\n<\/ul>\n","protected":false},"featured_media":272109,"comment_status":"open","ping_status":"closed","template":"","meta":{"_et_pb_use_builder":"","_et_pb_old_content":"","_et_gb_content_width":""},"product_cat":[104,34],"product_tag":[103],"class_list":{"0":"post-272108","1":"product","2":"type-product","3":"status-publish","4":"has-post-thumbnail","6":"product_cat-arcones-congeladores","7":"product_cat-gran-electrodomestico","8":"product_tag-arcon","9":"product_shipping_class-blanca-galicia","11":"first","12":"outofstock","13":"sale","14":"taxable","15":"shipping-taxable","16":"purchasable","17":"product-type-simple"},"_links":{"self":[{"href":"https:\/\/dabella.es\/index.php?rest_route=\/wp\/v2\/product\/272108","targetHints":{"allow":["GET"]}}],"collection":[{"href":"https:\/\/dabella.es\/index.php?rest_route=\/wp\/v2\/product"}],"about":[{"href":"https:\/\/dabella.es\/index.php?rest_route=\/wp\/v2\/types\/product"}],"replies":[{"embeddable":true,"href":"https:\/\/dabella.es\/index.php?rest_route=%2Fwp%2Fv2%2Fcomments&post=272108"}],"wp:featuredmedia":[{"embeddable":true,"href":"https:\/\/dabella.es\/index.php?rest_route=\/wp\/v2\/media\/272109"}],"wp:attachment":[{"href":"https:\/\/dabella.es\/index.php?rest_route=%2Fwp%2Fv2%2Fmedia&parent=272108"}],"wp:term":[{"taxonomy":"product_cat","embeddable":true,"href":"https:\/\/dabella.es\/index.php?rest_route=%2Fwp%2Fv2%2Fproduct_cat&post=272108"},{"taxonomy":"product_tag","embeddable":true,"href":"https:\/\/dabella.es\/index.php?rest_route=%2Fwp%2Fv2%2Fproduct_tag&post=272108"}],"curies":[{"name":"wp","href":"https:\/\/api.w.org\/{rel}","templated":true}]}}