{"id":272112,"date":"2023-11-24T12:50:51","date_gmt":"2023-11-24T12:50:51","guid":{"rendered":"https:\/\/dabella.es\/?post_type=product&#038;p=272112"},"modified":"2023-12-05T18:17:46","modified_gmt":"2023-12-05T18:17:46","slug":"lavadora-edesa-7kg-1200","status":"publish","type":"product","link":"https:\/\/dabella.es\/?product=lavadora-edesa-7kg-1200","title":{"rendered":"LAVADORA EDESA 7KG 1200"},"content":{"rendered":"<h1 class=\"h1\">Lavadora Edesa EWF-7200 WH, E<\/h1>\n<p>Lavadora de carga frontal, clasificaci\u00f3n (NEL) D, 7 Kg,1400 rpm<br \/>\nPantalla con tecnolog\u00eda LED. 23 programas.<br \/>\nProgramaci\u00f3n diferida hasta 24 h. Programas especiales.<\/p>\n","protected":false},"excerpt":{"rendered":"<p>Lavadora de carga frontal<br \/>\nCapacidad de 1 a 7 kilos<br \/>\nVelocidad m\u00e1xima de centrifugado 1400 rpm<br \/>\nClasificaci\u00f3n energ\u00e9tica D<br \/>\nBloqueo seguridad ni\u00f1os y bloqueo de puerta durante el funcionamiento<br \/>\n23 programas de lavado<br \/>\nSelector de velocidad de centrifugado en mando de programaci\u00f3n<br \/>\nPantalla de tecnolog\u00eda LED con informaci\u00f3n de: programaci\u00f3n diferida hasta 24 horas, duraci\u00f3n y tiempo restante de programa<br \/>\nProgramas especiales: r\u00e1pidos 15, 30 y 45 min., mixtos, y delicados<br \/>\nOpciones: programaci\u00f3n diferida hasta 24 horas y aclarado extra<\/p>\n","protected":false},"featured_media":272113,"comment_status":"open","ping_status":"closed","template":"","meta":{"_et_pb_use_builder":"","_et_pb_old_content":"","_et_gb_content_width":""},"product_cat":[34,47],"product_tag":[60,61],"class_list":{"0":"post-272112","1":"product","2":"type-product","3":"status-publish","4":"has-post-thumbnail","6":"product_cat-gran-electrodomestico","7":"product_cat-lavadoras","8":"product_tag-lavadora","9":"product_tag-lavadora-7kg","10":"product_shipping_class-blanca-galicia","12":"first","13":"instock","14":"sale","15":"taxable","16":"shipping-taxable","17":"purchasable","18":"product-type-simple"},"_links":{"self":[{"href":"https:\/\/dabella.es\/index.php?rest_route=\/wp\/v2\/product\/272112","targetHints":{"allow":["GET"]}}],"collection":[{"href":"https:\/\/dabella.es\/index.php?rest_route=\/wp\/v2\/product"}],"about":[{"href":"https:\/\/dabella.es\/index.php?rest_route=\/wp\/v2\/types\/product"}],"replies":[{"embeddable":true,"href":"https:\/\/dabella.es\/index.php?rest_route=%2Fwp%2Fv2%2Fcomments&post=272112"}],"wp:featuredmedia":[{"embeddable":true,"href":"https:\/\/dabella.es\/index.php?rest_route=\/wp\/v2\/media\/272113"}],"wp:attachment":[{"href":"https:\/\/dabella.es\/index.php?rest_route=%2Fwp%2Fv2%2Fmedia&parent=272112"}],"wp:term":[{"taxonomy":"product_cat","embeddable":true,"href":"https:\/\/dabella.es\/index.php?rest_route=%2Fwp%2Fv2%2Fproduct_cat&post=272112"},{"taxonomy":"product_tag","embeddable":true,"href":"https:\/\/dabella.es\/index.php?rest_route=%2Fwp%2Fv2%2Fproduct_tag&post=272112"}],"curies":[{"name":"wp","href":"https:\/\/api.w.org\/{rel}","templated":true}]}}